{"id":3788,"date":"2017-06-05T11:27:59","date_gmt":"2017-06-05T09:27:59","guid":{"rendered":"https:\/\/www.altamareabeachvillage.it\/animazione\/"},"modified":"2026-03-26T18:01:27","modified_gmt":"2026-03-26T17:01:27","slug":"animazione","status":"publish","type":"page","link":"https:\/\/www.altamareabeachvillage.it\/de\/animazione\/","title":{"rendered":"Animation"},"content":{"rendered":"<div class=\"wpb-content-wrapper\"><p>[vc_row][vc_column][vc_column_text css=&#8220;&#8220; el_class=&#8220;margin-bottom-50&#8243;]<\/p>\n<h5 style=\"text-align: center;\">Altamarea Beach Village, der Strand mit der besten Animation!<\/h5>\n<p>Viele Animatoren am Strand f\u00fcr einen unterhaltsamen Urlaub am Lido von Cattolica. Aquagymnastik, Aerobic, Gruppent\u00e4nze, Sportturniere, Mini-Club, Junior-Club, Spiele und Workshops sowie Abendveranstaltungen bereichern den Urlaub der Jugendlichen, die am Altamarea zahlreich vertreten sind, der M\u00fctter und V\u00e4ter und vor allem aller Kinder.<\/p>\n<p><img loading=\"lazy\" decoding=\"async\" class=\"aligncenter\" src=\"https:\/\/legacy.altamareabeachvillage.it\/images\/FOTOANIMAZIONE_012.png\" alt=\"\" width=\"632\" height=\"581\" \/><\/p>\n<h2 style=\"text-align: left;\">Programm des Sommers 2025<br \/>\nBleiben Sie bei uns! Das Programm des Sommers 2026 kommt sehr bald!<\/h2>\n<h3>Tagesprogramm<\/h3>\n<p><img loading=\"lazy\" decoding=\"async\" class=\"aligncenter\" src=\"https:\/\/legacy.altamareabeachvillage.it\/images\/WhatsApp_Image_2025-06-05_%C3%A0_14.04_.18_56c5ec4c_1.jpg\" alt=\"\" width=\"582\" height=\"823\" \/><\/p>\n<p>&nbsp;<\/p>\n<h3>Nachtprogramm<\/h3>\n<p><img loading=\"lazy\" decoding=\"async\" class=\"aligncenter\" src=\"https:\/\/legacy.altamareabeachvillage.it\/images\/WhatsApp_Image_2025-06-05_%C3%A0_14.04_.18_0d17f9d3_1.jpg\" alt=\"\" width=\"585\" height=\"827\" \/><\/p>\n<p>&nbsp;<\/p>\n<h3>Fitnessprogramm<\/h3>\n<p><img loading=\"lazy\" decoding=\"async\" class=\"aligncenter\" src=\"https:\/\/legacy.altamareabeachvillage.it\/images\/WhatsApp_Image_2025-06-05_%C3%A0_14.04_.18_f434e9bc_1.jpg\" alt=\"\" width=\"600\" height=\"848\" \/><\/p>\n<p>&nbsp;<\/p>\n<h3 class=\"font-claude-response-body break-words whitespace-normal leading-[1.7]\" style=\"text-align: center;\"><strong>KREATIV-WORKSHOPS<\/strong><\/h3>\n<p class=\"font-claude-response-body break-words whitespace-normal leading-[1.7]\"><a href=\"https:\/\/www.instagram.com\/reel\/DOLspYwCoIb\/?igsh=dmk5aTJhempxcXdo\">Der Workshop f\u00fcr Kinder im Altamarea Beach Village<\/a> ist eine wahre Ideenschmiede, in der man auf einfache und spielerische Weise kreativ wird \u2014 dank Daniela Franceschelli. An einem Strand, an dem alles recycelt und neu gestaltet wird, verwandelt sich sogar ein einfaches St\u00fcck Karton in ein h\u00fcbsches Souvenir, das als Erinnerung an den Urlaub im Kinderzimmer aufgeh\u00e4ngt werden kann.<\/p>\n<blockquote>\n<p class=\"font-claude-response-body break-words whitespace-normal leading-[1.7]\">Im Altamarea Beach Village wird es einem nie langweilig!<\/p>\n<\/blockquote>\n<p class=\"font-claude-response-body break-words whitespace-normal leading-[1.7]\">Jeden Tag warten zahlreiche neue und unterhaltsame Aktivit\u00e4ten auf euch, begleitet von einer Gruppe einfallsreicher, sympathischer, sportlicher und qualifizierter Animatoren, die eure Tage am Strand und eure Abende, f\u00fcr euch und eure Kinder, unvergesslich machen werden!<\/p>\n<div data-test-render-count=\"1\">\n<div class=\"group\">\n<div class=\"contents\">\n<div class=\"group relative relative pb-3\" data-is-streaming=\"false\">\n<div class=\"font-claude-response relative leading-[1.65rem] [&amp;_pre&gt;div]:bg-bg-000\/50 [&amp;_pre&gt;div]:border-0.5 [&amp;_pre&gt;div]:border-border-400 [&amp;_.ignore-pre-bg&gt;div]:bg-transparent [&amp;_.standard-markdown_:is(p,blockquote,h1,h2,h3,h4,h5,h6)]:pl-2 [&amp;_.standard-markdown_:is(p,blockquote,ul,ol,h1,h2,h3,h4,h5,h6)]:pr-8 [&amp;_.progressive-markdown_:is(p,blockquote,h1,h2,h3,h4,h5,h6)]:pl-2 [&amp;_.progressive-markdown_:is(p,blockquote,ul,ol,h1,h2,h3,h4,h5,h6)]:pr-8\">\n<div>\n<div class=\"standard-markdown grid-cols-1 grid [&amp;_&gt;_*]:min-w-0 gap-3 standard-markdown\">\n<p class=\"font-claude-response-body break-words whitespace-normal leading-[1.7]\">Das vielf\u00e4ltige und professionelle Animationsprogramm, das alle Tages- und Abendstunden abdeckt, ist das Aush\u00e4ngeschild des Altamarea.<\/p>\n<\/div>\n<\/div>\n<\/div>\n<\/div>\n<\/div>\n<div class=\"flex justify-start\" role=\"group\" aria-label=\"Message actions\">\n<div class=\"text-text-300\">\n<div class=\"text-text-300 flex items-stretch justify-between\">\n<div class=\"w-fit\" data-state=\"closed\">\n<div class=\"relative text-text-500 group-hover\/btn:text-text-100\">\n<div class=\"absolute top-0 left-0 transition-all opacity-0 scale-50\"><\/div>\n<\/div>\n<\/div>\n<\/div>\n<\/div>\n<\/div>\n<\/div>\n<\/div>\n<p data-start=\"2974\" data-end=\"3327\"><img loading=\"lazy\" decoding=\"async\" class=\"aligncenter\" src=\"https:\/\/legacy.altamareabeachvillage.it\/images\/Captureregzgz2.PNG\" alt=\"\" width=\"291\" height=\"378\" \/><\/p>\n<p class=\"font-claude-response-body break-words whitespace-normal leading-[1.7]\">Die Kinder werden von Daniela bei kreativen Aktivit\u00e4ten begleitet, wie zum Beispiel der Herstellung von Spielzeug aus Recyclingmaterialien (Papier, Karton, Plastikflaschen, Holzst\u00e4bchen, Muscheln und vieles mehr).<\/p>\n<p><img loading=\"lazy\" decoding=\"async\" class=\"wp-image-6181 alignleft\" src=\"https:\/\/www.altamareabeachvillage.it\/wp-content\/uploads\/2026\/03\/IMG_5105-181x300.jpg\" alt=\"\" width=\"207\" height=\"343\" srcset=\"https:\/\/www.altamareabeachvillage.it\/wp-content\/uploads\/2026\/03\/IMG_5105-181x300.jpg 181w, https:\/\/www.altamareabeachvillage.it\/wp-content\/uploads\/2026\/03\/IMG_5105-617x1024.jpg 617w, https:\/\/www.altamareabeachvillage.it\/wp-content\/uploads\/2026\/03\/IMG_5105.jpg 638w\" sizes=\"auto, (max-width: 207px) 100vw, 207px\" \/><\/p>\n<p data-start=\"3762\" data-end=\"4094\"><img loading=\"lazy\" decoding=\"async\" class=\"alignleft\" src=\"https:\/\/legacy.altamareabeachvillage.it\/images\/WhatsApp_Image_2025-06-20_%C3%A0_12.48_.34_484f7601_(1)_2.jpg\" alt=\"\" width=\"225\" height=\"338\" \/><\/p>\n<p>&nbsp;<\/p>\n<p>&nbsp;<\/p>\n<p>&nbsp;<\/p>\n<p>&nbsp;<\/p>\n<p>&nbsp;<\/p>\n<p>&nbsp;<\/p>\n<p>&nbsp;<\/p>\n<p>&nbsp;<\/p>\n<p class=\"font-claude-response-body break-words whitespace-normal leading-[1.7]\">Zauberhafte Figuren erwachen zum Leben: Feen, Prinzen, Kobolde, K\u00fcken und musikalische Schildkr\u00f6ten, und mitrei\u00dfende animierte M\u00e4rchen werden auf die B\u00fchne gebracht.<\/p>\n<p class=\"font-claude-response-body break-words whitespace-normal leading-[1.7]\">Jede Woche wird ein neues Thema vorgeschlagen: Magie, Seifenblasen, Malerei, Verkleidungen\u2026 und die Hauptdarsteller sind dabei immer die kleinen G\u00e4ste.<\/p>\n<p>[\/vc_column_text][\/vc_column][\/vc_row]<\/p>\n<\/div>","protected":false},"excerpt":{"rendered":"<p>[vc_row][vc_column][vc_column_text css=&#8220;&#8220; el_class=&#8220;margin-bottom-50&#8243;] Altamarea Beach Village, der Strand mit der besten Animation! Viele Animatoren am Strand f\u00fcr einen unterhaltsamen Urlaub am Lido von Cattolica. Aquagymnastik, Aerobic, Gruppent\u00e4nze, Sportturniere, Mini-Club, Junior-Club, Spiele und Workshops sowie Abendveranstaltungen bereichern den Urlaub der Jugendlichen, die am Altamarea zahlreich vertreten sind, der M\u00fctter und V\u00e4ter und vor allem aller Kinder. [&hellip;]<\/p>\n","protected":false},"author":3,"featured_media":5075,"parent":0,"menu_order":1,"comment_status":"closed","ping_status":"closed","template":"","meta":{"powered_cache_disable_cache":false,"footnotes":""},"class_list":["post-3788","page","type-page","status-publish","has-post-thumbnail","hentry"],"_links":{"self":[{"href":"https:\/\/www.altamareabeachvillage.it\/de\/wp-json\/wp\/v2\/pages\/3788","targetHints":{"allow":["GET"]}}],"collection":[{"href":"https:\/\/www.altamareabeachvillage.it\/de\/wp-json\/wp\/v2\/pages"}],"about":[{"href":"https:\/\/www.altamareabeachvillage.it\/de\/wp-json\/wp\/v2\/types\/page"}],"author":[{"embeddable":true,"href":"https:\/\/www.altamareabeachvillage.it\/de\/wp-json\/wp\/v2\/users\/3"}],"replies":[{"embeddable":true,"href":"https:\/\/www.altamareabeachvillage.it\/de\/wp-json\/wp\/v2\/comments?post=3788"}],"version-history":[{"count":16,"href":"https:\/\/www.altamareabeachvillage.it\/de\/wp-json\/wp\/v2\/pages\/3788\/revisions"}],"predecessor-version":[{"id":6643,"href":"https:\/\/www.altamareabeachvillage.it\/de\/wp-json\/wp\/v2\/pages\/3788\/revisions\/6643"}],"wp:featuredmedia":[{"embeddable":true,"href":"https:\/\/www.altamareabeachvillage.it\/de\/wp-json\/wp\/v2\/media\/5075"}],"wp:attachment":[{"href":"https:\/\/www.altamareabeachvillage.it\/de\/wp-json\/wp\/v2\/media?parent=3788"}],"curies":[{"name":"wp","href":"https:\/\/api.w.org\/{rel}","templated":true}]}}