{"id":3802,"date":"2017-06-05T11:39:40","date_gmt":"2017-06-05T09:39:40","guid":{"rendered":"https:\/\/www.altamareabeachvillage.it\/bau-beach\/"},"modified":"2026-03-26T18:14:09","modified_gmt":"2026-03-26T17:14:09","slug":"bau-beach","status":"publish","type":"page","link":"https:\/\/www.altamareabeachvillage.it\/de\/bau-beach\/","title":{"rendered":"Bau Beach"},"content":{"rendered":"<div class=\"wpb-content-wrapper\"><p>[vc_row el_class=&#8220;margin-bottom-50&#8243;][vc_column][vc_column_text css=&#8220;&#8220;]<\/p>\n<p data-start=\"62\" data-end=\"209\"><img loading=\"lazy\" decoding=\"async\" class=\"aligncenter\" src=\"https:\/\/legacy.altamareabeachvillage.it\/images\/bau_beach_logo_web3.jpg\" alt=\"\" width=\"984\" height=\"570\" \/><\/p>\n<p data-start=\"211\" data-end=\"222\"><strong data-start=\"211\" data-end=\"222\">**NEUHEIT 2025** :\u00a0Ein Garten in der N\u00e4he von Altamarea, in dem Hunde frei sein k\u00f6nnen!<\/strong><\/p>\n<h1 style=\"text-align: center;\" data-start=\"224\" data-end=\"590\"><strong data-start=\"147\" data-end=\"164\">Die Bau Beach<\/strong>: wo dein Hund ins Wasser springen darf, und du dich endlich entspannen kannst.<\/h1>\n<p data-start=\"224\" data-end=\"590\"><br data-start=\"244\" data-end=\"247\" \/>Willkommen am\u00a0<strong data-start=\"261\" data-end=\"296\">einzigen Bau Beach in Cattolica<\/strong>, an dem Hunde offiziell im Meer baden d\u00fcrfen. Ja, du hast richtig gelesen:\u00a0<strong data-start=\"372\" data-end=\"400\">offizielle Badeerlaubnis<\/strong>! Denn hier sind Hunde nicht nur \u201egeduldet\u201c, sondern\u00a0<strong data-start=\"453\" data-end=\"472\">besondere G\u00e4ste<\/strong>.<\/p>\n<blockquote>\n<p data-start=\"224\" data-end=\"590\">Badezeiten: morgens von 6:00 bis 7:30 Uhr und abends von 20:00 bis 21:30 Uhr.<\/p>\n<\/blockquote>\n<p data-start=\"557\" data-end=\"762\">Hast du schon einmal deinen Hund gl\u00fccklich unter dem Sonnenschirm wedeln sehen, mit Sand auf der Nase? An der\u00a0<strong data-start=\"667\" data-end=\"694\">Bau Beach von Altamarea<\/strong>\u00a0passiert das jeden Tag \u2013 mit\u00a0<strong data-start=\"724\" data-end=\"761\">Liebe, Aufmerksamkeit und Respekt<\/strong>.<\/p>\n<p data-start=\"557\" data-end=\"762\"><img loading=\"lazy\" decoding=\"async\" class=\"\" src=\"https:\/\/symbl-cdn.com\/i\/webp\/be\/f154b24d3532e67d8d943112e5b931.webp\" alt=\"\ud83d\udc15 - Cane Significato dell'emoji, copia e incolla\" width=\"25\" height=\"25\" data-cmp-ab=\"2\" data-cmp-info=\"10\" \/>\u00a0 Wir haben Holzgehege rund um gr\u00f6\u00dfere Sonnenschirme errichtet, in denen sich der Hund frei bewegen kann. Der Aufpreis betr\u00e4gt 10,00 \u20ac pro Tag. Um eine Box zu reservieren, rufen Sie bitte die Nr. 0541.967506 an.<\/p>\n<p data-start=\"764\" data-end=\"1206\">\u00a0<img loading=\"lazy\" decoding=\"async\" src=\"https:\/\/images.emojiterra.com\/google\/noto-emoji\/unicode-16.0\/color\/svg\/1f30a.svg\" alt=\"Google (Noto Color Emoji 16.0)\" width=\"19\" height=\"19\" \/>\u00a0 Badeerlaubnis (ja, wirklich!) von 6:00\u20137:30 Uhr und 20:00\u201321:30 Uhr<\/p>\n<p data-start=\"764\" data-end=\"1206\">\u00a0<img loading=\"lazy\" decoding=\"async\" src=\"https:\/\/images.emojiterra.com\/google\/noto-emoji\/unicode-16.0\/color\/svg\/1f43e.svg\" alt=\"Google (Noto Color Emoji 16.0)\" width=\"22\" height=\"22\" \/>\u00a0 Exklusiver Bereich mit N\u00e4pfen, Duschen, Sonnenschirm und Liegen f\u00fcr mehr Freiheit<\/p>\n<p data-start=\"764\" data-end=\"1206\">\u00a0<img loading=\"lazy\" decoding=\"async\" src=\"https:\/\/images.emojiterra.com\/google\/noto-emoji\/unicode-16.0\/color\/svg\/1f4a7.svg\" alt=\"Google (Noto Color Emoji 16.0)\" width=\"23\" height=\"23\" \/>\u00a0St\u00e4ndig verf\u00fcgbare Wasserstellen<\/p>\n<p data-start=\"764\" data-end=\"1206\">\u00a0<img loading=\"lazy\" decoding=\"async\" src=\"https:\/\/images.emojiterra.com\/google\/noto-emoji\/unicode-16.0\/color\/svg\/1f381.svg\" alt=\"Google (Noto Color Emoji 16.0)\" width=\"25\" height=\"25\" \/>\u00a0Willkommenspaket f\u00fcr jeden vierbeinigen Freund<\/p>\n<p data-start=\"764\" data-end=\"1206\">\u00a0<img loading=\"lazy\" decoding=\"async\" src=\"https:\/\/images.emojiterra.com\/google\/noto-emoji\/unicode-16.0\/color\/svg\/1f389.svg\" alt=\"Google (Noto Color Emoji 16.0)\" width=\"27\" height=\"27\" \/>\u00a0Themenveranstaltungen und Aktivit\u00e4ten mit Hundetrainern und auf Anfrage mit Dog-Sittern<\/p>\n<p data-start=\"764\" data-end=\"1206\"><img loading=\"lazy\" decoding=\"async\" src=\"https:\/\/images.emojiterra.com\/google\/noto-emoji\/unicode-16.0\/color\/svg\/1f9d8-2640.svg\" alt=\"Google (Noto Color Emoji 16.0)\" width=\"24\" height=\"24\" \/>\u00a0 Entspannung f\u00fcr dich, Sicherheit und Spa\u00df f\u00fcr ihn<\/p>\n<p data-start=\"764\" data-end=\"1206\">\u00a0<img loading=\"lazy\" decoding=\"async\" src=\"https:\/\/images.emojiterra.com\/google\/noto-emoji\/unicode-16.0\/color\/svg\/267f.svg\" alt=\"Google (Noto Color Emoji 16.0)\" width=\"26\" height=\"26\" \/>\u00a0Barrierefrei f\u00fcr Menschen mit Behinderung<\/p>\n<p data-start=\"1208\" data-end=\"1357\">Ob du mit deinem Schatz, der ganzen Familie oder deinem vierbeinigen Abenteuerbegleiter im Urlaub bist\u2026 Bei uns wartet ein besonderer Ort auf euch.<\/p>\n<p data-start=\"224\" data-end=\"590\"><img loading=\"lazy\" decoding=\"async\" class=\"alignnone wp-image-6147\" src=\"https:\/\/www.altamareabeachvillage.it\/wp-content\/uploads\/2026\/03\/IMG_8736-300x208.jpg\" alt=\"\" width=\"374\" height=\"259\" srcset=\"https:\/\/www.altamareabeachvillage.it\/wp-content\/uploads\/2026\/03\/IMG_8736-300x208.jpg 300w, https:\/\/www.altamareabeachvillage.it\/wp-content\/uploads\/2026\/03\/IMG_8736-1024x711.jpg 1024w, https:\/\/www.altamareabeachvillage.it\/wp-content\/uploads\/2026\/03\/IMG_8736-768x534.jpg 768w, https:\/\/www.altamareabeachvillage.it\/wp-content\/uploads\/2026\/03\/IMG_8736-1536x1067.jpg 1536w, https:\/\/www.altamareabeachvillage.it\/wp-content\/uploads\/2026\/03\/IMG_8736-2048x1423.jpg 2048w\" sizes=\"auto, (max-width: 374px) 100vw, 374px\" \/><img loading=\"lazy\" decoding=\"async\" class=\"alignnone wp-image-6151\" src=\"https:\/\/www.altamareabeachvillage.it\/wp-content\/uploads\/2026\/03\/IMG_7743-300x297.jpg\" alt=\"\" width=\"283\" height=\"280\" srcset=\"https:\/\/www.altamareabeachvillage.it\/wp-content\/uploads\/2026\/03\/IMG_7743-300x297.jpg 300w, https:\/\/www.altamareabeachvillage.it\/wp-content\/uploads\/2026\/03\/IMG_7743-1024x1012.jpg 1024w, https:\/\/www.altamareabeachvillage.it\/wp-content\/uploads\/2026\/03\/IMG_7743-768x759.jpg 768w, https:\/\/www.altamareabeachvillage.it\/wp-content\/uploads\/2026\/03\/IMG_7743-1536x1519.jpg 1536w, https:\/\/www.altamareabeachvillage.it\/wp-content\/uploads\/2026\/03\/IMG_7743-2048x2025.jpg 2048w\" sizes=\"auto, (max-width: 283px) 100vw, 283px\" \/><\/p>\n<p style=\"text-align: center;\" data-start=\"224\" data-end=\"590\"><strong>Reserviere <a href=\"https:\/\/www.altamareabeachvillage.it\/de\/calcola-il-tuo-preventivo\/\">JETZT<\/a> deinen Sonnenschirm an unserem Bau Beach und schenke dir einen unvergesslichen Sommer.<\/strong><\/p>\n<p data-start=\"224\" data-end=\"590\"><img loading=\"lazy\" decoding=\"async\" class=\"alignnone size-medium wp-image-6155\" src=\"https:\/\/www.altamareabeachvillage.it\/wp-content\/uploads\/2026\/03\/IMG_8298-285x300.jpg\" alt=\"\" width=\"285\" height=\"300\" srcset=\"https:\/\/www.altamareabeachvillage.it\/wp-content\/uploads\/2026\/03\/IMG_8298-285x300.jpg 285w, https:\/\/www.altamareabeachvillage.it\/wp-content\/uploads\/2026\/03\/IMG_8298-973x1024.jpg 973w, https:\/\/www.altamareabeachvillage.it\/wp-content\/uploads\/2026\/03\/IMG_8298-768x808.jpg 768w, https:\/\/www.altamareabeachvillage.it\/wp-content\/uploads\/2026\/03\/IMG_8298-1459x1536.jpg 1459w, https:\/\/www.altamareabeachvillage.it\/wp-content\/uploads\/2026\/03\/IMG_8298-1946x2048.jpg 1946w\" sizes=\"auto, (max-width: 285px) 100vw, 285px\" \/><img loading=\"lazy\" decoding=\"async\" class=\"alignnone size-medium wp-image-6159\" src=\"https:\/\/www.altamareabeachvillage.it\/wp-content\/uploads\/2026\/03\/IMG_8621-284x300.jpg\" alt=\"\" width=\"284\" height=\"300\" srcset=\"https:\/\/www.altamareabeachvillage.it\/wp-content\/uploads\/2026\/03\/IMG_8621-284x300.jpg 284w, https:\/\/www.altamareabeachvillage.it\/wp-content\/uploads\/2026\/03\/IMG_8621-969x1024.jpg 969w, https:\/\/www.altamareabeachvillage.it\/wp-content\/uploads\/2026\/03\/IMG_8621-768x812.jpg 768w, https:\/\/www.altamareabeachvillage.it\/wp-content\/uploads\/2026\/03\/IMG_8621-1453x1536.jpg 1453w, https:\/\/www.altamareabeachvillage.it\/wp-content\/uploads\/2026\/03\/IMG_8621-1938x2048.jpg 1938w\" sizes=\"auto, (max-width: 284px) 100vw, 284px\" \/><\/p>\n<p data-start=\"224\" data-end=\"590\">Dieses tierfreundliche Projekt wird auch vom Hundeausbildungszentrum <strong>\u201eIo mi fido di te&#8220;<\/strong> begleitet. Die Trainer des Zentrums kommen jeden Freitag im Sommer, um \u00fcber Hundehaltung, Erziehung, Zusammenleben und viele weitere interessante Themen zu sprechen.<\/p>\n<p data-start=\"224\" data-end=\"590\"><img loading=\"lazy\" decoding=\"async\" class=\"alignnone wp-image-6225\" src=\"https:\/\/www.altamareabeachvillage.it\/wp-content\/uploads\/2026\/03\/cropped-logo-copy-1547x2048-1-227x300.png\" alt=\"\" width=\"169\" height=\"223\" srcset=\"https:\/\/www.altamareabeachvillage.it\/wp-content\/uploads\/2026\/03\/cropped-logo-copy-1547x2048-1-227x300.png 227w, https:\/\/www.altamareabeachvillage.it\/wp-content\/uploads\/2026\/03\/cropped-logo-copy-1547x2048-1-774x1024.png 774w, https:\/\/www.altamareabeachvillage.it\/wp-content\/uploads\/2026\/03\/cropped-logo-copy-1547x2048-1-768x1017.png 768w, https:\/\/www.altamareabeachvillage.it\/wp-content\/uploads\/2026\/03\/cropped-logo-copy-1547x2048-1-1160x1536.png 1160w, https:\/\/www.altamareabeachvillage.it\/wp-content\/uploads\/2026\/03\/cropped-logo-copy-1547x2048-1.png 1547w\" sizes=\"auto, (max-width: 169px) 100vw, 169px\" \/><\/p>\n<p class=\"font-claude-response-body break-words whitespace-normal leading-[1.7]\">Sie bieten Hundetraining, Kurse und einen Hundepool an.<\/p>\n<p class=\"font-claude-response-body break-words whitespace-normal leading-[1.7]\"><img loading=\"lazy\" decoding=\"async\" class=\"wp-image-5452 aligncenter\" src=\"https:\/\/www.altamareabeachvillage.it\/wp-content\/uploads\/2025\/08\/IMG_7123-300x225.jpg\" alt=\"\" width=\"396\" height=\"297\" srcset=\"https:\/\/www.altamareabeachvillage.it\/wp-content\/uploads\/2025\/08\/IMG_7123-300x225.jpg 300w, https:\/\/www.altamareabeachvillage.it\/wp-content\/uploads\/2025\/08\/IMG_7123-1024x768.jpg 1024w, https:\/\/www.altamareabeachvillage.it\/wp-content\/uploads\/2025\/08\/IMG_7123-768x576.jpg 768w, https:\/\/www.altamareabeachvillage.it\/wp-content\/uploads\/2025\/08\/IMG_7123-1536x1152.jpg 1536w, https:\/\/www.altamareabeachvillage.it\/wp-content\/uploads\/2025\/08\/IMG_7123-2048x1536.jpg 2048w\" sizes=\"auto, (max-width: 396px) 100vw, 396px\" \/><\/p>\n<p class=\"font-claude-response-body break-words whitespace-normal leading-[1.7]\">Kontakt: Via Toscanini, 11, Cattolica (RN), 379-1862435, <a class=\"underline underline underline-offset-2 decoration-1 decoration-current\/40 hover:decoration-current focus:decoration-current\" href=\"mailto:info@iomifidoditecinofilia.com\">info@iomifidoditecinofilia.com<\/a><\/p>\n<p>Gem\u00e4\u00df der Gesundheitsverordnung des Veterin\u00e4ren \u00d6ffentlichen Gesundheitsamts der Emilia-Romagna ist der Zutritt nur f\u00fcr ungef\u00e4hrliche Hunde gestattet, die die Ruhe der anderen G\u00e4ste nicht st\u00f6ren.<\/p>\n<p class=\"font-claude-response-body break-words whitespace-normal leading-[1.7]\">F\u00fcr unsere vierbeinigen G\u00e4ste stehen zur Verf\u00fcgung: eine Dusche zum Abk\u00fchlen w\u00e4hrend des Tages, ein Liegestuhl, Wassern\u00e4pfe sowie Kotbeutel.<\/p>\n<p data-start=\"224\" data-end=\"590\">F\u00fcr weitere Informationen oder Ausk\u00fcnfte laden wir alle, die ihren Strandurlaub mit ihrem Hund verbringen m\u00f6chten, ein, die Direktion des Altamarea Beach Village zu kontaktieren.<\/p>\n<p style=\"text-align: center;\"><strong>\u00a0 \u00a0 \u00a0\u00a0<img loading=\"lazy\" decoding=\"async\" class=\"aligncenter\" src=\"https:\/\/legacy.altamareabeachvillage.it\/images\/download_logo.gif\" alt=\"\" width=\"94\" height=\"79\" data-cmp-ab=\"2\" data-cmp-info=\"10\" \/><a title=\"regolamento\" href=\"https:\/\/legacy.altamareabeachvillage.it\/IT\/download\/comportamentocani2.doc\" target=\"_self\" data-cmp-ab=\"2\">\u00a0 NORME DI COMPORTAMENTO BAU BEACH<\/a><\/strong><\/p>\n<p style=\"text-align: center;\"><strong>\u00a0<a title=\"scheda\" href=\"https:\/\/legacy.altamareabeachvillage.it\/IT\/download\/dichiarazionecani2.doc\" target=\"_self\" data-cmp-ab=\"2\">\u00a0 SCHEDA VETERINARIA<\/a><\/strong><\/p>\n<p style=\"text-align: center;\"><strong>\u00a0\u00a0<a title=\"privacy\" href=\"https:\/\/legacy.altamareabeachvillage.it\/IT\/download\/privacycani.doc\" target=\"_self\" data-cmp-ab=\"2\">\u00a0INFORMATIVA PRIVACY<\/a><\/strong><\/p>\n<p>W\u00e4hrend deines Aufenthalts in Cattolica findest du alles, was dein kleiner Hund braucht, in unserem vertrauensw\u00fcrdigen Fachgesch\u00e4ft.<\/p>\n<p><img decoding=\"async\" src=\"https:\/\/legacy.altamareabeachvillage.it\/images\/gioie_di_famiglia_logo3.png\" alt=\"\" \/><\/p>\n<p>&nbsp;<\/p>\n<p data-start=\"1165\" data-end=\"1500\">Nur wenige Schritte vom Altamarea Beach Village entfernt befindet sich die Tierarztpraxis und Klinik von Dr. Stefano Balordi \u2013 ein modernes Zentrum f\u00fcr die Gesundheit deines vierbeinigen Freundes.<\/p>\n<p data-start=\"1165\" data-end=\"1500\"><img loading=\"lazy\" decoding=\"async\" src=\"https:\/\/legacy.altamareabeachvillage.it\/images\/Balordi_logo3.jpg\" alt=\"\" width=\"413\" height=\"55\" \/><\/p>\n<p>[\/vc_column_text][\/vc_column][\/vc_row]<\/p>\n<\/div>","protected":false},"excerpt":{"rendered":"<p>NOVITA&#8216; &#8211; BAU BEACH ALTAMAREA. All&#8217;Altamarea abbiamo dedicato una zona con ombrelloni e lettini per l&#8217;accoglienza degli ospiti con cagnolino al seguito.<br \/>\nE&#8216; disponibile su prenotazione un servizio di Dog Sitter.<\/p>\n","protected":false},"author":1,"featured_media":5081,"parent":0,"menu_order":20,"comment_status":"closed","ping_status":"closed","template":"","meta":{"powered_cache_disable_cache":false,"footnotes":""},"class_list":["post-3802","page","type-page","status-publish","has-post-thumbnail","hentry"],"_links":{"self":[{"href":"https:\/\/www.altamareabeachvillage.it\/de\/wp-json\/wp\/v2\/pages\/3802","targetHints":{"allow":["GET"]}}],"collection":[{"href":"https:\/\/www.altamareabeachvillage.it\/de\/wp-json\/wp\/v2\/pages"}],"about":[{"href":"https:\/\/www.altamareabeachvillage.it\/de\/wp-json\/wp\/v2\/types\/page"}],"author":[{"embeddable":true,"href":"https:\/\/www.altamareabeachvillage.it\/de\/wp-json\/wp\/v2\/users\/1"}],"replies":[{"embeddable":true,"href":"https:\/\/www.altamareabeachvillage.it\/de\/wp-json\/wp\/v2\/comments?post=3802"}],"version-history":[{"count":7,"href":"https:\/\/www.altamareabeachvillage.it\/de\/wp-json\/wp\/v2\/pages\/3802\/revisions"}],"predecessor-version":[{"id":6646,"href":"https:\/\/www.altamareabeachvillage.it\/de\/wp-json\/wp\/v2\/pages\/3802\/revisions\/6646"}],"wp:featuredmedia":[{"embeddable":true,"href":"https:\/\/www.altamareabeachvillage.it\/de\/wp-json\/wp\/v2\/media\/5081"}],"wp:attachment":[{"href":"https:\/\/www.altamareabeachvillage.it\/de\/wp-json\/wp\/v2\/media?parent=3802"}],"curies":[{"name":"wp","href":"https:\/\/api.w.org\/{rel}","templated":true}]}}