{"id":3813,"date":"2017-06-05T11:41:55","date_gmt":"2017-06-05T09:41:55","guid":{"rendered":"https:\/\/www.altamareabeachvillage.it\/chi-siamo\/"},"modified":"2026-03-23T16:34:25","modified_gmt":"2026-03-23T15:34:25","slug":"wer-sind-wir","status":"publish","type":"page","link":"https:\/\/www.altamareabeachvillage.it\/de\/wer-sind-wir\/","title":{"rendered":"Wer sind wir"},"content":{"rendered":"<div class=\"wpb-content-wrapper\"><p>[vc_row][vc_column css=&#8220;.vc_custom_1490875600469{padding-bottom: 50px !important;}&#8220;][vc_column_text css=&#8220;&#8220;]Im Jahr 2002 schlossen sich elf Strandwarte zusammen, deren Familien seit Generationen im Strandtourismus t\u00e4tig sind. Sie b\u00fcndelten ihre berufliche Erfahrung und verwirklichten innerhalb weniger Jahre ihr ehrgeiziges Projekt:<\/p>\n<h4 class=\"font-claude-response-body break-words whitespace-normal leading-[1.7]\" style=\"text-align: center;\"><strong>Altamarea Beach Village, das gr\u00f6\u00dfte Touristendorf an der gesamten K\u00fcste der Riviera Romagnola<\/strong><\/h4>\n<p class=\"font-claude-response-body break-words whitespace-normal leading-[1.7]\"><img loading=\"lazy\" decoding=\"async\" class=\"wp-image-6289 aligncenter\" src=\"https:\/\/www.altamareabeachvillage.it\/wp-content\/uploads\/2026\/03\/2B7D829A-4E40-444F-8F11-E4CFCBA56D23-2-300x190.jpg\" alt=\"\" width=\"965\" height=\"611\" srcset=\"https:\/\/www.altamareabeachvillage.it\/wp-content\/uploads\/2026\/03\/2B7D829A-4E40-444F-8F11-E4CFCBA56D23-2-300x190.jpg 300w, https:\/\/www.altamareabeachvillage.it\/wp-content\/uploads\/2026\/03\/2B7D829A-4E40-444F-8F11-E4CFCBA56D23-2-768x487.jpg 768w\" sizes=\"auto, (max-width: 965px) 100vw, 965px\" \/><\/p>\n<p>Die herzlichen Strandwarte Mirella, Daniela, Manuela, Diego, Elmo, Marco, Michele und Mirco machen die traditionelle Gastfreundschaft der Romagna zu ihrem gr\u00f6\u00dften Trumpf.<\/p>\n<p>Mehr als nur ein Strand, Altamarea Beach Village ist <a href=\"https:\/\/www.altamareabeachvillage.it\/de\/servizi\/\">eine Welt f\u00fcr sich<\/a>. Vom beheizten Pool und der Wellness-Oase \u00fcber das kostenlose Fitnessstudio, die Boccia-Bahnen bis hin zum abendlichen Unterhaltungsprogramm: Hier ist alles darauf ausgerichtet, Ihren Aufenthalt so abwechslungsreich und entspannt wie m\u00f6glich zu gestalten. <a href=\"https:\/\/www.altamareabeachvillage.it\/de\/animazione\/\">Unser Veranstaltungsprogramm<\/a> umfasst Tanzkurse, Kartenturniere, Sport und zahlreiche ganz besondere Events wie ein B\u00fccherfestival oder Kochworkshops. F\u00fcr die Kleinen sorgt ein umfangreiches Kinderprogramm daf\u00fcr, dass sie besch\u00e4ftigt, gl\u00fccklich,\u00a0 und n\u00e4chstes Jahr garantiert wieder dabei sind. Und nat\u00fcrlich denken wir auch an unsere Vierbeiner: <a href=\"https:\/\/www.altamareabeachvillage.it\/de\/bau-beach\/\">mit dem Bau Beach und dem Bau Garden<\/a> eigens f\u00fcr sie!<\/p>\n<blockquote><p>Denn bei Altamarea ist ein Urlaub nie nur ein Urlaub, sondern ein Sommer, den man so schnell nicht vergisst!<\/p><\/blockquote>\n<p class=\"font-claude-response-body break-words whitespace-normal leading-[1.7]\" style=\"text-align: center;\"><strong>Die Strandwarte des Altamarea Beach Village<\/strong><\/p>\n<p class=\"font-claude-response-body break-words whitespace-normal leading-[1.7]\">Das Altamarea Beach Village in Cattolica: das Konzept des Touristendorfs auf h\u00f6chstem Niveau! Die herzlichen Strandwarte Daniela, Manuela, Mirella, Agostino, Diego, Elmo, Marco, Michele, Mirco und Sergio machen die traditionelle Gastfreundschaft der Romagna zu ihrem gr\u00f6\u00dften Trumpf. Zu den elf Gr\u00fcndungspartnern gesellten sich seit 2014 zwei neue Mitglieder hinzu: Laura und Riccardo, die Kinder der Partnerin Mirella.<\/p>\n<p>[\/vc_column_text][\/vc_column][\/vc_row]<\/p>\n<\/div>","protected":false},"excerpt":{"rendered":"<p>[vc_row][vc_column css=&#8220;.vc_custom_1490875600469{padding-bottom: 50px !important;}&#8220;][vc_column_text css=&#8220;&#8220;]Im Jahr 2002 schlossen sich elf Strandwarte zusammen, deren Familien seit Generationen im Strandtourismus t\u00e4tig sind. Sie b\u00fcndelten ihre berufliche Erfahrung und verwirklichten innerhalb weniger Jahre ihr ehrgeiziges Projekt: Altamarea Beach Village, das gr\u00f6\u00dfte Touristendorf an der gesamten K\u00fcste der Riviera Romagnola Die herzlichen Strandwarte Mirella, Daniela, Manuela, Diego, Elmo, Marco, [&hellip;]<\/p>\n","protected":false},"author":1,"featured_media":5736,"parent":0,"menu_order":27,"comment_status":"closed","ping_status":"closed","template":"","meta":{"powered_cache_disable_cache":false,"footnotes":""},"class_list":["post-3813","page","type-page","status-publish","has-post-thumbnail","hentry"],"_links":{"self":[{"href":"https:\/\/www.altamareabeachvillage.it\/de\/wp-json\/wp\/v2\/pages\/3813","targetHints":{"allow":["GET"]}}],"collection":[{"href":"https:\/\/www.altamareabeachvillage.it\/de\/wp-json\/wp\/v2\/pages"}],"about":[{"href":"https:\/\/www.altamareabeachvillage.it\/de\/wp-json\/wp\/v2\/types\/page"}],"author":[{"embeddable":true,"href":"https:\/\/www.altamareabeachvillage.it\/de\/wp-json\/wp\/v2\/users\/1"}],"replies":[{"embeddable":true,"href":"https:\/\/www.altamareabeachvillage.it\/de\/wp-json\/wp\/v2\/comments?post=3813"}],"version-history":[{"count":8,"href":"https:\/\/www.altamareabeachvillage.it\/de\/wp-json\/wp\/v2\/pages\/3813\/revisions"}],"predecessor-version":[{"id":6356,"href":"https:\/\/www.altamareabeachvillage.it\/de\/wp-json\/wp\/v2\/pages\/3813\/revisions\/6356"}],"wp:featuredmedia":[{"embeddable":true,"href":"https:\/\/www.altamareabeachvillage.it\/de\/wp-json\/wp\/v2\/media\/5736"}],"wp:attachment":[{"href":"https:\/\/www.altamareabeachvillage.it\/de\/wp-json\/wp\/v2\/media?parent=3813"}],"curies":[{"name":"wp","href":"https:\/\/api.w.org\/{rel}","templated":true}]}}