{"id":3833,"date":"2017-06-05T11:45:41","date_gmt":"2017-06-05T09:45:41","guid":{"rendered":"https:\/\/www.altamareabeachvillage.it\/foto\/"},"modified":"2026-02-23T19:14:26","modified_gmt":"2026-02-23T18:14:26","slug":"photo","status":"publish","type":"page","link":"https:\/\/www.altamareabeachvillage.it\/de\/photo\/","title":{"rendered":"Photo"},"content":{"rendered":"<div class=\"wpb-content-wrapper\"><p>[vc_row][vc_column][vc_message icon_size=&#8220;icon_small&#8220;]<\/p>\n<p data-start=\"90\" data-end=\"485\">Alle Inhalte und Bilder auf dieser Website werden ausschlie\u00dflich zu Demonstrations- und Pr\u00e4sentationszwecken ver\u00f6ffentlicht. S\u00e4mtliche auf unserer Website ver\u00f6ffentlichten Fotos wurden innerhalb unserer Einrichtungen w\u00e4hrend \u00f6ffentlicher Veranstaltungen aufgenommen und dienen dazu, den Besucherinnen und Besuchern die Atmosph\u00e4re unserer Events zu vermitteln sowie unsere Initiativen zu f\u00f6rdern.<\/p>\n<p data-start=\"487\" data-end=\"862\">Gem\u00e4\u00df Artikel 13 der EU-Verordnung 2016\/679, bekannt als Datenschutz-Grundverordnung (DSGVO), wurde eine spezifische Informationsmitteilung \u00fcber die Verarbeitung personenbezogener Daten (Bilder) erstellt. Diese Mitteilung wurde in all unseren Einrichtungen ausgeh\u00e4ngt und an gut sichtbaren Stellen angebracht, bevor man die R\u00e4umlichkeiten betritt, in denen fotografiert wird.<\/p>\n<p data-start=\"864\" data-end=\"1043\">Sollten Sie sich auf einem der Fotos wiedererkennen und nicht auf unserer Website erscheinen wollen, k\u00f6nnen Sie uns per E-Mail kontaktieren \u2013 Ihr Bild wird dann umgehend entfernt.<\/p>\n<p data-start=\"864\" data-end=\"1043\">Bilder von Cattolica, vom Strand, vom Leben am Altamarea Beach&#8230; Klicke auf das Bild, um es zu \u00f6ffnen.<\/p>\n<p>[\/vc_message][\/vc_column][\/vc_row][vc_row el_class=&#8220;margin-bottom-50&#8243;][vc_column][vc_masonry_media_grid grid_id=&#8220;vc_gid:1771870210068-bada0cef-d43a-8&#8243; include=&#8220;3214,3217,3221,3252,3253,3257,3258,3259,3260,3261,3262,3263,3264,3265,3266,3267,3268,3269,3270,3271,3272,3274,3275,3276,3277,3278,3281,3280,3282,3348&#8243;][\/vc_column][\/vc_row]<\/p>\n<\/div>","protected":false},"excerpt":{"rendered":"<p>[vc_row][vc_column][vc_message icon_size=&#8220;icon_small&#8220;] Alle Inhalte und Bilder auf dieser Website werden ausschlie\u00dflich zu Demonstrations- und Pr\u00e4sentationszwecken ver\u00f6ffentlicht. S\u00e4mtliche auf unserer Website ver\u00f6ffentlichten Fotos wurden innerhalb unserer Einrichtungen w\u00e4hrend \u00f6ffentlicher Veranstaltungen aufgenommen und dienen dazu, den Besucherinnen und Besuchern die Atmosph\u00e4re unserer Events zu vermitteln sowie unsere Initiativen zu f\u00f6rdern. Gem\u00e4\u00df Artikel 13 der EU-Verordnung 2016\/679, bekannt [&hellip;]<\/p>\n","protected":false},"author":1,"featured_media":0,"parent":0,"menu_order":44,"comment_status":"closed","ping_status":"closed","template":"","meta":{"powered_cache_disable_cache":false,"footnotes":""},"class_list":["post-3833","page","type-page","status-publish","hentry"],"_links":{"self":[{"href":"https:\/\/www.altamareabeachvillage.it\/de\/wp-json\/wp\/v2\/pages\/3833","targetHints":{"allow":["GET"]}}],"collection":[{"href":"https:\/\/www.altamareabeachvillage.it\/de\/wp-json\/wp\/v2\/pages"}],"about":[{"href":"https:\/\/www.altamareabeachvillage.it\/de\/wp-json\/wp\/v2\/types\/page"}],"author":[{"embeddable":true,"href":"https:\/\/www.altamareabeachvillage.it\/de\/wp-json\/wp\/v2\/users\/1"}],"replies":[{"embeddable":true,"href":"https:\/\/www.altamareabeachvillage.it\/de\/wp-json\/wp\/v2\/comments?post=3833"}],"version-history":[{"count":1,"href":"https:\/\/www.altamareabeachvillage.it\/de\/wp-json\/wp\/v2\/pages\/3833\/revisions"}],"predecessor-version":[{"id":6042,"href":"https:\/\/www.altamareabeachvillage.it\/de\/wp-json\/wp\/v2\/pages\/3833\/revisions\/6042"}],"wp:attachment":[{"href":"https:\/\/www.altamareabeachvillage.it\/de\/wp-json\/wp\/v2\/media?parent=3833"}],"curies":[{"name":"wp","href":"https:\/\/api.w.org\/{rel}","templated":true}]}}