{"id":3854,"date":"2017-06-05T11:54:06","date_gmt":"2017-06-05T09:54:06","guid":{"rendered":"https:\/\/www.altamareabeachvillage.it\/servizi\/"},"modified":"2026-03-26T17:46:44","modified_gmt":"2026-03-26T16:46:44","slug":"servizi","status":"publish","type":"page","link":"https:\/\/www.altamareabeachvillage.it\/de\/servizi\/","title":{"rendered":"Strandleistungen"},"content":{"rendered":"<div class=\"wpb-content-wrapper\"><p>[vc_row][vc_column][vc_column_text css=&#8220;&#8220; el_class=&#8220;margin-bottom-25&#8243;]<\/p>\n<h4 style=\"text-align: center;\">Entdecken Sie alle Leistungen des Altamarea Beach Village, ganz f\u00fcr Sie gedacht!<\/h4>\n<p class=\"font-claude-response-body break-words whitespace-normal leading-[1.7]\" style=\"text-align: center;\"><strong><em>Der Eintritt in den Pool und das Fitnessstudio ist f\u00fcr alle G\u00e4ste des Altamarea kostenlos.<\/em><\/strong><\/p>\n<p class=\"font-claude-response-body break-words whitespace-normal leading-[1.7]\" style=\"text-align: center;\">BRANDNEUE FITNESS &amp; SWIMMING OASIS: EIN <strong>FANTASTISCHER POOL<\/strong> MIT WASSERATTRAKTIONEN F\u00dcR KINDER, MIT BEHEIZTEM <strong>WASSER WOHLGEMER<\/strong>KT\u2026 EIN RENOVIERTES UND GER\u00c4UMIGERES <strong>FITNESSSTUDIO<\/strong> F\u00dcR NEUE GER\u00c4TE UND NOCH VIELES MEHR!<\/p>\n<div data-test-render-count=\"1\">\n<div class=\"group\">\n<div class=\"contents\">\n<div class=\"group relative relative pb-3\" data-is-streaming=\"false\">\n<div class=\"font-claude-response relative leading-[1.65rem] [&amp;_pre&gt;div]:bg-bg-000\/50 [&amp;_pre&gt;div]:border-0.5 [&amp;_pre&gt;div]:border-border-400 [&amp;_.ignore-pre-bg&gt;div]:bg-transparent [&amp;_.standard-markdown_:is(p,blockquote,h1,h2,h3,h4,h5,h6)]:pl-2 [&amp;_.standard-markdown_:is(p,blockquote,ul,ol,h1,h2,h3,h4,h5,h6)]:pr-8 [&amp;_.progressive-markdown_:is(p,blockquote,h1,h2,h3,h4,h5,h6)]:pl-2 [&amp;_.progressive-markdown_:is(p,blockquote,ul,ol,h1,h2,h3,h4,h5,h6)]:pr-8\">\n<div>\n<div class=\"standard-markdown grid-cols-1 grid [&amp;_&gt;_*]:min-w-0 gap-3 standard-markdown\">\n<p class=\"font-claude-response-body break-words whitespace-normal leading-[1.7]\" style=\"text-align: center;\">Tauchen Sie ein, wo das Wasser immer blau ist, im gro\u00dfen Pool direkt am Strand von Cattolica: Badespa\u00df garantiert, f\u00fcr Gro\u00df und Klein.<\/p>\n<p class=\"font-claude-response-body break-words whitespace-normal leading-[1.7]\" style=\"text-align: center;\">Das Tragen einer Badekappe ist beim Betreten des Pools Pflicht.<\/p>\n<p><img loading=\"lazy\" decoding=\"async\" class=\" wp-image-5201 aligncenter\" src=\"https:\/\/www.altamareabeachvillage.it\/wp-content\/uploads\/2017\/03\/immagine-piscina-300x187.jpg\" alt=\"\" width=\"967\" height=\"603\" srcset=\"https:\/\/www.altamareabeachvillage.it\/wp-content\/uploads\/2017\/03\/immagine-piscina-300x187.jpg 300w, https:\/\/www.altamareabeachvillage.it\/wp-content\/uploads\/2017\/03\/immagine-piscina-768x480.jpg 768w, https:\/\/www.altamareabeachvillage.it\/wp-content\/uploads\/2017\/03\/immagine-piscina-1024x640.jpg 1024w, https:\/\/www.altamareabeachvillage.it\/wp-content\/uploads\/2017\/03\/immagine-piscina.jpg 1170w\" sizes=\"auto, (max-width: 967px) 100vw, 967px\" \/><\/p>\n<\/div>\n<\/div>\n<\/div>\n<\/div>\n<\/div>\n<\/div>\n<\/div>\n<p>[\/vc_column_text][vc_column_text css=&#8220;&#8220; el_class=&#8220;margin-bottom-25&#8243;]<\/p>\n<div id=\"header\">\n<div id=\"header-wrapper\">\n<h4 style=\"text-align: center;\">Die brandneue WELLNESS-OASIS<\/h4>\n<p style=\"text-align: center;\"><strong>Unser Wellnesszentrum erwartet Sie t\u00e4glich! <\/strong><br \/>\nTauchen Sie in den Whirlpools in v\u00f6llige Entspannung ein, oder lassen Sie sich von der sanften Umarmung der Wellness-Oasis einfach dahintragen.<\/p>\n<\/div>\n<\/div>\n<p><img loading=\"lazy\" decoding=\"async\" class=\"alignnone wp-image-5141 aligncenter\" src=\"https:\/\/www.altamareabeachvillage.it\/wp-content\/uploads\/2015\/08\/alta_marea_beach_club_cattolica_12-300x195.jpg\" alt=\"\" width=\"970\" height=\"630\" srcset=\"https:\/\/www.altamareabeachvillage.it\/wp-content\/uploads\/2015\/08\/alta_marea_beach_club_cattolica_12-300x195.jpg 300w, https:\/\/www.altamareabeachvillage.it\/wp-content\/uploads\/2015\/08\/alta_marea_beach_club_cattolica_12-768x499.jpg 768w, https:\/\/www.altamareabeachvillage.it\/wp-content\/uploads\/2015\/08\/alta_marea_beach_club_cattolica_12-1024x665.jpg 1024w, https:\/\/www.altamareabeachvillage.it\/wp-content\/uploads\/2015\/08\/alta_marea_beach_club_cattolica_12.jpg 1170w\" sizes=\"auto, (max-width: 970px) 100vw, 970px\" \/>[\/vc_column_text][vc_column_text css=&#8220;&#8220; el_class=&#8220;margin-bottom-25&#8243;]<\/p>\n<div id=\"header\">\n<div id=\"header-wrapper\">\n<div data-test-render-count=\"1\">\n<div class=\"group\">\n<div class=\"group relative relative pb-3\" data-is-streaming=\"false\">\n<div class=\"font-claude-response relative leading-[1.65rem] [&amp;_pre&gt;div]:bg-bg-000\/50 [&amp;_pre&gt;div]:border-0.5 [&amp;_pre&gt;div]:border-border-400 [&amp;_.ignore-pre-bg&gt;div]:bg-transparent [&amp;_.standard-markdown_:is(p,blockquote,h1,h2,h3,h4,h5,h6)]:pl-2 [&amp;_.standard-markdown_:is(p,blockquote,ul,ol,h1,h2,h3,h4,h5,h6)]:pr-8 [&amp;_.progressive-markdown_:is(p,blockquote,h1,h2,h3,h4,h5,h6)]:pl-2 [&amp;_.progressive-markdown_:is(p,blockquote,ul,ol,h1,h2,h3,h4,h5,h6)]:pr-8\">\n<div class=\"standard-markdown grid-cols-1 grid [&amp;_&gt;_*]:min-w-0 gap-3 standard-markdown\">\n<h4><\/h4>\n<h4 class=\"font-claude-response-body break-words whitespace-normal leading-[1.7]\" style=\"text-align: center;\">Pilates auf dem komfortablen Rasen, erfrischt durch die Nebeldusche\u2026 eine Neuheit dieses Sommers im Altamarea.<\/h4>\n<p><img loading=\"lazy\" decoding=\"async\" class=\"alignnone wp-image-6631 aligncenter\" src=\"https:\/\/www.altamareabeachvillage.it\/wp-content\/uploads\/2026\/03\/alta_marea_beach_club_cattolica_22-300x169.jpg\" alt=\"\" width=\"968\" height=\"546\" srcset=\"https:\/\/www.altamareabeachvillage.it\/wp-content\/uploads\/2026\/03\/alta_marea_beach_club_cattolica_22-300x169.jpg 300w, https:\/\/www.altamareabeachvillage.it\/wp-content\/uploads\/2026\/03\/alta_marea_beach_club_cattolica_22-1024x576.jpg 1024w, https:\/\/www.altamareabeachvillage.it\/wp-content\/uploads\/2026\/03\/alta_marea_beach_club_cattolica_22-768x432.jpg 768w\" sizes=\"auto, (max-width: 968px) 100vw, 968px\" \/><\/p>\n<\/div>\n<\/div>\n<\/div>\n<\/div>\n<\/div>\n<\/div>\n<\/div>\n<p>[\/vc_column_text][vc_column_text css=&#8220;&#8220; el_class=&#8220;margin-bottom-100&#8243;]<\/p>\n<h3><\/h3>\n<h3 style=\"text-align: center;\"><em><strong>\u00ab\u00a0Shakti\u00a0\u00bb<\/strong><\/em><\/h3>\n<p><img loading=\"lazy\" decoding=\"async\" class=\"alignnone wp-image-6357 aligncenter\" src=\"https:\/\/www.altamareabeachvillage.it\/wp-content\/uploads\/2026\/03\/20170619_124252_web1-300x188.jpg\" alt=\"\" width=\"806\" height=\"505\" srcset=\"https:\/\/www.altamareabeachvillage.it\/wp-content\/uploads\/2026\/03\/20170619_124252_web1-300x188.jpg 300w, https:\/\/www.altamareabeachvillage.it\/wp-content\/uploads\/2026\/03\/20170619_124252_web1-768x480.jpg 768w, https:\/\/www.altamareabeachvillage.it\/wp-content\/uploads\/2026\/03\/20170619_124252_web1.jpg 800w\" sizes=\"auto, (max-width: 806px) 100vw, 806px\" \/><\/p>\n<p class=\"font-claude-response-body break-words whitespace-normal leading-[1.7]\">Der neue Wellnessbereich des Altamarea wurde unter der Leitung von Caterina, Nadia und Massimiliano er\u00f6ffnet, allesamt diplomierte Fachleute in holistischen Disziplinen und ayurvedischen Behandlungen. Die Einrichtung tr\u00e4gt den Namen <em>Shakti<\/em>, wie die beim Yoga verwendete Matte, ein Ort, an dem man Gleichgewicht und Gelassenheit wiederfindet.<\/p>\n<p class=\"font-claude-response-body break-words whitespace-normal leading-[1.7]\">Der Einsatz von \u00e4therischen und nat\u00fcrlichen \u00d6len erg\u00e4nzt die Behandlungen und hilft dem K\u00f6rper dabei, Ungleichgewichte zu korrigieren, die durch schlechte K\u00f6rperhaltung, Stress oder unausgewogene Ern\u00e4hrungsgewohnheiten entstanden sind.<\/p>\n<p><img loading=\"lazy\" decoding=\"async\" class=\" wp-image-6363 aligncenter\" src=\"https:\/\/www.altamareabeachvillage.it\/wp-content\/uploads\/2026\/03\/WhatsApp_Image_2025-05-22_a_14.09_.24_d93a05d4_2-280x300.jpg\" alt=\"\" width=\"599\" height=\"642\" srcset=\"https:\/\/www.altamareabeachvillage.it\/wp-content\/uploads\/2026\/03\/WhatsApp_Image_2025-05-22_a_14.09_.24_d93a05d4_2-280x300.jpg 280w, https:\/\/www.altamareabeachvillage.it\/wp-content\/uploads\/2026\/03\/WhatsApp_Image_2025-05-22_a_14.09_.24_d93a05d4_2-768x823.jpg 768w, https:\/\/www.altamareabeachvillage.it\/wp-content\/uploads\/2026\/03\/WhatsApp_Image_2025-05-22_a_14.09_.24_d93a05d4_2.jpg 899w\" sizes=\"auto, (max-width: 599px) 100vw, 599px\" \/><\/p>\n<p class=\"font-claude-response-body break-words whitespace-normal leading-[1.7]\"><strong>\u201eOft ist es die Natur selbst, die uns das Rezept f\u00fcr unser Wohlbefinden liefert&#8220;<\/strong>, erkl\u00e4rt Caterina w\u00e4hrend der Pr\u00e4sentationskonferenz des Zentrums.<\/p>\n<p class=\"font-claude-response-body break-words whitespace-normal leading-[1.7]\">\u201eDas Wichtigste ist zu lernen, auf die Bed\u00fcrfnisse unseres K\u00f6rpers zu h\u00f6ren und auf die Warnsignale zu achten, die er in Form von Beschwerden sendet, bei deren Behandlung die ayurvedische und Naturmedizin helfen kann&#8220;, f\u00e4hrt sie fort.<\/p>\n<p class=\"font-claude-response-body break-words whitespace-normal leading-[1.7]\">Einige Beispiele der angebotenen Behandlungen: ayurvedische Lymphdrainage, Pranisches Massage, lokalisierte Behandlungen, Massage f\u00fcr Schwangere, Fu\u00dfreflexzonenmassage.<\/p>\n<p class=\"font-claude-response-body break-words whitespace-normal leading-[1.7]\">Caterina und Nadia stehen den G\u00e4sten des Altamarea t\u00e4glich von 9.30 bis 18.00 Uhr im Bereich gegen\u00fcber dem Lese und Entspannungsraum zur Verf\u00fcgung.<\/p>\n<div data-test-render-count=\"1\">\n<div class=\"group\">\n<div class=\"contents\">\n<div class=\"group relative relative pb-3\" data-is-streaming=\"false\">\n<div class=\"font-claude-response relative leading-[1.65rem] [&amp;_pre&gt;div]:bg-bg-000\/50 [&amp;_pre&gt;div]:border-0.5 [&amp;_pre&gt;div]:border-border-400 [&amp;_.ignore-pre-bg&gt;div]:bg-transparent [&amp;_.standard-markdown_:is(p,blockquote,h1,h2,h3,h4,h5,h6)]:pl-2 [&amp;_.standard-markdown_:is(p,blockquote,ul,ol,h1,h2,h3,h4,h5,h6)]:pr-8 [&amp;_.progressive-markdown_:is(p,blockquote,h1,h2,h3,h4,h5,h6)]:pl-2 [&amp;_.progressive-markdown_:is(p,blockquote,ul,ol,h1,h2,h3,h4,h5,h6)]:pr-8\">\n<div>\n<div class=\"standard-markdown grid-cols-1 grid [&amp;_&gt;_*]:min-w-0 gap-3 standard-markdown\">\n<h3 class=\"font-claude-response-body break-words whitespace-normal leading-[1.7]\" style=\"text-align: center;\">Im Altamarea gibt es drei Bereiche, die jeweils durch ihre Art von Dienstleistungen abgegrenzt sind:<\/h3>\n<p class=\"font-claude-response-body break-words whitespace-normal leading-[1.7]\">Der <strong>gelbe<\/strong> Empfangsbereich, f\u00fcr Familien mit Kindern:<br \/>\nMiniclub, Wickeltisch, Stillzimmer, schattiger und eingez\u00e4unter Spielplatz mit Betreuerin, Kreativwerkstatt, Internetzugang.<\/p>\n<p class=\"font-claude-response-body break-words whitespace-normal leading-[1.7]\">Der <strong>orangene<\/strong> Empfangsbereich, f\u00fcr Wohlbefinden und Entspannung:<strong><br \/>\n<\/strong>Wellness-Oasis, Whirlpools, Massagen, aber auch Tanzfl\u00e4che und Unterhaltungsprogramm.<\/p>\n<p class=\"font-claude-response-body break-words whitespace-normal leading-[1.7]\">Der <strong>rote<\/strong> Empfangsbereich, f\u00fcr Kinder sowie f\u00fcr alle Sportbegeisterten:<br \/>\nFitnessstudio, Schwimmbad, Beachvolleyball, Basketball, Fu\u00dfball, P\u00e9tanque, Tischtennis.<\/p>\n<p class=\"font-claude-response-body break-words whitespace-normal leading-[1.7]\">Drei Restaurants mit Panoramaterrassen verw\u00f6hnen Sie mit typischen Spezialit\u00e4ten der Region: Weine, Sangiovese, Piadina, Fischgerichte.<\/p>\n<\/div>\n<\/div>\n<\/div>\n<\/div>\n<\/div>\n<\/div>\n<\/div>\n<p>[\/vc_column_text][\/vc_column][\/vc_row][vc_row][vc_column]            <div class=\"wolverine-heading style2 dark text-center margin-bottom-50\" >\n                                            <img decoding=\"async\" src=\"https:\/\/www.altamareabeachvillage.it\/wp-content\/uploads\/2016\/12\/LOGO-ALTAMAREA-57.png\"\/>\n                                            <h3>ALTAMAREA BEACH VILLAGE<\/h3>\n                                        <h2>LISTE ALLER LEISTUNGEN AM STRAND<\/h2>\n                                <\/div>\n            [vc_column_text css=&#8220;&#8220; el_class=&#8220;margin-bottom-50&#8243;]<\/p>\n<div id=\"header\">\n<div id=\"header-wrapper\">\n<p style=\"text-align: center;\"><strong>Hydromassagepools<\/strong><\/p>\n<\/div>\n<\/div>\n<p style=\"text-align: center;\"><strong>\u00a0 \u00a0<img loading=\"lazy\" decoding=\"async\" class=\"\" src=\"https:\/\/www.altamareabeachvillage.it\/images\/idro_notte_2_web.jpg\" alt=\"\" width=\"387\" height=\"232\" \/>\u00a0<\/strong><\/p>\n<p style=\"text-align: center;\">Wenn f\u00fcr dich Urlaub nicht nur Entspannung ist, nimm an unseren Beach-Volley, Fu\u00dfball &#8211; und Basketballturnieren teil.<\/p>\n<div id=\"container\">\n<div id=\"content\">\n<h4 style=\"text-align: center;\"><strong><img loading=\"lazy\" decoding=\"async\" src=\"https:\/\/www.altamareabeachvillage.it\/images\/D3U_6353_copia_logo_web.jpg\" alt=\"\" width=\"380\" height=\"255\" \/><\/strong><\/h4>\n<p style=\"text-align: center;\">Die Kleinsten werden die Aufmerksamkeiten der Baby Sitter lieben und werden die Aktivit\u00e4ten des Mini Clubs, das kreative Labor, die Modeschauen, die Schatzsuche, den Wettbewerb der Sandburgen und noch viele andere Spiele wirklich lustig und spannend finden.<\/p>\n<h4 style=\"text-align: center;\"><strong>\u00a0<\/strong><a href=\"https:\/\/www.altamareabeachvillage.it\/IT\/Galleria-immagini\/\"><img loading=\"lazy\" decoding=\"async\" class=\"\" src=\"http:\/\/2.bp.blogspot.com\/-2akIfb8_NR8\/TdYtP0madbI\/AAAAAAAABDA\/ac2Coq6f-Xo\/s1600\/gioco-008-we3b.jpg\" alt=\"\" width=\"395\" height=\"263\" \/><\/a><\/h4>\n<p style=\"text-align: center;\">Bist du ein Freund der K\u00f6rperkultur ? Halte dich fit in unserem gro\u00dfen Sportbereich mit Ger\u00e4ten f\u00fcr Kardiofitness-Training und St\u00e4rkung des K\u00f6rpers.<\/p>\n<h4 style=\"text-align: center;\"><img loading=\"lazy\" decoding=\"async\" class=\"\" src=\"https:\/\/www.altamareabeachvillage.it\/images\/D3U_6314_copia_logo_web.jpg\" alt=\"\" width=\"401\" height=\"260\" \/><\/h4>\n<p style=\"text-align: center;\">Ein gut ausger\u00fcsteter, sonnengesch\u00fctzter Platz zum Spielen f\u00fcr die Anspr\u00fcche jedes Alters.<\/p>\n<h4 style=\"text-align: center;\"><a href=\"https:\/\/www.altamareabeachvillage.it\/IT\/Galleria-immagini\/\"><img loading=\"lazy\" decoding=\"async\" class=\"\" src=\"https:\/\/www.altamareabeachvillage.it\/i\/resize.php?file=gallerie\/27\/FOTO-07.jpg\" alt=\"\" width=\"389\" height=\"260\" align=\"top\" \/><\/a><\/h4>\n<p style=\"text-align: center;\">Bocciabahnen<\/p>\n<h4 style=\"text-align: center;\"><a href=\"https:\/\/www.altamareabeachvillage.it\/IT\/Galleria-immagini\/\"><img loading=\"lazy\" decoding=\"async\" class=\"\" src=\"https:\/\/www.altamareabeachvillage.it\/i\/resize.php?file=gallerie\/28\/FOTO-02.jpg\" alt=\"\" width=\"386\" height=\"257\" align=\"top\" \/><\/a><\/h4>\n<\/div>\n<p style=\"text-align: center;\">Tischtennisplatten<\/p>\n<div id=\"content\">\n<h4 style=\"text-align: center;\"><a href=\"https:\/\/www.altamareabeachvillage.it\/IT\/Galleria-immagini\/\"><img loading=\"lazy\" decoding=\"async\" class=\"\" src=\"https:\/\/www.altamareabeachvillage.it\/i\/resize.php?file=gallerie\/28\/FOTO-09.jpg\" alt=\"\" width=\"374\" height=\"250\" align=\"top\" \/><\/a><\/h4>\n<p style=\"text-align: center;\">Die G\u00e4ste des Beach Village k\u00f6nnen die B\u00fccher ohne weiteres selbst nehmen und sie bequem auf den Sofas und Sesseln im Schatten des gro\u00dfen Pavillons oder beim Sonnen auf ihren Liegen lesen.<\/p>\n<h4 style=\"text-align: center;\"><a href=\"http:\/\/cattolicabeach.blogspot.com\/2011\/06\/oasi-della-lettura-in-altamarea.html\" target=\"_blank\" rel=\"noopener noreferrer\"><img loading=\"lazy\" decoding=\"async\" class=\"\" src=\"http:\/\/1.bp.blogspot.com\/-1lOsZAJWzbk\/Tey1svC88fI\/AAAAAAAABDM\/FnUXz46uLb4\/s400\/benessere%2B003%2Bweb%2Bpegasus.jpg\" alt=\"\" width=\"370\" height=\"278\" align=\"top\" \/><\/a><\/h4>\n<\/div>\n<p>&nbsp;<\/p>\n<\/div>\n<p>[\/vc_column_text][vc_column_text css=&#8220;&#8220;]<\/p>\n<h4 class=\"font-claude-response-body break-words whitespace-normal leading-[1.7]\" style=\"text-align: center;\"><strong>Rollstuhl Job und Spezialliegen<\/strong><\/h4>\n<p style=\"text-align: center;\">Das Altamarea Beach Village hat alle architektonischen Barrieren f\u00fcr G\u00e4ste mit Behinderungen vollst\u00e4ndig beseitigt.<\/p>\n<p><img loading=\"lazy\" decoding=\"async\" class=\" wp-image-6618 aligncenter\" src=\"https:\/\/www.altamareabeachvillage.it\/wp-content\/uploads\/2026\/03\/handicap2-300x195.jpg\" alt=\"\" width=\"721\" height=\"468\" srcset=\"https:\/\/www.altamareabeachvillage.it\/wp-content\/uploads\/2026\/03\/handicap2-300x195.jpg 300w, https:\/\/www.altamareabeachvillage.it\/wp-content\/uploads\/2026\/03\/handicap2-1024x666.jpg 1024w, https:\/\/www.altamareabeachvillage.it\/wp-content\/uploads\/2026\/03\/handicap2-768x499.jpg 768w, https:\/\/www.altamareabeachvillage.it\/wp-content\/uploads\/2026\/03\/handicap2-1536x998.jpg 1536w, https:\/\/www.altamareabeachvillage.it\/wp-content\/uploads\/2026\/03\/handicap2.jpg 2000w\" sizes=\"auto, (max-width: 721px) 100vw, 721px\" \/><\/p>\n<p class=\"font-claude-response-body break-words whitespace-normal leading-[1.7]\">Ein JOB-Rollstuhl und ein amphibischer JOB-Sessel erm\u00f6glichen es den G\u00e4sten, am Meeresufer spazieren zu gehen oder ein wohltuendes Bad zu genie\u00dfen. F\u00fcr alle, die sich unter dem Sonnenschirm erholen m\u00f6chten, stehen erh\u00f6hte Liegen zur Verf\u00fcgung, die den \u00dcbergang vom Rollstuhl erleichtern.<\/p>\n<p class=\"font-claude-response-body break-words whitespace-normal leading-[1.7]\">Der Steg zum Meer ist mit einem Bodenbelag ausgestattet, der es erm\u00f6glicht, mit dem Rollstuhl zum Sonnenschirm zu gelangen, ohne in den Sand zu m\u00fcssen. Der Weg entlang des Durchgangs f\u00fchrt bis an die Wasserlinie und l\u00e4sst dabei gem\u00e4\u00df der regionalen Badeordnung einen freien Durchgang von 3 Metern vom Ufer frei.<\/p>\n<p><img loading=\"lazy\" decoding=\"async\" class=\" wp-image-6302 aligncenter\" src=\"https:\/\/www.altamareabeachvillage.it\/wp-content\/uploads\/2026\/03\/handicap1-300x195.jpg\" alt=\"\" width=\"716\" height=\"465\" srcset=\"https:\/\/www.altamareabeachvillage.it\/wp-content\/uploads\/2026\/03\/handicap1-300x195.jpg 300w, https:\/\/www.altamareabeachvillage.it\/wp-content\/uploads\/2026\/03\/handicap1-1024x666.jpg 1024w, https:\/\/www.altamareabeachvillage.it\/wp-content\/uploads\/2026\/03\/handicap1-768x499.jpg 768w, https:\/\/www.altamareabeachvillage.it\/wp-content\/uploads\/2026\/03\/handicap1-1536x998.jpg 1536w, https:\/\/www.altamareabeachvillage.it\/wp-content\/uploads\/2026\/03\/handicap1.jpg 2000w\" sizes=\"auto, (max-width: 716px) 100vw, 716px\" \/><\/p>\n<p class=\"font-claude-response-body break-words whitespace-normal leading-[1.7]\">Der Zugang zum Schwimmbad, zum Fitnessraum und zum Wellnesszentrum \u201eOasi del Benessere&#8220; erfolgt \u00fcber eine Rampe, die den Weg erleichtert, w\u00e4hrend die beiden Behinderten-WCs und die Duschen stufenlos zug\u00e4nglich sind.<\/p>\n<p class=\"font-claude-response-body break-words whitespace-normal leading-[1.7]\">Zahlreiche Leistungen ohne jeden Aufpreis, damit wirklich alle einen Urlaub mit h\u00f6chstem Komfort genie\u00dfen k\u00f6nnen.<\/p>\n<h4 style=\"text-align: center;\">Die WLAN-Internetverbindung ist im Altamarea Beach Village kostenlos.<\/h4>\n<p>[\/vc_column_text][\/vc_column][\/vc_row][vc_row][vc_column][\/vc_column][\/vc_row][vc_row][vc_column][\/vc_column][\/vc_row]<\/p>\n<\/div>","protected":false},"excerpt":{"rendered":"<p>[vc_row][vc_column][vc_column_text css=&#8220;&#8220; el_class=&#8220;margin-bottom-25&#8243;] Entdecken Sie alle Leistungen des Altamarea Beach Village, ganz f\u00fcr Sie gedacht! Der Eintritt in den Pool und das Fitnessstudio ist f\u00fcr alle G\u00e4ste des Altamarea kostenlos. BRANDNEUE FITNESS &amp; SWIMMING OASIS: EIN FANTASTISCHER POOL MIT WASSERATTRAKTIONEN F\u00dcR KINDER, MIT BEHEIZTEM WASSER WOHLGEMERKT\u2026 EIN RENOVIERTES UND GER\u00c4UMIGERES FITNESSSTUDIO F\u00dcR NEUE GER\u00c4TE UND [&hellip;]<\/p>\n","protected":false},"author":3,"featured_media":5201,"parent":0,"menu_order":1,"comment_status":"closed","ping_status":"closed","template":"","meta":{"powered_cache_disable_cache":false,"footnotes":""},"class_list":["post-3854","page","type-page","status-publish","has-post-thumbnail","hentry"],"_links":{"self":[{"href":"https:\/\/www.altamareabeachvillage.it\/de\/wp-json\/wp\/v2\/pages\/3854","targetHints":{"allow":["GET"]}}],"collection":[{"href":"https:\/\/www.altamareabeachvillage.it\/de\/wp-json\/wp\/v2\/pages"}],"about":[{"href":"https:\/\/www.altamareabeachvillage.it\/de\/wp-json\/wp\/v2\/types\/page"}],"author":[{"embeddable":true,"href":"https:\/\/www.altamareabeachvillage.it\/de\/wp-json\/wp\/v2\/users\/3"}],"replies":[{"embeddable":true,"href":"https:\/\/www.altamareabeachvillage.it\/de\/wp-json\/wp\/v2\/comments?post=3854"}],"version-history":[{"count":48,"href":"https:\/\/www.altamareabeachvillage.it\/de\/wp-json\/wp\/v2\/pages\/3854\/revisions"}],"predecessor-version":[{"id":6640,"href":"https:\/\/www.altamareabeachvillage.it\/de\/wp-json\/wp\/v2\/pages\/3854\/revisions\/6640"}],"wp:featuredmedia":[{"embeddable":true,"href":"https:\/\/www.altamareabeachvillage.it\/de\/wp-json\/wp\/v2\/media\/5201"}],"wp:attachment":[{"href":"https:\/\/www.altamareabeachvillage.it\/de\/wp-json\/wp\/v2\/media?parent=3854"}],"curies":[{"name":"wp","href":"https:\/\/api.w.org\/{rel}","templated":true}]}}