{"id":5628,"date":"2015-08-04T07:53:03","date_gmt":"2015-08-04T05:53:03","guid":{"rendered":"https:\/\/www.altamareabeachvillage.it\/altamarea-beach-village-official-web-site\/"},"modified":"2026-02-24T00:58:03","modified_gmt":"2026-02-23T23:58:03","slug":"home","status":"publish","type":"page","link":"https:\/\/www.altamareabeachvillage.it\/de\/","title":{"rendered":"Home Altamarea IT"},"content":{"rendered":"<div class=\"wpb-content-wrapper\"><p>[vc_row layout=&#8220;boxed&#8220; video_link=&#8220;&#8220; el_class=&#8220;margin-bottom-40&#8243;][vc_column][rev_slider_vc alias=&#8220;home-classic-02&#8243;][\/vc_column][\/vc_row][vc_row][vc_column width=&#8220;1\/3&#8243;][vc_video link=&#8220;https:\/\/www.youtube.com\/watch?v=vZnYH6D9icU&#8220; css=&#8220;.vc_custom_1769553193184{padding-bottom: 20px !important;}&#8220;][vc_basic_grid post_type=&#8220;page&#8220; max_items=&#8220;1&#8243; element_width=&#8220;12&#8243; orderby=&#8220;menu_order&#8220; order=&#8220;ASC&#8220; css=&#8220;&#8220; grid_id=&#8220;vc_gid:1771891046763-11225d6c-db33-5&#8243;][\/vc_column][vc_column width=&#8220;1\/3&#8243;][vc_basic_grid post_type=&#8220;page&#8220; max_items=&#8220;1&#8243; element_width=&#8220;12&#8243; orderby=&#8220;menu_order&#8220; order=&#8220;ASC&#8220; css=&#8220;&#8220; grid_id=&#8220;vc_gid:1771891046765-b550c938-7f84-6&#8243; offset=&#8220;1&#8243;][\/vc_column][vc_column width=&#8220;1\/3&#8243;][vc_basic_grid post_type=&#8220;page&#8220; max_items=&#8220;1&#8243; element_width=&#8220;12&#8243; orderby=&#8220;menu_order&#8220; order=&#8220;ASC&#8220; css=&#8220;&#8220; grid_id=&#8220;vc_gid:1771891046767-b8f6d225-0fb0-0&#8243; offset=&#8220;2&#8243;][vc_single_image image=&#8220;5662&#8243; img_size=&#8220;large&#8220; css=&#8220;&#8220;][\/vc_column][\/vc_row][vc_row][vc_column width=&#8220;1\/12&#8243;][vc_column_text]\u00a0[\/vc_column_text][\/vc_column][vc_column width=&#8220;10\/12&#8243;]            <div class=\"wolverine-call-action style2  \" >\n                                <div class=\"row\">\n                    <div class=\"col-md-9 col-sm-12 col-xs-12 wolverine-call-action-left\">\n                        <div class=\"content-middle\">\n                            <div class=\"content-middle-inner\">\n                                <h6>BERECHNEN SIE IHR PERS\u00d6NLICHES ANGEBOT<\/h6>\n                            <\/div>\n                        <\/div>\n                    <\/div>\n                    <div class=\"col-md-3 col-sm-12 col-xs-12 wolverine-call-action-right\">\n                        <div class=\"content-middle\">\n                            <div class=\"content-middle-inner\">\n                                <a class=\"wolverine-button button-2x\" href=\"https:\/\/www.altamareabeachvillage.it\/de\/calcola-il-tuo-preventivo\/\" target=\"_self\">BERECHNEN<\/a>\n                            <\/div>\n                        <\/div>\n                    <\/div>\n                <\/div>\n                            <\/div>\n                        <div class=\"wolverine-call-action style2  \" >\n                                <div class=\"row\">\n                    <div class=\"col-md-9 col-sm-12 col-xs-12 wolverine-call-action-left\">\n                        <div class=\"content-middle\">\n                            <div class=\"content-middle-inner\">\n                                <h6>Um ein Angebot f\u00fcr eine Hotelunterkunft zu erhalten<\/h6>\n                            <\/div>\n                        <\/div>\n                    <\/div>\n                    <div class=\"col-md-3 col-sm-12 col-xs-12 wolverine-call-action-right\">\n                        <div class=\"content-middle\">\n                            <div class=\"content-middle-inner\">\n                                <a class=\"wolverine-button button-2x\" href=\"https:\/\/www.altamareabeachvillage.it\/de\/hotels-suchen\/\" target=\"_self\">HOTELANGEBOTE IN KATTOLIKA<\/a>\n                            <\/div>\n                        <\/div>\n                    <\/div>\n                <\/div>\n                            <\/div>\n            [vc_empty_space height=&#8220;20px&#8220;][\/vc_column][vc_column width=&#8220;1\/12&#8243;][\/vc_column][\/vc_row][vc_row video_link=&#8220;&#8220;][vc_column width=&#8220;1\/3&#8243;][vc_column_text css=&#8220;&#8220;]<\/p>\n<h3>Bau Beach<\/h3>\n<p><img decoding=\"async\" class=\"aligncenter\" src=\"https:\/\/legacy.altamareabeachvillage.it\/i\/crops\/280\/157\/blocks\/7\/bau%20beach%20logo%20web.jpg\" \/><\/p>\n<p>In Altamarea haben wir einen Bereich mit Sonnenschirmen und Liegen speziell f\u00fcr G\u00e4ste mit Hunden eingerichtet.<\/p>\n<p>NEU! Erfahren Sie, wie Sie mit Ihrem Hund im Meer schwimmen k\u00f6nnen!<\/p>\n<p><a href=\"https:\/\/www.altamareabeachvillage.it\/de\/bau-beach\/\">Fortsetzung folgt&#8230;<\/a><\/p>\n<p>[\/vc_column_text][vc_column_text css=&#8220;&#8220;][\/vc_column_text][vc_row_inner][vc_column_inner width=&#8220;1\/4&#8243;][vc_icon css=&#8220;&#8220; icon_wolverine=&#8220;wicon icon-download&#8220;][\/vc_column_inner][vc_column_inner width=&#8220;3\/4&#8243;][vc_column_text css=&#8220;&#8220;]<\/p>\n<ul>\n<li><a href=\"https:\/\/www.altamareabeachvillage.it\/wp-content\/uploads\/2026\/01\/comportamentocani2.pdf\">Regolamento<\/a><\/li>\n<li><a style=\"background-color: #ffffff;\" href=\"https:\/\/www.altamareabeachvillage.it\/wp-content\/uploads\/2026\/01\/dichiarazionecani2.pdf\">Scheda veterinaria<\/a><\/li>\n<li><a style=\"background-color: #ffffff;\" href=\"https:\/\/www.altamareabeachvillage.it\/wp-content\/uploads\/2026\/01\/INFORMATIVA-PRIVACY-ALTAMAREA-CATTOLICA.pdf\">INFO PRIVACY<\/a><\/li>\n<\/ul>\n<p>[\/vc_column_text][\/vc_column_inner][\/vc_row_inner][vc_column_text css=&#8220;&#8220;]<\/p>\n<h3>Webcam<\/h3>\n<p>\t\t<img decoding=\"async\" style=\"margin: 0\" width=\"\" src=\"https:\/\/legacy.altamareabeachvillage.it\/webcam\/webcam\/1\/192.168.10.81_01_20260412200559850_TIMING.jpg\" alt=\"Webcam Altamarea, piscina a Cattolica\" \/>\n\t\t\t<img decoding=\"async\" style=\"margin: 1em 0 0 0\" width=\"\" src=\"https:\/\/legacy.altamareabeachvillage.it\/webcam\/webcam\/3\/192.168.10.80_01_20260412200755490_TIMING.jpg\" alt=\"Webcam Altamarea, animazione turistica a Cattolica\" \/>\n<h3>Video<\/h3>\n<video controls>\n  <source src=\"https:\/\/legacy.altamareabeachvillage.it\/webcam\/2026\/04\/11\/out-1.mp4\" type=\"video\/mp4\">\nYour browser does not support the video tag.\n<\/video>\n\n<video controls>\n  <source src=\"https:\/\/legacy.altamareabeachvillage.it\/webcam\/2026\/04\/11\/out-3.mp4\" type=\"video\/mp4\">\nYour browser does not support the video tag.\n<\/video>\n\n\n\n[\/vc_column_text][\/vc_column][vc_column width=&#8220;1\/3&#8243;][vc_column_text css=&#8220;&#8220;]<\/p>\n<h3>Besondere Veranstaltungen<\/h3>\n<p><img decoding=\"async\" src=\"https:\/\/legacy.altamareabeachvillage.it\/i\/crops\/280\/157\/blocks\/12\/IMG_3573.jpg\" \/><\/p>\n<p>Wir sehen uns n\u00e4chsten Sommer :)[\/vc_column_text][vc_empty_space][vc_cta h2=&#8220;Certificazioni&#8220; h4=&#8220;Qui trovate tutte le certificazioni e i premi ricevuti dall&#8217;Altamarea Beach Village.&#8220; style=&#8220;outline&#8220; css=&#8220;&#8220;]<a href=\"https:\/\/www.altamareabeachvillage.it\/certificazioni\/\"><img decoding=\"async\" class=\"aligncenter\" src=\"https:\/\/legacy.altamareabeachvillage.it\/i\/crops\/280\/120\/blocks\/22\/t%C3%A9l%C3%A9chargement%20(4).png\" \/><\/a>[\/vc_cta][vc_column_text css=&#8220;&#8220;]<\/p>\n<h3>Wohlbefinden<\/h3>\n<p><img decoding=\"async\" src=\"https:\/\/legacy.altamareabeachvillage.it\/i\/crops\/280\/157\/blocks\/13\/20170619_124252_web%20(1)%20(2).jpg\" \/><\/p>\n<p>F\u00fcr vollkommene Entspannung tauchen Sie ein in die Whirlpools oder lassen Sie sich von der wohltuenden Atmosph\u00e4re der Wellness-Oase verw\u00f6hnen. (Fortsetzung)<\/p>\n<p>Entdecken Sie Shakti, den Wellnessbereich, der von Caterina, Nadia und Massimiliano, zertifizierten Experten f\u00fcr ganzheitliche Heilmethoden und Ayurveda-Behandlungen, gestaltet wurde. Massagen, Anwendungen, Reflexzonenmassage. (<a href=\"https:\/\/www.altamareabeachvillage.it\/de\/servizi\/\">Fortsetzung<\/a>)[\/vc_column_text][\/vc_column][vc_column width=&#8220;1\/3&#8243;][vc_column_text css=&#8220;&#8220;]<\/p>\n<h3>Od\u00e9phines Tagebuch<\/h3>\n<p>[\/vc_column_text][vc_basic_grid post_type=&#8220;post&#8220; max_items=&#8220;2&#8243; element_width=&#8220;12&#8243; css=&#8220;&#8220; grid_id=&#8220;vc_gid:1771891046773-407529fd-9c54-4&#8243; taxonomies=&#8220;52&#8243;][\/vc_column][\/vc_row]<\/p>\n<\/div>","protected":false},"excerpt":{"rendered":"<p>[vc_row layout=&#8220;boxed&#8220; video_link=&#8220;&#8220; el_class=&#8220;margin-bottom-40&#8243;][vc_column][rev_slider_vc alias=&#8220;home-classic-02&#8243;][\/vc_column][\/vc_row][vc_row][vc_column width=&#8220;1\/3&#8243;][vc_video link=&#8220;https:\/\/www.youtube.com\/watch?v=vZnYH6D9icU&#8220; css=&#8220;.vc_custom_1769553193184{padding-bottom: 20px !important;}&#8220;][vc_basic_grid post_type=&#8220;page&#8220; max_items=&#8220;1&#8243; element_width=&#8220;12&#8243; orderby=&#8220;menu_order&#8220; order=&#8220;ASC&#8220; css=&#8220;&#8220; grid_id=&#8220;vc_gid:1771891046763-11225d6c-db33-5&#8243;][\/vc_column][vc_column width=&#8220;1\/3&#8243;][vc_basic_grid post_type=&#8220;page&#8220; max_items=&#8220;1&#8243; element_width=&#8220;12&#8243; orderby=&#8220;menu_order&#8220; order=&#8220;ASC&#8220; css=&#8220;&#8220; grid_id=&#8220;vc_gid:1771891046765-b550c938-7f84-6&#8243; offset=&#8220;1&#8243;][\/vc_column][vc_column width=&#8220;1\/3&#8243;][vc_basic_grid post_type=&#8220;page&#8220; max_items=&#8220;1&#8243; element_width=&#8220;12&#8243; orderby=&#8220;menu_order&#8220; order=&#8220;ASC&#8220; css=&#8220;&#8220; grid_id=&#8220;vc_gid:1771891046767-b8f6d225-0fb0-0&#8243; offset=&#8220;2&#8243;][vc_single_image image=&#8220;5662&#8243; img_size=&#8220;large&#8220; css=&#8220;&#8220;][\/vc_column][\/vc_row][vc_row][vc_column width=&#8220;1\/12&#8243;][vc_column_text]\u00a0[\/vc_column_text][\/vc_column][vc_column width=&#8220;10\/12&#8243;][vc_empty_space height=&#8220;20px&#8220;][\/vc_column][vc_column width=&#8220;1\/12&#8243;][\/vc_column][\/vc_row][vc_row video_link=&#8220;&#8220;][vc_column width=&#8220;1\/3&#8243;][vc_column_text css=&#8220;&#8220;] Bau Beach In Altamarea haben wir einen Bereich mit Sonnenschirmen [&hellip;]<\/p>\n","protected":false},"author":1,"featured_media":5830,"parent":0,"menu_order":47,"comment_status":"closed","ping_status":"closed","template":"","meta":{"powered_cache_disable_cache":false,"footnotes":""},"class_list":["post-5628","page","type-page","status-publish","has-post-thumbnail","hentry"],"_links":{"self":[{"href":"https:\/\/www.altamareabeachvillage.it\/de\/wp-json\/wp\/v2\/pages\/5628","targetHints":{"allow":["GET"]}}],"collection":[{"href":"https:\/\/www.altamareabeachvillage.it\/de\/wp-json\/wp\/v2\/pages"}],"about":[{"href":"https:\/\/www.altamareabeachvillage.it\/de\/wp-json\/wp\/v2\/types\/page"}],"author":[{"embeddable":true,"href":"https:\/\/www.altamareabeachvillage.it\/de\/wp-json\/wp\/v2\/users\/1"}],"replies":[{"embeddable":true,"href":"https:\/\/www.altamareabeachvillage.it\/de\/wp-json\/wp\/v2\/comments?post=5628"}],"version-history":[{"count":9,"href":"https:\/\/www.altamareabeachvillage.it\/de\/wp-json\/wp\/v2\/pages\/5628\/revisions"}],"predecessor-version":[{"id":6069,"href":"https:\/\/www.altamareabeachvillage.it\/de\/wp-json\/wp\/v2\/pages\/5628\/revisions\/6069"}],"wp:featuredmedia":[{"embeddable":true,"href":"https:\/\/www.altamareabeachvillage.it\/de\/wp-json\/wp\/v2\/media\/5830"}],"wp:attachment":[{"href":"https:\/\/www.altamareabeachvillage.it\/de\/wp-json\/wp\/v2\/media?parent=5628"}],"curies":[{"name":"wp","href":"https:\/\/api.w.org\/{rel}","templated":true}]}}