{"id":3633,"date":"2017-04-25T15:28:35","date_gmt":"2017-04-25T13:28:35","guid":{"rendered":"https:\/\/www.altamareabeachvillage.it\/?page_id=3633"},"modified":"2017-04-29T01:57:51","modified_gmt":"2017-04-28T23:57:51","slug":"special-events","status":"publish","type":"page","link":"https:\/\/www.altamareabeachvillage.it\/en\/special-events\/","title":{"rendered":"Special Events"},"content":{"rendered":"<div class=\"wpb-content-wrapper\"><p>[vc_row][vc_column]            <div class=\"wolverine-heading style2 dark text-center margin-bottom-50\" >\n                                            <img decoding=\"async\" src=\"https:\/\/www.altamareabeachvillage.it\/wp-content\/uploads\/2016\/12\/LOGO-ALTAMAREA-57.png\"\/>\n                                            <h3> ALTAMAREA BEACH VILLAGE<\/h3>\n                                        <h2>SPECIAL EVENTS CALENDAR<\/h2>\n                                <\/div>\n            [\/vc_column][\/vc_row][vc_row][vc_column][vc_column_text el_class=&#8221;margin-bottom-50&#8243;]<img loading=\"lazy\" decoding=\"async\" class=\"aligncenter size-full wp-image-3553\" src=\"https:\/\/www.altamareabeachvillage.it\/wp-content\/uploads\/2017\/04\/eventi-speciali-e1491839286703.jpg\" alt=\"CALENDARIO 2016 EVENTI SPECIALI GIUGNO 11\/18 - In occasione dalla FAMILY WEEK, gli eventi speciali di Altamarea Beach Village saranno dedicati ai GIOCHI IN SCATOLA SOTTO L\u2019OMBRELLONE. Monopoly, Cluedo, Forza4, Affonda la flotta ed altre sfide per tutta la famiglia. In collaborazione con HASBRO 18\/19 - ore 16,30 : Grazie a NICE GROUP, lancio del CREATIVE FLOWER POWER, il nuovo kit per creare accessori e decorazioni a tema floreale 21 \u2013 ore 21,30 : SFILATA della collezione estate 2016 di ALTAMAREA BEACH WEAR 27 - ore 16,30 : COLOR CORDS LAB . Laboratori novit\u00e0 per creare bracciali alla moda con semplici corde colorate da intrecciare. Insieme a NICE GROUP. 28 - ore 21,30 - Serata speciale di ballo liscio e figurato con la partecipazione di RIMINI DANCE COMPANY LUGLIO 1 - NOTTE ROSA : Oltre alle manifestazioni del calendario ufficiale della Riviera, alle ore 16,30 laboratori per bambini con FLOWER POWER (NICE GROUP) in rosa 4 \u2013 ore 16,30 : INDI DAY Presentazione del gioco di intreccio per capelli novit\u00e0 dell\u2019estate (NICE GROUP) 7 \u2013 ore 21,30 : Serata speciale con la compagnia di ballo CARIOCA DANCE BALLET e le suggestioni dal Brasile 12 \u2013 ore 21,30 : Sfilata di moda ALTAMAREA BEACH WEAR 13 \u2013 ore 16,30 :Torneo di piadina romagnola a squadre in collaborazione con ARTIGIANPIADA 14 \u2013 Mattina e pomeriggio, durante le attivit\u00e0 del Miniclub, laboratori di eco sostenibilit\u00e0 per bambini - Ore 21,30 : Serata speciale ECOBEACHDAY, con moda, design e spettacolo a tema ECO 18 \u2013 ore 21,30 : SFILATA di moda curvy della collezione dello stilista ALBERTO CACCIARI 24 \u2013 ore 16,30 : Presentazione del romanzo \u201cCenere di mandorlo\u201d di Manuela Stefani (Mondadori). Nel gazebo della lettura, firmacopie con l\u2019autrice. 29\/30\/31 BEACH GAMES DELLA RIVIERA Le discipline 2016 : Torneo di PETEKA nel nuovissimo campo da Beach Volley, TOTAL FITNESS in piazzetta (con Bosu, Rebound e step a molle), Gara di lancio dell\u2019uovo con racchettoni in battigia. AGOSTO 5\/6\/7 : SUPERHERO DAYS, con premi speciali Marvel durante le attivit\u00e0 per bambini, in collaborazione con HASBRO 8 \u2013 ore 16,30 :Laboratori novit\u00e0 per creare bracciali alla moda con semplici corde colorate da intrecciare (NICE GROUP) 9 \u2013 ore 21,30 Sfilata di moda ALTAMAREA BEACH WEAR 12 \u2013 SUPER SOAKE BATTLE : Battaglia con pistole ad acqua NERF in battigia 14 \u2013 ore 16,30 : CIAMBELLATA DI FERRAGOSTO con gli auguri per tutti gli ospiti di ALtamarea Beach Village 15 \u2013 ore 10,00 : Laboratori creativi per bambini, per preparare le decorazioni per Ferragosto. Con FLOWER POWER (NICE GROUP) Per tutto il giorno e la sera, tornei e giochi speciali , e GRANDE SPETTACOLO PITOTECNICO 18 \u2013 ore 21,30 : Serata speciale con la compagnia di ballo CARIOCA DANCE BALLET e le suggestioni dal Brasile 21 \u2013 ore 16,30 : Torneo di piadina romagnola a squadre in collaborazione con ARTIGIANPIADA 22 \u2013 ore 16,30 : INDI DAY, laboratori di treccine in collaborazione con NICE 29 \u2013 ore 21,30 : Serata speciale di ballo liscio e figurato con la partecipazione di RIMINI DANCE COMPANY Per tutta l\u2019estate, gadget e premi forniti da SPONTEX, che presenter\u00e0 le novit\u00e0 delle spugne CALYPSO Per i bambini, laboratori di PLAY DOH e DOH VINCI, la novit\u00e0 assoluta della pasta da modellare pi\u00f9 colorata del mondo.\" width=\"600\" height=\"450\" \/><\/p>\n<p><strong>GIUGNO<\/strong><\/p>\n<p><strong>11\/18<\/strong> &#8211; In occasione dalla FAMILY WEEK, gli eventi speciali di Altamarea Beach Village saranno dedicati ai GIOCHI IN SCATOLA SOTTO L\u2019OMBRELLONE. Monopoly, Cluedo, Forza4, Affonda la flotta ed altre sfide per tutta la famiglia. In collaborazione con HASBRO<\/p>\n<p><strong>18\/19<\/strong> &#8211; ore 16,30 : Grazie a NICE GROUP, lancio del\u00a0 CREATIVE FLOWER POWER, il nuovo kit per creare accessori e decorazioni a tema floreale<\/p>\n<p><strong>21<\/strong> \u2013 ore 21,30 : SFILATA della collezione estate 2016 di ALTAMAREA BEACH WEAR<\/p>\n<p><strong>27<\/strong> &#8211; ore 16,30 : COLOR CORDS LAB . Laboratori novit\u00e0 per creare bracciali alla moda con semplici corde colorate da intrecciare. Insieme a NICE GROUP.<\/p>\n<p><strong>28<\/strong> &#8211; ore 21,30 &#8211;\u00a0 Serata speciale di ballo liscio e figurato con la partecipazione di RIMINI DANCE COMPANY<\/p>\n<p>&nbsp;<\/p>\n<p><strong>LUGLIO<\/strong><\/p>\n<p><strong>1<\/strong> &#8211; NOTTE ROSA\u00a0 : Oltre alle manifestazioni del calendario ufficiale della Riviera, alle ore 16,30 laboratori per bambini con FLOWER POWER (NICE GROUP) in rosa<\/p>\n<p><strong>4<\/strong> \u2013\u00a0 ore 16,30 : INDI DAY Presentazione del gioco di intreccio per capelli novit\u00e0 dell\u2019estate (NICE GROUP)<\/p>\n<p><strong>7<\/strong> \u2013 ore 21,30 : Serata speciale con la compagnia di ballo CARIOCA DANCE BALLET e le suggestioni dal Brasile<\/p>\n<p><strong>12<\/strong> \u2013 ore 21,30 : Sfilata di moda ALTAMAREA BEACH WEAR<\/p>\n<p><strong>13<\/strong> \u2013 ore 16,30 :Torneo di piadina romagnola a squadre in collaborazione con ARTIGIANPIADA<\/p>\n<p><strong>14<\/strong> \u2013 Mattina e pomeriggio, durante le attivit\u00e0 del Miniclub, laboratori di eco sostenibilit\u00e0 per bambini<\/p>\n<p>&#8211;\u00a0\u00a0\u00a0\u00a0\u00a0\u00a0\u00a0\u00a0\u00a0 Ore 21,30 : Serata speciale ECOBEACHDAY, con moda, design e spettacolo a tema ECO<\/p>\n<p>18 \u2013 ore 21,30 : SFILATA di moda curvy\u00a0 della collezione dello stilista ALBERTO CACCIARI<\/p>\n<p><strong>24<\/strong> \u2013 ore 16,30 : Presentazione del romanzo \u201cCenere di mandorlo\u201d di Manuela Stefani (Mondadori). Nel gazebo della lettura, firmacopie con l\u2019autrice.<\/p>\n<p><strong>29\/30\/31<\/strong> BEACH GAMES DELLA RIVIERA<\/p>\n<p>Le discipline 2016 : Torneo di PETEKA nel nuovissimo campo da Beach Volley, TOTAL FITNESS\u00a0 in piazzetta (con Bosu, Rebound e step a molle), Gara\u00a0 di lancio dell\u2019uovo\u00a0 con racchettoni in battigia.<\/p>\n<p>&nbsp;<\/p>\n<p><strong>AGOSTO<\/strong><\/p>\n<p><strong>5\/6\/7<\/strong> : SUPERHERO DAYS, con premi speciali Marvel durante le attivit\u00e0 per bambini, in collaborazione con HASBRO<\/p>\n<p><strong>8<\/strong> \u2013 ore 16,30 :Laboratori novit\u00e0 per creare bracciali alla moda con semplici corde colorate da intrecciare (NICE GROUP)<\/p>\n<p><strong>9<\/strong> \u2013 ore 21,30 Sfilata di moda ALTAMAREA BEACH WEAR<\/p>\n<p><strong>12<\/strong> \u2013 SUPER SOAKE BATTLE : Battaglia con pistole ad acqua NERF in battigia<\/p>\n<p><strong>14<\/strong> \u2013 ore 16,30 : CIAMBELLATA DI FERRAGOSTO con gli auguri per tutti gli ospiti di ALtamarea Beach Village<\/p>\n<p><strong>15<\/strong> \u2013 ore 10,00 : Laboratori creativi per bambini, per preparare le decorazioni per Ferragosto. Con FLOWER POWER (NICE GROUP)<\/p>\n<p>Per tutto il giorno e la sera, tornei e giochi speciali , e GRANDE SPETTACOLO PITOTECNICO<\/p>\n<p><strong>18<\/strong> \u2013 ore 21,30 : Serata speciale con la compagnia di ballo CARIOCA DANCE BALLET e le suggestioni dal Brasile<\/p>\n<p><strong>21<\/strong> \u2013 ore 16,30 : Torneo di piadina romagnola a squadre in collaborazione con ARTIGIANPIADA<\/p>\n<p><strong>22<\/strong> \u2013 ore 16,30 : INDI DAY, laboratori di treccine in collaborazione con NICE<\/p>\n<p><strong>29<\/strong> \u2013 ore 21,30 : Serata speciale di ballo liscio e figurato con la partecipazione di RIMINI DANCE COMPANY<\/p>\n<p>&nbsp;<\/p>\n<p>Per tutta l\u2019estate, gadget e premi forniti da <strong>SPONTEX<\/strong>, che presenter\u00e0 le novit\u00e0 delle spugne<strong> CALYPSO<\/strong><\/p>\n<p>Per i bambini, laboratori di <strong>PLAY DOH<\/strong> e <strong>DOH VINCI<\/strong>, la novit\u00e0 assoluta della pasta da modellare pi\u00f9 colorata del mondo.[\/vc_column_text][\/vc_column][\/vc_row]<\/p>\n<\/div>","protected":false},"excerpt":{"rendered":"<p>Find out the calendar of the special events at Altamarea Beach Club.<\/p>\n","protected":false},"author":1,"featured_media":3279,"parent":0,"menu_order":39,"comment_status":"closed","ping_status":"closed","template":"","meta":{"footnotes":""},"class_list":["post-3633","page","type-page","status-publish","has-post-thumbnail","hentry"],"_links":{"self":[{"href":"https:\/\/www.altamareabeachvillage.it\/en\/wp-json\/wp\/v2\/pages\/3633","targetHints":{"allow":["GET"]}}],"collection":[{"href":"https:\/\/www.altamareabeachvillage.it\/en\/wp-json\/wp\/v2\/pages"}],"about":[{"href":"https:\/\/www.altamareabeachvillage.it\/en\/wp-json\/wp\/v2\/types\/page"}],"author":[{"embeddable":true,"href":"https:\/\/www.altamareabeachvillage.it\/en\/wp-json\/wp\/v2\/users\/1"}],"replies":[{"embeddable":true,"href":"https:\/\/www.altamareabeachvillage.it\/en\/wp-json\/wp\/v2\/comments?post=3633"}],"version-history":[{"count":1,"href":"https:\/\/www.altamareabeachvillage.it\/en\/wp-json\/wp\/v2\/pages\/3633\/revisions"}],"predecessor-version":[{"id":3634,"href":"https:\/\/www.altamareabeachvillage.it\/en\/wp-json\/wp\/v2\/pages\/3633\/revisions\/3634"}],"wp:featuredmedia":[{"embeddable":true,"href":"https:\/\/www.altamareabeachvillage.it\/en\/wp-json\/wp\/v2\/media\/3279"}],"wp:attachment":[{"href":"https:\/\/www.altamareabeachvillage.it\/en\/wp-json\/wp\/v2\/media?parent=3633"}],"curies":[{"name":"wp","href":"https:\/\/api.w.org\/{rel}","templated":true}]}}