{"id":3659,"date":"2017-04-08T17:14:33","date_gmt":"2017-04-08T15:14:33","guid":{"rendered":"https:\/\/www.altamareabeachvillage.it\/?page_id=3659"},"modified":"2026-04-09T09:43:21","modified_gmt":"2026-04-09T07:43:21","slug":"ricerca-hotel","status":"publish","type":"page","link":"https:\/\/www.altamareabeachvillage.it\/en\/ricerca-hotel\/","title":{"rendered":"Hotels"},"content":{"rendered":"<div class=\"wpb-content-wrapper\"><p>[vc_row][vc_column][vc_column_text]<div id=\"wpgmza_map_1\" class=\"wpgmza_map wpgmza-auto-left\" style=\"display:block;width:100%;height:500px;overflow:hidden;position:relative;\" data-map-id=\"1\" data-maps-engine=\"google-maps\" data-build-engine=\"atlas-novus\" data-shortcode-attributes=\"{&quot;id&quot;:&quot;1&quot;,&quot;zoom&quot;:false,&quot;width&quot;:false,&quot;height&quot;:false,&quot;marker&quot;:false,&quot;classname&quot;:false,&quot;mashup&quot;:false,&quot;mashup_ids&quot;:false,&quot;cat&quot;:false,&quot;type&quot;:&quot;default&quot;,&quot;parent_id&quot;:false,&quot;lat&quot;:false,&quot;lng&quot;:false,&quot;mark_center&quot;:false,&quot;enable_category&quot;:false,&quot;directions_from&quot;:false,&quot;directions_to&quot;:false,&quot;directions_waypoints&quot;:false,&quot;directions_auto&quot;:false,&quot;disable_vgm_form&quot;:false,&quot;redirect_to&quot;:false}\" data-settings=\"{&quot;map_title&quot;:&quot;My first map&quot;,&quot;map_width&quot;:&quot;100&quot;,&quot;map_height&quot;:&quot;500&quot;,&quot;map_start_lat&quot;:&quot;43.9691443&quot;,&quot;map_start_lng&quot;:&quot;12.726301399999995&quot;,&quot;map_start_location&quot;:&quot;43.96986620096103,12.726691320444846&quot;,&quot;map_start_zoom&quot;:&quot;16&quot;,&quot;default_marker&quot;:&quot;&quot;,&quot;type&quot;:&quot;1&quot;,&quot;alignment&quot;:&quot;1&quot;,&quot;directions_enabled&quot;:&quot;0&quot;,&quot;styling_enabled&quot;:&quot;0&quot;,&quot;styling_json&quot;:&quot;&quot;,&quot;active&quot;:&quot;0&quot;,&quot;kml&quot;:&quot;&quot;,&quot;bicycle&quot;:&quot;1&quot;,&quot;traffic&quot;:&quot;1&quot;,&quot;dbox&quot;:&quot;1&quot;,&quot;dbox_width&quot;:&quot;100&quot;,&quot;listmarkers&quot;:&quot;0&quot;,&quot;listmarkers_advanced&quot;:&quot;0&quot;,&quot;filterbycat&quot;:&quot;0&quot;,&quot;ugm_enabled&quot;:&quot;0&quot;,&quot;ugm_category_enabled&quot;:&quot;0&quot;,&quot;fusion&quot;:&quot;&quot;,&quot;map_width_type&quot;:&quot;%&quot;,&quot;map_height_type&quot;:&quot;px&quot;,&quot;mass_marker_support&quot;:&quot;1&quot;,&quot;ugm_access&quot;:&quot;0&quot;,&quot;order_markers_by&quot;:&quot;1&quot;,&quot;order_markers_choice&quot;:&quot;2&quot;,&quot;show_user_location&quot;:&quot;1&quot;,&quot;default_to&quot;:&quot;&quot;,&quot;wpgmza_store_locator_restrict&quot;:&quot;it&quot;,&quot;wpgmza_sl_animation&quot;:&quot;1&quot;,&quot;store_locator_query_string&quot;:&quot;CAP \\\/ Indirizzo:&quot;,&quot;store_locator_name_string&quot;:&quot;Titolo \\\/ Descrizione:&quot;,&quot;store_locator_default_address&quot;:&quot;&quot;,&quot;wpgmza_dbox_width_type&quot;:&quot;%&quot;,&quot;map_max_zoom&quot;:&quot;3&quot;,&quot;map_min_zoom&quot;:&quot;21&quot;,&quot;sl_stroke_color&quot;:&quot;#ff0000&quot;,&quot;sl_stroke_opacity&quot;:&quot;0.25&quot;,&quot;sl_fill_color&quot;:&quot;#ff0000&quot;,&quot;sl_fill_opacity&quot;:&quot;0.15&quot;,&quot;click_open_link&quot;:false,&quot;transport_layer&quot;:true,&quot;iw_primary_color&quot;:&quot;#000000&quot;,&quot;iw_accent_color&quot;:&quot;#000000&quot;,&quot;iw_text_color&quot;:&quot;#000000&quot;,&quot;wpgmza_iw_type&quot;:&quot;0&quot;,&quot;list_markers_by&quot;:&quot;4&quot;,&quot;push_in_map&quot;:&quot;&quot;,&quot;push_in_map_placement&quot;:&quot;10&quot;,&quot;wpgmza_push_in_map_width&quot;:&quot;&quot;,&quot;wpgmza_push_in_map_height&quot;:&quot;&quot;,&quot;wpgmza_theme_data&quot;:&quot;&quot;,&quot;upload_default_ul_marker&quot;:&quot;&quot;,&quot;upload_default_sl_marker&quot;:&quot;&quot;,&quot;directions_box_component_anchor&quot;:&quot;1&quot;,&quot;action&quot;:&quot;wpgmza_save_map&quot;,&quot;redirect_to&quot;:&quot;\\\/wp-admin\\\/admin-post.php&quot;,&quot;map_id&quot;:&quot;1&quot;,&quot;wpgmza_savemap&quot;:&quot;Save Map&quot;,&quot;http_referer&quot;:&quot;\\\/wp-admin\\\/admin.php?page=wp-google-maps-menu&amp;amp;action=edit&amp;amp;map_id=1&quot;,&quot;wpgmza_id&quot;:&quot;1&quot;,&quot;wpgmza_start_location&quot;:&quot;43.9691443,12.726301399999995&quot;,&quot;wpgmza_start_zoom&quot;:&quot;16&quot;,&quot;wpgmza_map_align&quot;:&quot;1&quot;,&quot;store_locator_enabled&quot;:false,&quot;store_locator_distance&quot;:false,&quot;store_locator_search_area&quot;:&quot;radial&quot;,&quot;wpgmza_store_locator_default_radius&quot;:&quot;10&quot;,&quot;store_locator_auto_area_max_zoom&quot;:&quot;&quot;,&quot;wpgmza_store_locator_radius_style&quot;:&quot;legacy&quot;,&quot;store_locator_component_anchor&quot;:&quot;0&quot;,&quot;store_locator_button_style&quot;:&quot;&quot;,&quot;wpgmza_store_locator_bounce&quot;:false,&quot;upload_default_sl_marker_retina&quot;:false,&quot;store_locator_location_placeholder&quot;:&quot;&quot;,&quot;store_locator_name_search&quot;:false,&quot;store_locator_not_found_message&quot;:&quot;&quot;,&quot;store_locator_show_distance&quot;:false,&quot;store_locator_category&quot;:false,&quot;wpgmza_store_locator_use_their_location&quot;:false,&quot;wpgmza_store_locator_hide_before_search&quot;:false,&quot;store_locator_nearby_searches&quot;:false,&quot;directions_box_style&quot;:&quot;default&quot;,&quot;default_from&quot;:&quot;&quot;,&quot;directions_behaviour&quot;:&quot;default&quot;,&quot;force_google_directions_app&quot;:false,&quot;directions_route_origin_icon&quot;:&quot;https:\\\/\\\/wordpress.altamareabeachvillage.it\\\/wp-content\\\/plugins\\\/wp-google-maps\\\/images\\\/spotlight-poi3.png&quot;,&quot;directions_origin_retina&quot;:false,&quot;directions_route_destination_icon&quot;:&quot;https:\\\/\\\/wordpress.altamareabeachvillage.it\\\/wp-content\\\/plugins\\\/wp-google-maps\\\/images\\\/spotlight-poi3.png&quot;,&quot;directions_destination_retina&quot;:false,&quot;directions_route_stroke_color&quot;:&quot;#4d8df5&quot;,&quot;directions_route_stroke_weight&quot;:&quot;4&quot;,&quot;directions_route_stroke_opacity&quot;:&quot;0.8&quot;,&quot;directions_fit_bounds_to_route&quot;:false,&quot;wpgmza_ol_tile_filter&quot;:&quot;none&quot;,&quot;wpgmza_leaflet_tile_filter&quot;:&quot;none&quot;,&quot;custom_tile_enabled&quot;:false,&quot;custom_tile_image&quot;:&quot;&quot;,&quot;custom_tile_image_width&quot;:&quot;&quot;,&quot;custom_tile_image_height&quot;:&quot;&quot;,&quot;custom_tile_image_attribution&quot;:&quot;&quot;,&quot;iw_anchor_panel_card&quot;:&quot;7&quot;,&quot;close_infowindow_on_map_click&quot;:false,&quot;marker_share_links&quot;:false,&quot;wpgmza_listmarkers_by&quot;:&quot;0&quot;,&quot;marker_listing_component_anchor&quot;:&quot;1&quot;,&quot;marker_listing_component_auto_open&quot;:false,&quot;marker_listing_nudge_marker_center&quot;:false,&quot;marker_listing_nudge_x&quot;:&quot;&quot;,&quot;marker_listing_nudge_y&quot;:&quot;&quot;,&quot;category_filter_component_anchor&quot;:&quot;0&quot;,&quot;category_filter_label_string&quot;:&quot;&quot;,&quot;zoom_level_on_marker_listing_override&quot;:false,&quot;zoom_level_on_marker_listing_click&quot;:&quot;&quot;,&quot;marker_listing_disable_zoom&quot;:false,&quot;dataTable_pagination_style&quot;:&quot;default&quot;,&quot;datatable_no_result_message&quot;:&quot;&quot;,&quot;remove_search_box_datables&quot;:false,&quot;datatable_search_string&quot;:&quot;&quot;,&quot;datatable_result_start&quot;:&quot;&quot;,&quot;datatable_result_of&quot;:&quot;&quot;,&quot;datatable_result_to&quot;:&quot;&quot;,&quot;datatable_result_total&quot;:&quot;&quot;,&quot;datatable_result_show&quot;:&quot;&quot;,&quot;datatable_result_entries&quot;:&quot;&quot;,&quot;category_legends_enabled&quot;:false,&quot;category_legends_component_anchor&quot;:&quot;8&quot;,&quot;category_legends_style&quot;:&quot;&quot;,&quot;category_legends_label_string&quot;:&quot;&quot;,&quot;jump_to_nearest_marker_on_initialization&quot;:false,&quot;wpgmza_zoom_on_marker_click&quot;:false,&quot;wpgmza_zoom_on_marker_click_slider&quot;:&quot;&quot;,&quot;enable_marker_labels&quot;:false,&quot;polygon_labels&quot;:false,&quot;disable_polygon_info_windows&quot;:false,&quot;shape_filtering&quot;:false,&quot;fit_maps_bounds_to_markers&quot;:false,&quot;fit_maps_bounds_to_markers_after_filtering&quot;:false,&quot;restrict_map_bounds&quot;:false,&quot;restrict_boundary_corner_a&quot;:&quot;&quot;,&quot;restrict_boundary_corner_b&quot;:&quot;&quot;,&quot;upload_default_ul_marker_retina&quot;:false,&quot;automatically_pan_to_users_location&quot;:false,&quot;enable_user_location_control&quot;:false,&quot;override_users_location_zoom_level&quot;:false,&quot;override_users_location_zoom_levels&quot;:&quot;&quot;,&quot;show_distance_from_location&quot;:false,&quot;map_starts_in_streetview&quot;:false,&quot;map_starts_in_streetview_location&quot;:&quot;&quot;,&quot;map_starts_in_streetview_heading&quot;:&quot;&quot;,&quot;map_starts_in_streetview_pitch&quot;:&quot;&quot;,&quot;hide_point_of_interest&quot;:false,&quot;retina&quot;:false,&quot;default_hover_marker&quot;:&quot;&quot;,&quot;default_hover_marker_retina&quot;:false,&quot;default_select_marker&quot;:&quot;&quot;,&quot;default_select_marker_retina&quot;:false,&quot;disable_lightbox_images&quot;:false,&quot;use_Raw_Jpeg_Coordinates&quot;:false,&quot;enable_map_reset_control&quot;:false,&quot;zoom_level_mobile_override_enabled&quot;:false,&quot;zoom_level_mobile_override&quot;:&quot;&quot;,&quot;map_dimensions_mobile_override_enabled&quot;:false,&quot;map_mobile_width&quot;:&quot;100&quot;,&quot;map_mobile_width_type&quot;:&quot;%&quot;,&quot;map_mobile_height&quot;:&quot;200&quot;,&quot;map_mobile_height_type&quot;:&quot;px&quot;,&quot;enable_advanced_custom_fields_integration&quot;:false,&quot;enable_toolset_woocommerce_integration&quot;:false,&quot;enable_woo_product_integration&quot;:false,&quot;enable_post_type_locations_integration&quot;:false,&quot;lazyload_info_window_content&quot;:false,&quot;only_load_markers_within_viewport&quot;:false,&quot;marker_fields_component_anchor&quot;:&quot;9&quot;,&quot;id&quot;:1}\" ><\/div>[\/vc_column_text][\/vc_column][\/vc_row][vc_row][vc_column width=&#8221;1\/2&#8243;][vc_column_text css=&#8221;&#8221;]<\/p>\n<h4 style=\"text-align: center;\"><em>We&#8217;re helping you find the best hotel for you and your family!<\/em><\/h4>\n<p>Altamarea Beach Village has selected a few hotels and residences in Cattolica to help you plan your best holiday!<br \/>\nOn the map above, move your mouse cursor and click on one of the blue markers: you\u2019ll see a photo of the hotel and read a description of its services. By filling out the hotel offers form, you can easily receive the best offers from Cattolica hotels by email.<\/p>\n<p>The <strong>seafront hotels with swimming pools<\/strong> are: Grand Hotel Diplomat, Hotel Negresco, and Hotel Caravelle (four stars).<br \/>\nOther <strong>hotels with swimming pools<\/strong> include: Hotel Universal, Hotel Plaza, Hotel Ambasciatori, Hotel Arena, and Hotel President.<br \/>\nFinally, the hotels with<strong> the best quality\/price ratio<\/strong> are: Hotel Aragosta, Hotel Acapulco, Hotel Florida, Hotel Hamiltown, Hotel Sahib, Hotel Niagara, Hotel Chic, Hotel La Plage, and Residence Poker.<br \/>\nAltamarea Village offers all its guests staying at these hotels access to the beach pool, beach entertainment service, lifeguard service, storage rooms for toys, mattresses, boats, changing cabins, showers, toilets, nursery, and the use of beach services such as the mini-park for children, p\u00e9tanque, ping-pong, beach volleyball, beach football, basketball, and many more. On the beach, there is also (paying) the largest wellness center on Cattolica beach, with hydromassage in an exotic and relaxing atmosphere and also our boat rental services.<br \/>\nDuring your stay, Altamarea Beach Village can also suggest interesting itineraries for excursions, small boat trips, cultural and food-and-wine tours.<br \/>\n<strong>Ask the Altamarea Beach Village team for advice, they know their territory better than anyone!<\/strong>[\/vc_column_text][\/vc_column][vc_column width=&#8221;1\/2&#8243;][vc_column_text]\n<div class=\"wpcf7 no-js\" id=\"wpcf7-f3761-o1\" lang=\"it-IT\" dir=\"ltr\" data-wpcf7-id=\"3761\">\n<div class=\"screen-reader-response\"><p role=\"status\" aria-live=\"polite\" aria-atomic=\"true\"><\/p> <ul><\/ul><\/div>\n<form action=\"\/en\/wp-json\/wp\/v2\/pages\/3659#wpcf7-f3761-o1\" method=\"post\" class=\"wpcf7-form init\" aria-label=\"Modulo di contatto\" novalidate=\"novalidate\" data-status=\"init\">\n<fieldset class=\"hidden-fields-container\"><input type=\"hidden\" name=\"_wpcf7\" value=\"3761\" \/><input type=\"hidden\" name=\"_wpcf7_version\" value=\"6.1.4\" \/><input type=\"hidden\" name=\"_wpcf7_locale\" value=\"it_IT\" \/><input type=\"hidden\" name=\"_wpcf7_unit_tag\" value=\"wpcf7-f3761-o1\" \/><input type=\"hidden\" name=\"_wpcf7_container_post\" value=\"0\" \/><input type=\"hidden\" name=\"_wpcf7_posted_data_hash\" value=\"\" \/>\n<\/fieldset>\n<div class=\"wpcf7-turnstile cf-turnstile\" data-sitekey=\"0x4AAAAAAChGf3uY8JQ8eyoL\" data-response-field-name=\"_wpcf7_turnstile_response\"><\/div>\n\n<p><label> Nome*<br \/>\n<span class=\"wpcf7-form-control-wrap\" data-name=\"Nome\"><input size=\"40\" maxlength=\"400\" class=\"wpcf7-form-control wpcf7-text wpcf7-validates-as-required\" aria-required=\"true\" aria-invalid=\"false\" value=\"\" type=\"text\" name=\"Nome\" \/><\/span> <\/label>\n<\/p>\n<p><label> Cognome*<br \/>\n<span class=\"wpcf7-form-control-wrap\" data-name=\"Cognome\"><input size=\"40\" maxlength=\"400\" class=\"wpcf7-form-control wpcf7-text wpcf7-validates-as-required\" aria-required=\"true\" aria-invalid=\"false\" value=\"\" type=\"text\" name=\"Cognome\" \/><\/span> <\/label>\n<\/p>\n<p><label> Indirizzo<br \/>\n<span class=\"wpcf7-form-control-wrap\" data-name=\"Indirizzo\"><input size=\"40\" maxlength=\"400\" class=\"wpcf7-form-control wpcf7-text\" aria-invalid=\"false\" value=\"\" type=\"text\" name=\"Indirizzo\" \/><\/span> <\/label>\n<\/p>\n<p><label> CAP<br \/>\n<span class=\"wpcf7-form-control-wrap\" data-name=\"CAP\"><input size=\"40\" maxlength=\"400\" class=\"wpcf7-form-control wpcf7-text\" aria-invalid=\"false\" value=\"\" type=\"text\" name=\"CAP\" \/><\/span> <\/label>\n<\/p>\n<p><label> Citt\u00e0<br \/>\n<span class=\"wpcf7-form-control-wrap\" data-name=\"Citta\"><input size=\"40\" maxlength=\"400\" class=\"wpcf7-form-control wpcf7-text\" aria-invalid=\"false\" value=\"\" type=\"text\" name=\"Citta\" \/><\/span> <\/label>\n<\/p>\n<p><label> Provincia<br \/>\n<span class=\"wpcf7-form-control-wrap\" data-name=\"Provincia\"><input size=\"40\" maxlength=\"400\" class=\"wpcf7-form-control wpcf7-text\" aria-invalid=\"false\" value=\"\" type=\"text\" name=\"Provincia\" \/><\/span> <\/label>\n<\/p>\n<p><label> Email*<br \/>\n<span class=\"wpcf7-form-control-wrap\" data-name=\"Email\"><input size=\"40\" maxlength=\"400\" class=\"wpcf7-form-control wpcf7-email wpcf7-validates-as-required wpcf7-text wpcf7-validates-as-email\" aria-required=\"true\" aria-invalid=\"false\" value=\"\" type=\"email\" name=\"Email\" \/><\/span> <\/label>\n<\/p>\n<p><label> Telefono<br \/>\n<span class=\"wpcf7-form-control-wrap\" data-name=\"Telefono\"><input size=\"40\" maxlength=\"400\" class=\"wpcf7-form-control wpcf7-tel wpcf7-text wpcf7-validates-as-tel\" aria-invalid=\"false\" value=\"\" type=\"tel\" name=\"Telefono\" \/><\/span> <\/label>\n<\/p>\n<p><label> Data arrivo<br \/>\n<span class=\"wpcf7-form-control-wrap\" data-name=\"Arrivo\"><input class=\"wpcf7-form-control wpcf7-date wpcf7-validates-as-required wpcf7-validates-as-date\" aria-required=\"true\" aria-invalid=\"false\" value=\"\" type=\"date\" name=\"Arrivo\" \/><\/span> <\/label>\n<\/p>\n<p><label> Data partenza<br \/>\n<span class=\"wpcf7-form-control-wrap\" data-name=\"Partenza\"><input class=\"wpcf7-form-control wpcf7-date wpcf7-validates-as-required wpcf7-validates-as-date\" aria-required=\"true\" aria-invalid=\"false\" value=\"\" type=\"date\" name=\"Partenza\" \/><\/span> <\/label>\n<\/p>\n<p>Tipo camera <span class=\"wpcf7-form-control-wrap\" data-name=\"Tipo\"><span class=\"wpcf7-form-control wpcf7-radio\"><span class=\"wpcf7-list-item first\"><input type=\"radio\" name=\"Tipo\" value=\"Singola\" \/><span class=\"wpcf7-list-item-label\">Singola<\/span><\/span><span class=\"wpcf7-list-item\"><input type=\"radio\" name=\"Tipo\" value=\"Doppia\" checked=\"checked\" \/><span class=\"wpcf7-list-item-label\">Doppia<\/span><\/span><span class=\"wpcf7-list-item\"><input type=\"radio\" name=\"Tipo\" value=\"Tripla\" \/><span class=\"wpcf7-list-item-label\">Tripla<\/span><\/span><span class=\"wpcf7-list-item last\"><input type=\"radio\" name=\"Tipo\" value=\"Quadrupla\" \/><span class=\"wpcf7-list-item-label\">Quadrupla<\/span><\/span><\/span><\/span>\n<\/p>\n<p>Trattamento <span class=\"wpcf7-form-control-wrap\" data-name=\"Trattamento\"><span class=\"wpcf7-form-control wpcf7-radio\"><span class=\"wpcf7-list-item first\"><input type=\"radio\" name=\"Trattamento\" value=\"Camera e colazione\" \/><span class=\"wpcf7-list-item-label\">Camera e colazione<\/span><\/span><span class=\"wpcf7-list-item\"><input type=\"radio\" name=\"Trattamento\" value=\"Mezza pensione\" checked=\"checked\" \/><span class=\"wpcf7-list-item-label\">Mezza pensione<\/span><\/span><span class=\"wpcf7-list-item last\"><input type=\"radio\" name=\"Trattamento\" value=\"Pensione completa\" \/><span class=\"wpcf7-list-item-label\">Pensione completa<\/span><\/span><\/span><\/span>\n<\/p>\n<p><label> Quanti adulti? <span class=\"wpcf7-form-control-wrap\" data-name=\"Adulti\"><input class=\"wpcf7-form-control wpcf7-number wpcf7-validates-as-number\" min=\"1\" max=\"4\" aria-invalid=\"false\" placeholder=\"1\" value=\"\" type=\"number\" name=\"Adulti\" \/><\/span> <\/label>\n<\/p>\n<p><label> Et\u00e0 primo bambino <span class=\"wpcf7-form-control-wrap\" data-name=\"Primo_bambino\"><select class=\"wpcf7-form-control wpcf7-select\" aria-invalid=\"false\" name=\"Primo_bambino\"><option value=\"\">&#8212;Seleziona un&#039;opzione&#8212;<\/option><option value=\"1\">1<\/option><option value=\"2\">2<\/option><option value=\"3\">3<\/option><option value=\"4\">4<\/option><option value=\"5\">5<\/option><option value=\"6\">6<\/option><option value=\"7\">7<\/option><option value=\"8\">8<\/option><option value=\"9\">9<\/option><option value=\"10\">10<\/option><option value=\"11\">11<\/option><option value=\"12\">12<\/option><option value=\"13\">13<\/option><option value=\"14\">14<\/option><\/select><\/span><\/label>\n<\/p>\n<p><label> Et\u00e0 secondo bambino <span class=\"wpcf7-form-control-wrap\" data-name=\"Secondo_bambino\"><select class=\"wpcf7-form-control wpcf7-select\" aria-invalid=\"false\" name=\"Secondo_bambino\"><option value=\"\">&#8212;Seleziona un&#039;opzione&#8212;<\/option><option value=\"1\">1<\/option><option value=\"2\">2<\/option><option value=\"3\">3<\/option><option value=\"4\">4<\/option><option value=\"5\">5<\/option><option value=\"6\">6<\/option><option value=\"7\">7<\/option><option value=\"8\">8<\/option><option value=\"9\">9<\/option><option value=\"10\">10<\/option><option value=\"11\">11<\/option><option value=\"12\">12<\/option><option value=\"13\">13<\/option><option value=\"14\">14<\/option><\/select><\/span><\/label>\n<\/p>\n<p><label> Et\u00e0 terzo bambino <span class=\"wpcf7-form-control-wrap\" data-name=\"Terzo_bambino\"><select class=\"wpcf7-form-control wpcf7-select\" aria-invalid=\"false\" name=\"Terzo_bambino\"><option value=\"\">&#8212;Seleziona un&#039;opzione&#8212;<\/option><option value=\"1\">1<\/option><option value=\"2\">2<\/option><option value=\"3\">3<\/option><option value=\"4\">4<\/option><option value=\"5\">5<\/option><option value=\"6\">6<\/option><option value=\"7\">7<\/option><option value=\"8\">8<\/option><option value=\"9\">9<\/option><option value=\"10\">10<\/option><option value=\"11\">11<\/option><option value=\"12\">12<\/option><option value=\"13\">13<\/option><option value=\"14\">14<\/option><\/select><\/span><\/label>\n<\/p>\n<p><label> Note aggiuntive<br \/>\n<span class=\"wpcf7-form-control-wrap\" data-name=\"Note_aggiuntive\"><textarea cols=\"40\" rows=\"10\" maxlength=\"2000\" class=\"wpcf7-form-control wpcf7-textarea\" aria-invalid=\"false\" name=\"Note_aggiuntive\"><\/textarea><\/span> <\/label>\n<\/p>\n<p><label><br \/>\n<textarea style=\"width:100%\" rows=\"5\" disabled=\"disabled\">Informativa ex Art. 13 Decreto legislativo 30 giugno 2003, n. 196 - Codice in materia di protezione dei dati personali, Ai sensi del Decreto legislativo 30 giugno 2003, n. 196 - Codice in materia di protezione dei dati personali. Vi informiamo che i dati personali forniti dall'Utente saranno raccolti e trattati da Altamarea Beach Village, in modalit\u00e0 informatica e\/o cartacee, per essere utilizzati ai fini del presente servizio, per l'adempimento di ogni obbligo di legge, nonch\u00e9 per finalit\u00e0 funzionali all'attivit\u00e0 svolta da Altamarea Beach Village, quali la rilevazione del grado di soddisfazione della clientela sulla qualit\u00e0 dei servizi resi, la promozione e\/o la vendita di prodotti e servizi, l'elaborazione di studi e ricerche di mercato, lo svolgimento di attivit\u00e0 di pubbliche relazioni e per finalit\u00e0 informative, statistiche o scientifiche. I dati forniti potrebbero altres\u00ec essere comunicati a soggetti terzi per le finalit\u00e0 di cui sopra e\/o trasferiti all'estero. In forza ed ai sensi degli articoli 7-8-9-10 del Decreto legislativo 30 giugno 2003, n. 196 - Codice in materia di protezione dei dati personali, in qualsiasi momento gli utenti potranno chiedere per iscritto informazioni in merito ai dati archiviati, farli modificare, cancellare o opporsi al loro ulteriore utilizzo, nonch\u00e9 esercitare gli altri diritti dal medesimo articolo previsti inviando una e-mail a bagnini@altamareabeachvillage.it. Si informa che la modifica e\/o cancellazione dall'archivio dei dati archiviati, potrebbe limitare o inibire l'invio dei servizi richiesti. Il titolare del trattamento \u00e8 Altamarea Beach Village - Cattolica. Si informa che in mancanza del consenso al trattamento ed alla comunicazione dei dati come sopra indicato il presente servizio non potr\u00e0 essere eseguito. Presa conoscenza della sopraestesa nota informativa<\/textarea><\/label><br \/>\n<label><span class=\"wpcf7-form-control-wrap\" data-name=\"Accettazione\"><span class=\"wpcf7-form-control wpcf7-checkbox wpcf7-validates-as-required\"><span class=\"wpcf7-list-item first last\"><input type=\"checkbox\" name=\"Accettazione[]\" value=\"Consenso*\" \/><span class=\"wpcf7-list-item-label\">Consenso*<\/span><\/span><\/span><\/span><\/label>\n<\/p>\n<p><input class=\"wpcf7-form-control wpcf7-submit has-spinner\" type=\"submit\" value=\"Invia\" \/>\n<\/p><div class=\"wpcf7-response-output\" aria-hidden=\"true\"><\/div>\n<\/form>\n<\/div>\n[\/vc_column_text][\/vc_column][\/vc_row]<\/p>\n<\/div>","protected":false},"excerpt":{"rendered":"<p>Il rapporto QUALITA&#8217;\/PREZZO degli Hotel Altamarea \u00e8 particolarmente vantaggioso e gli ospiti si trovano bene e ci ritornano ogni anno, anche pi\u00f9 di una volta durante l&#8217; estate. Gli Hotel fronte mare con piscina sono&#8230; TROVA IL TUO HOTEL&#8230;<\/p>\n","protected":false},"author":1,"featured_media":5076,"parent":0,"menu_order":3,"comment_status":"closed","ping_status":"closed","template":"","meta":{"powered_cache_disable_cache":false,"footnotes":""},"class_list":["post-3659","page","type-page","status-publish","has-post-thumbnail","hentry"],"_links":{"self":[{"href":"https:\/\/www.altamareabeachvillage.it\/en\/wp-json\/wp\/v2\/pages\/3659","targetHints":{"allow":["GET"]}}],"collection":[{"href":"https:\/\/www.altamareabeachvillage.it\/en\/wp-json\/wp\/v2\/pages"}],"about":[{"href":"https:\/\/www.altamareabeachvillage.it\/en\/wp-json\/wp\/v2\/types\/page"}],"author":[{"embeddable":true,"href":"https:\/\/www.altamareabeachvillage.it\/en\/wp-json\/wp\/v2\/users\/1"}],"replies":[{"embeddable":true,"href":"https:\/\/www.altamareabeachvillage.it\/en\/wp-json\/wp\/v2\/comments?post=3659"}],"version-history":[{"count":10,"href":"https:\/\/www.altamareabeachvillage.it\/en\/wp-json\/wp\/v2\/pages\/3659\/revisions"}],"predecessor-version":[{"id":6920,"href":"https:\/\/www.altamareabeachvillage.it\/en\/wp-json\/wp\/v2\/pages\/3659\/revisions\/6920"}],"wp:featuredmedia":[{"embeddable":true,"href":"https:\/\/www.altamareabeachvillage.it\/en\/wp-json\/wp\/v2\/media\/5076"}],"wp:attachment":[{"href":"https:\/\/www.altamareabeachvillage.it\/en\/wp-json\/wp\/v2\/media?parent=3659"}],"curies":[{"name":"wp","href":"https:\/\/api.w.org\/{rel}","templated":true}]}}