{"id":3736,"date":"2017-05-28T13:04:07","date_gmt":"2017-05-28T11:04:07","guid":{"rendered":"https:\/\/www.altamareabeachvillage.it\/animazione\/"},"modified":"2026-03-20T18:07:46","modified_gmt":"2026-03-20T17:07:46","slug":"animazione","status":"publish","type":"page","link":"https:\/\/www.altamareabeachvillage.it\/fr\/animazione\/","title":{"rendered":"Animation"},"content":{"rendered":"<div class=\"wpb-content-wrapper\"><p>[vc_row][vc_column][vc_column_text css=\u00a0\u00bb\u00a0\u00bb]<\/p>\n<h1 style=\"text-align: center;\">L&rsquo;Altamarea Beach Village de Cattolica, la plage avec les meilleures animations !<\/h1>\n<p style=\"text-align: center;\">A l\u2019Altamarea Beach Village de Cattolica, on ne s\u2019ennuie jamais ! Chaque jour, d\u00e9couvrez de nombreuses activit\u00e9s amusantes men\u00e9es par un groupe d\u2019animateurs fantaisistes, sympathiques, sportifs et qualifi\u00e9s qui \u00e9gaieront vos journ\u00e9es et vos soir\u00e9es \u00e0 la plage, ainsi que celles de vos enfants.<\/p>\n<p><img loading=\"lazy\" decoding=\"async\" class=\"aligncenter\" src=\"https:\/\/legacy.altamareabeachvillage.it\/images\/FOTOANIMAZIONE_014.png\" alt=\"\" width=\"723\" height=\"664\" \/><br \/>\nL\u2019animation riche et efficace, avec un abondant programme qui couvre tous les horaires de la journ\u00e9e et de la soir\u00e9e est la cerise sur le g\u00e2teau qu&rsquo;est l\u2019Altamarea Beach Village! Gymnastique aquatique, a\u00e9robique, danses en groupe, tournois sportifs, mini-club, jeux et f\u00eates nocturnes animent les vacances des jeunes, nombreux \u00e0 l\u2019Altamarea, des parents sans oublier de tous les petits.<\/p>\n<h4>Programme de l&rsquo;\u00e9t\u00e9 2025:<br \/>\nRestez avec nous, car le programme de l&rsquo;\u00e9t\u00e9 2026 arrive tr\u00e8s bient\u00f4t!<\/h4>\n<h1>Programme jour<\/h1>\n<p><img loading=\"lazy\" decoding=\"async\" class=\"aligncenter\" src=\"https:\/\/legacy.altamareabeachvillage.it\/images\/WhatsApp_Image_2025-06-05_%C3%A0_14.04_.18_56c5ec4c_3.jpg\" alt=\"\" width=\"599\" height=\"847\" \/><\/p>\n<h1>Programme nuit<\/h1>\n<p><img loading=\"lazy\" decoding=\"async\" class=\"aligncenter\" src=\"https:\/\/legacy.altamareabeachvillage.it\/images\/WhatsApp_Image_2025-06-05_%C3%A0_14.04_.18_0d17f9d3_3.jpg\" alt=\"\" width=\"607\" height=\"858\" \/><\/p>\n<p>&nbsp;<\/p>\n<h1>Programme Fitness<\/h1>\n<p><img loading=\"lazy\" decoding=\"async\" class=\"aligncenter\" src=\"https:\/\/legacy.altamareabeachvillage.it\/images\/WhatsApp_Image_2025-06-05_%C3%A0_14.04_.18_f434e9bc_3.jpg\" alt=\"\" width=\"612\" height=\"866\" \/><\/p>\n<p>&nbsp;<\/p>\n<h5 style=\"text-align: center;\" data-start=\"105\" data-end=\"408\"><strong data-start=\"105\" data-end=\"126\">ATELIERS CR\u00c9ATIFS<\/strong><\/h5>\n<p style=\"text-align: center;\" data-start=\"105\" data-end=\"408\">L\u2019atelier pour les enfants, \u00e0 l\u2019Altamarea Beach Village, est un v\u00e9ritable vivier d\u2019id\u00e9es \u00e0 r\u00e9aliser en s\u2019amusant simplement, gr\u00e2ce \u00e0 Daniela Franceschelli. Sur une plage o\u00f9 tout se recycle et se r\u00e9g\u00e9n\u00e8re, m\u00eame un simple carton devient un joli souvenir de vacances \u00e0 accrocher dans la chambre.<\/p>\n<blockquote>\n<p data-start=\"105\" data-end=\"408\"><strong>A l&rsquo;Altamarea Beach village, on ne s&rsquo;ennuie jamais!<\/strong><\/p>\n<\/blockquote>\n<p style=\"text-align: left;\"><span style=\"color: #555555; font-family: Raleway; font-size: 14px; font-style: normal;\">Chaque jour, de nombreuses activit\u00e9s toujours nouvelles et amusantes, avec une \u00e9quipe d\u2019animateurs cr\u00e9atifs, sympathiques, sportifs et qualifi\u00e9s, qui rendront vos journ\u00e9es \u00e0 la plage et vos soir\u00e9es encore plus joyeuses, pour vous et vos enfants !<\/span><\/p>\n<p data-start=\"105\" data-end=\"408\"><img loading=\"lazy\" decoding=\"async\" class=\"aligncenter\" src=\"https:\/\/legacy.altamareabeachvillage.it\/images\/Captureregzgz.PNG\" alt=\"\" width=\"288\" height=\"375\" \/><\/p>\n<p data-start=\"720\" data-end=\"863\">L\u2019animation riche et bien organis\u00e9e, avec un programme couvrant tous les horaires de la journ\u00e9e et du soir, est le point fort de l\u2019Altamarea.<img loading=\"lazy\" decoding=\"async\" class=\"aligncenter\" src=\"https:\/\/legacy.altamareabeachvillage.it\/images\/WhatsApp_Image_2025-06-20_%C3%A0_12.48_.34_484f7601_(1)_.jpg\" alt=\"\" width=\"325\" height=\"488\" \/><\/p>\n<p data-start=\"865\" data-end=\"1194\">Les enfants participeront \u00e0 des activit\u00e9s cr\u00e9atives comme la fabrication de jouets \u00e0 partir de mat\u00e9riaux recycl\u00e9s (papier, carton, bouteilles en plastique, petits bois, coquillages, et bien plus encore). Des personnages enchant\u00e9s prendront vie : f\u00e9es, princes, lutins, poussins et tortues musicales, et des contes anim\u00e9s fascinants seront mis en sc\u00e8ne.<\/p>\n<p data-start=\"1348\" data-end=\"1571\">Chaque semaine un nouveau th\u00e8me est propos\u00e9 : magie, bulles de savon, peinture, d\u00e9guisements\u2026 et les v\u00e9ritables stars seront toujours les petits invit\u00e9s.<\/p>\n<p>[\/vc_column_text][\/vc_column][\/vc_row]<\/p>\n<\/div>","protected":false},"excerpt":{"rendered":"<p>[vc_row][vc_column][vc_column_text css=\u00a0\u00bb\u00a0\u00bb] L&rsquo;Altamarea Beach Village de Cattolica, la plage avec les meilleures animations ! A l\u2019Altamarea Beach Village de Cattolica, on ne s\u2019ennuie jamais ! Chaque jour, d\u00e9couvrez de nombreuses activit\u00e9s amusantes men\u00e9es par un groupe d\u2019animateurs fantaisistes, sympathiques, sportifs et qualifi\u00e9s qui \u00e9gaieront vos journ\u00e9es et vos soir\u00e9es \u00e0 la plage, ainsi que celles [&hellip;]<\/p>\n","protected":false},"author":3,"featured_media":5074,"parent":0,"menu_order":1,"comment_status":"closed","ping_status":"closed","template":"","meta":{"powered_cache_disable_cache":false,"footnotes":""},"class_list":["post-3736","page","type-page","status-publish","has-post-thumbnail","hentry"],"_links":{"self":[{"href":"https:\/\/www.altamareabeachvillage.it\/fr\/wp-json\/wp\/v2\/pages\/3736","targetHints":{"allow":["GET"]}}],"collection":[{"href":"https:\/\/www.altamareabeachvillage.it\/fr\/wp-json\/wp\/v2\/pages"}],"about":[{"href":"https:\/\/www.altamareabeachvillage.it\/fr\/wp-json\/wp\/v2\/types\/page"}],"author":[{"embeddable":true,"href":"https:\/\/www.altamareabeachvillage.it\/fr\/wp-json\/wp\/v2\/users\/3"}],"replies":[{"embeddable":true,"href":"https:\/\/www.altamareabeachvillage.it\/fr\/wp-json\/wp\/v2\/comments?post=3736"}],"version-history":[{"count":9,"href":"https:\/\/www.altamareabeachvillage.it\/fr\/wp-json\/wp\/v2\/pages\/3736\/revisions"}],"predecessor-version":[{"id":6308,"href":"https:\/\/www.altamareabeachvillage.it\/fr\/wp-json\/wp\/v2\/pages\/3736\/revisions\/6308"}],"wp:featuredmedia":[{"embeddable":true,"href":"https:\/\/www.altamareabeachvillage.it\/fr\/wp-json\/wp\/v2\/media\/5074"}],"wp:attachment":[{"href":"https:\/\/www.altamareabeachvillage.it\/fr\/wp-json\/wp\/v2\/media?parent=3736"}],"curies":[{"name":"wp","href":"https:\/\/api.w.org\/{rel}","templated":true}]}}