{"id":3800,"date":"2017-06-05T11:39:16","date_gmt":"2017-06-05T09:39:16","guid":{"rendered":"https:\/\/www.altamareabeachvillage.it\/bau-beach\/"},"modified":"2026-03-19T16:07:09","modified_gmt":"2026-03-19T15:07:09","slug":"bau-beach","status":"publish","type":"page","link":"https:\/\/www.altamareabeachvillage.it\/fr\/bau-beach\/","title":{"rendered":"Bau Beach"},"content":{"rendered":"<div class=\"wpb-content-wrapper\"><p>[vc_row][vc_column][vc_column_text css=\u00a0\u00bb\u00a0\u00bb]<\/p>\n<h1><\/h1>\n<p data-start=\"16\" data-end=\"144\"><img loading=\"lazy\" decoding=\"async\" class=\"aligncenter\" src=\"https:\/\/legacy.altamareabeachvillage.it\/images\/bau_beach_logo_web1.jpg\" alt=\"\" width=\"995\" height=\"576\" \/><\/p>\n<p data-start=\"71\" data-end=\"181\"><strong data-start=\"80\" data-end=\"98\">***NOUVEAUT\u00c9 2025***<\/strong>\u00a0:\u00a0<strong>le Bau Garden, un jardin pr\u00e8s de l\u2019Altamarea o\u00f9 les chiens peuvent \u00eatre libres !<\/strong><\/p>\n<h1 style=\"text-align: center;\">La Bau Beach : l\u00e0 o\u00f9 votre chien peut plonger. Et vous, enfin, vous d\u00e9tendre!<\/h1>\n<p>Bienvenue \u00e0 la seule\u00a0<strong data-start=\"291\" data-end=\"317\">Bau Beach de Cattolica<\/strong>\u00a0o\u00f9 les chiens peuvent se baigner en mer. Oui, vous avez bien lu :\u00a0<strong data-start=\"384\" data-end=\"423\">autorisation officielle de baignade<\/strong>, car ici les chiens ne sont pas simplement \u00ab\u00a0tol\u00e9r\u00e9s\u00a0\u00bb, ils sont des\u00a0<strong data-start=\"491\" data-end=\"511\">invit\u00e9s tr\u00e8s sp\u00e9ciaux<\/strong>.<\/p>\n<blockquote><p>Horaires de baignade : le matin de 6h00 \u00e0 7h30 et le soir de 20h00 \u00e0 21h30.<\/p><\/blockquote>\n<p>Avez-vous d\u00e9j\u00e0 vu votre chien remuer la queue sous le parasol, heureux, le nez encore plein de sable ? \u00c0 la\u00a0<strong data-start=\"702\" data-end=\"727\">Bau Beach d\u2019Altamarea<\/strong>, cela arrive tous les jours, avec\u00a0<strong data-start=\"763\" data-end=\"794\">amour, attention et respect<\/strong>.<\/p>\n<p><img loading=\"lazy\" decoding=\"async\" class=\"\" src=\"https:\/\/symbl-cdn.com\/i\/webp\/be\/f154b24d3532e67d8d943112e5b931.webp\" alt=\"\ud83d\udc15 - Cane Significato dell'emoji, copia e incolla\" width=\"25\" height=\"25\" data-cmp-ab=\"2\" data-cmp-info=\"10\" \/>\u00a0 Nous avons construit un espace entour\u00e9 de jolies barri\u00e8res color\u00e9es pour y placer des parasols plus amples, pour un espace prot\u00e9g\u00e9 o\u00f9 votre chien peut bouger librement! Le suppl\u00e9ment est de 10,00e par jour. Pour r\u00e9server un box, merci d&rsquo;appeler au N. 0541.967506<\/p>\n<p><img loading=\"lazy\" decoding=\"async\" src=\"https:\/\/images.emojiterra.com\/google\/noto-emoji\/unicode-16.0\/color\/svg\/1f30a.svg\" alt=\"Google (Noto Color Emoji 16.0)\" width=\"19\" height=\"19\" \/>\u00a0 Baignade autoris\u00e9e (oui, vraiment !) de 6h00 \u00e0 7h30 et de 20h00 \u00e0 21h30<\/p>\n<p><img loading=\"lazy\" decoding=\"async\" src=\"https:\/\/images.emojiterra.com\/google\/noto-emoji\/unicode-16.0\/color\/svg\/1f43e.svg\" alt=\"Google (Noto Color Emoji 16.0)\" width=\"24\" height=\"24\" \/>\u00a0 Zone exclusive avec gamelles, douches, parasol et transats pour plus de libert\u00e9<\/p>\n<p><img loading=\"lazy\" decoding=\"async\" src=\"https:\/\/images.emojiterra.com\/google\/noto-emoji\/unicode-16.0\/color\/svg\/1f4a7.svg\" alt=\"Google (Noto Color Emoji 16.0)\" width=\"26\" height=\"26\" \/> Points d\u2019eau toujours disponibles<\/p>\n<p><img loading=\"lazy\" decoding=\"async\" src=\"https:\/\/images.emojiterra.com\/google\/noto-emoji\/unicode-16.0\/color\/svg\/1f381.svg\" alt=\"Google (Noto Color Emoji 16.0)\" width=\"23\" height=\"23\" \/>\u00a0 Kit de bienvenue pour chaque ami \u00e0 quatre pattes<\/p>\n<p><img loading=\"lazy\" decoding=\"async\" src=\"https:\/\/images.emojiterra.com\/google\/noto-emoji\/unicode-16.0\/color\/svg\/1f389.svg\" alt=\"Google (Noto Color Emoji 16.0)\" width=\"23\" height=\"23\" \/>\u00a0 \u00c9v\u00e9nements \u00e0 th\u00e8me et activit\u00e9s avec \u00e9ducateurs canins et dog-sitters sur demande<\/p>\n<p><img loading=\"lazy\" decoding=\"async\" src=\"https:\/\/images.emojiterra.com\/google\/noto-emoji\/unicode-16.0\/color\/svg\/1f9d8-2640.svg\" alt=\"Google (Noto Color Emoji 16.0)\" width=\"20\" height=\"20\" \/>\u00a0 D\u00e9tente pour vous, s\u00e9curit\u00e9 et amusement pour lui<\/p>\n<p><img loading=\"lazy\" decoding=\"async\" src=\"https:\/\/images.emojiterra.com\/google\/noto-emoji\/unicode-16.0\/color\/svg\/267f.svg\" alt=\"Google (Noto Color Emoji 16.0)\" width=\"24\" height=\"24\" \/>\u00a0 Accessible aux personnes en situation de handicap<\/p>\n<p>Que vous soyez en vacances en amoureux, en famille ou avec votre fid\u00e8le compagnon\u2026 Un lieu sp\u00e9cial vous attend chez nous.<\/p>\n<p><strong data-start=\"1321\" data-end=\"1383\"><img loading=\"lazy\" decoding=\"async\" class=\"alignnone wp-image-6220\" src=\"https:\/\/www.altamareabeachvillage.it\/wp-content\/uploads\/2026\/03\/IMG_8736-1-300x208.jpg\" alt=\"\" width=\"400\" height=\"277\" srcset=\"https:\/\/www.altamareabeachvillage.it\/wp-content\/uploads\/2026\/03\/IMG_8736-1-300x208.jpg 300w, https:\/\/www.altamareabeachvillage.it\/wp-content\/uploads\/2026\/03\/IMG_8736-1-1024x711.jpg 1024w, https:\/\/www.altamareabeachvillage.it\/wp-content\/uploads\/2026\/03\/IMG_8736-1-768x534.jpg 768w, https:\/\/www.altamareabeachvillage.it\/wp-content\/uploads\/2026\/03\/IMG_8736-1-1536x1067.jpg 1536w, https:\/\/www.altamareabeachvillage.it\/wp-content\/uploads\/2026\/03\/IMG_8736-1-2048x1423.jpg 2048w\" sizes=\"auto, (max-width: 400px) 100vw, 400px\" \/><img loading=\"lazy\" decoding=\"async\" class=\"alignnone wp-image-6150\" src=\"https:\/\/www.altamareabeachvillage.it\/wp-content\/uploads\/2026\/03\/IMG_7743-300x297.jpg\" alt=\"\" width=\"280\" height=\"277\" srcset=\"https:\/\/www.altamareabeachvillage.it\/wp-content\/uploads\/2026\/03\/IMG_7743-300x297.jpg 300w, https:\/\/www.altamareabeachvillage.it\/wp-content\/uploads\/2026\/03\/IMG_7743-1024x1012.jpg 1024w, https:\/\/www.altamareabeachvillage.it\/wp-content\/uploads\/2026\/03\/IMG_7743-768x759.jpg 768w, https:\/\/www.altamareabeachvillage.it\/wp-content\/uploads\/2026\/03\/IMG_7743-1536x1519.jpg 1536w, https:\/\/www.altamareabeachvillage.it\/wp-content\/uploads\/2026\/03\/IMG_7743-2048x2025.jpg 2048w\" sizes=\"auto, (max-width: 280px) 100vw, 280px\" \/><\/strong><\/p>\n<p style=\"text-align: center;\"><strong data-start=\"1321\" data-end=\"1383\">R\u00e9servez <a href=\"https:\/\/www.altamareabeachvillage.it\/fr\/calcola-il-tuo-preventivo\/\">d\u00e8s maintenant<\/a> votre parasol dans notre Bau Beach<\/strong>\u00a0et offrez-vous un \u00e9t\u00e9 inoubliable.<\/p>\n<p data-start=\"161\" data-end=\"536\"><img loading=\"lazy\" decoding=\"async\" class=\"alignnone size-medium wp-image-6158\" src=\"https:\/\/www.altamareabeachvillage.it\/wp-content\/uploads\/2026\/03\/IMG_8621-284x300.jpg\" alt=\"\" width=\"284\" height=\"300\" srcset=\"https:\/\/www.altamareabeachvillage.it\/wp-content\/uploads\/2026\/03\/IMG_8621-284x300.jpg 284w, https:\/\/www.altamareabeachvillage.it\/wp-content\/uploads\/2026\/03\/IMG_8621-969x1024.jpg 969w, https:\/\/www.altamareabeachvillage.it\/wp-content\/uploads\/2026\/03\/IMG_8621-768x812.jpg 768w, https:\/\/www.altamareabeachvillage.it\/wp-content\/uploads\/2026\/03\/IMG_8621-1453x1536.jpg 1453w, https:\/\/www.altamareabeachvillage.it\/wp-content\/uploads\/2026\/03\/IMG_8621-1938x2048.jpg 1938w\" sizes=\"auto, (max-width: 284px) 100vw, 284px\" \/><img loading=\"lazy\" decoding=\"async\" class=\"alignnone size-medium wp-image-6154\" src=\"https:\/\/www.altamareabeachvillage.it\/wp-content\/uploads\/2026\/03\/IMG_8298-285x300.jpg\" alt=\"\" width=\"285\" height=\"300\" srcset=\"https:\/\/www.altamareabeachvillage.it\/wp-content\/uploads\/2026\/03\/IMG_8298-285x300.jpg 285w, https:\/\/www.altamareabeachvillage.it\/wp-content\/uploads\/2026\/03\/IMG_8298-973x1024.jpg 973w, https:\/\/www.altamareabeachvillage.it\/wp-content\/uploads\/2026\/03\/IMG_8298-768x808.jpg 768w, https:\/\/www.altamareabeachvillage.it\/wp-content\/uploads\/2026\/03\/IMG_8298-1459x1536.jpg 1459w, https:\/\/www.altamareabeachvillage.it\/wp-content\/uploads\/2026\/03\/IMG_8298-1946x2048.jpg 1946w\" sizes=\"auto, (max-width: 285px) 100vw, 285px\" \/><\/p>\n<p data-start=\"161\" data-end=\"536\">Conform\u00e9ment \u00e0 l\u2019ordonnance sanitaire du D\u00e9partement de Sant\u00e9 Publique V\u00e9t\u00e9rinaire de la r\u00e9gion \u00c9milie-Romagne, l&rsquo;acc\u00e8s est autoris\u00e9 uniquement aux chiens non dangereux et qui ne troublent pas la tranquillit\u00e9 des autres clients.<\/p>\n<p data-start=\"760\" data-end=\"1165\">\u00c0 disposition de nos amis \u00e0 quatre pattes : une douche pour rafra\u00eechir le chien pendant la journ\u00e9e, un petit transat, des gamelles pour l\u2019eau, des sacs pour les d\u00e9jections.<\/p>\n<p data-start=\"760\" data-end=\"1165\">Pour toute information ou demande, nous invitons ceux qui souhaitent passer leurs vacances \u00e0 la plage avec leur chien \u00e0 contacter la direction de l&rsquo;Altamarea Beach Village.<\/p>\n<p style=\"text-align: center;\"><strong><img loading=\"lazy\" decoding=\"async\" class=\"aligncenter\" src=\"https:\/\/legacy.altamareabeachvillage.it\/images\/download_logo.gif\" alt=\"\" width=\"80\" height=\"80\" \/><\/strong><strong>\u00a0\u00a0<a title=\"regolamento\" href=\"https:\/\/legacy.altamareabeachvillage.it\/download\/comportamentocani2.doc\" target=\"_self\">NORME DI COMPORTAMENTO BAU BEACH<\/a><\/strong><\/p>\n<p style=\"text-align: center;\"><strong>\u00a0<a title=\"scheda\" href=\"https:\/\/legacy.altamareabeachvillage.it\/download\/dichiarazionecani2.doc\" target=\"_self\">\u00a0\u00a0SCHEDA VETERINARIA<\/a><\/strong><\/p>\n<p style=\"text-align: center;\"><strong>\u00a0\u00a0<a title=\"privacy\" href=\"https:\/\/legacy.altamareabeachvillage.it\/download\/privacycani.doc\" target=\"_self\">\u00a0INFORMATIVA PRIVACY<\/a><\/strong><\/p>\n<p data-start=\"16\" data-end=\"318\">Pendant votre s\u00e9jour \u00e0 Cattolica, vous trouverez tout ce dont votre petit chien a besoin dans notre boutique de confiance.<\/p>\n<p data-start=\"16\" data-end=\"318\"><img decoding=\"async\" src=\"https:\/\/legacy.altamareabeachvillage.it\/images\/gioie_di_famiglia_logo1.png\" alt=\"\" \/><\/p>\n<p data-start=\"16\" data-end=\"318\">\u00c0 quelques pas de l\u2019Altamarea Beach Village se trouve le cabinet et clinique v\u00e9t\u00e9rinaire du Dr Stefano Balordi, un centre de pointe pour prendre soin de ton compagnon \u00e0 quatre pattes.<\/p>\n<p data-start=\"16\" data-end=\"318\"><img loading=\"lazy\" decoding=\"async\" src=\"https:\/\/legacy.altamareabeachvillage.it\/images\/Balordi_logo1.jpg\" alt=\"\" width=\"395\" height=\"54\" \/><\/p>\n<p>[\/vc_column_text][\/vc_column][\/vc_row]<\/p>\n<\/div>","protected":false},"excerpt":{"rendered":"<p>NOVITA&rsquo; &#8211; BAU BEACH ALTAMAREA. All&rsquo;Altamarea abbiamo dedicato una zona con ombrelloni e lettini per l&rsquo;accoglienza degli ospiti con cagnolino al seguito.<br \/>\nE&rsquo; disponibile su prenotazione un servizio di Dog Sitter.<\/p>\n","protected":false},"author":1,"featured_media":5080,"parent":0,"menu_order":20,"comment_status":"closed","ping_status":"closed","template":"","meta":{"powered_cache_disable_cache":false,"footnotes":""},"class_list":["post-3800","page","type-page","status-publish","has-post-thumbnail","hentry"],"_links":{"self":[{"href":"https:\/\/www.altamareabeachvillage.it\/fr\/wp-json\/wp\/v2\/pages\/3800","targetHints":{"allow":["GET"]}}],"collection":[{"href":"https:\/\/www.altamareabeachvillage.it\/fr\/wp-json\/wp\/v2\/pages"}],"about":[{"href":"https:\/\/www.altamareabeachvillage.it\/fr\/wp-json\/wp\/v2\/types\/page"}],"author":[{"embeddable":true,"href":"https:\/\/www.altamareabeachvillage.it\/fr\/wp-json\/wp\/v2\/users\/1"}],"replies":[{"embeddable":true,"href":"https:\/\/www.altamareabeachvillage.it\/fr\/wp-json\/wp\/v2\/comments?post=3800"}],"version-history":[{"count":7,"href":"https:\/\/www.altamareabeachvillage.it\/fr\/wp-json\/wp\/v2\/pages\/3800\/revisions"}],"predecessor-version":[{"id":6299,"href":"https:\/\/www.altamareabeachvillage.it\/fr\/wp-json\/wp\/v2\/pages\/3800\/revisions\/6299"}],"wp:featuredmedia":[{"embeddable":true,"href":"https:\/\/www.altamareabeachvillage.it\/fr\/wp-json\/wp\/v2\/media\/5080"}],"wp:attachment":[{"href":"https:\/\/www.altamareabeachvillage.it\/fr\/wp-json\/wp\/v2\/media?parent=3800"}],"curies":[{"name":"wp","href":"https:\/\/api.w.org\/{rel}","templated":true}]}}