{"id":3810,"date":"2017-06-05T11:41:35","date_gmt":"2017-06-05T09:41:35","guid":{"rendered":"https:\/\/www.altamareabeachvillage.it\/chi-siamo\/"},"modified":"2026-03-27T16:43:14","modified_gmt":"2026-03-27T15:43:14","slug":"chi-siamo","status":"publish","type":"page","link":"https:\/\/www.altamareabeachvillage.it\/fr\/chi-siamo\/","title":{"rendered":"Qui sommes-nous"},"content":{"rendered":"<div class=\"wpb-content-wrapper\"><p>[vc_row][vc_column][vc_column_text css=\u00a0\u00bb\u00a0\u00bb]<\/p>\n<h3 class=\"font-claude-response-body break-words whitespace-normal leading-[1.7]\"><strong>Notre histoire<\/strong><\/h3>\n<p class=\"font-claude-response-body break-words whitespace-normal leading-[1.7]\">En 2002, \u00e0 Cattolica, onze plagistes et maitres de bain depuis plusieurs g\u00e9n\u00e9rations unissent leurs exp\u00e9riences professionnelles et, en l&rsquo;espace de quelques ann\u00e9es, concr\u00e9tisent un projet ambitieux :<\/p>\n<h4 class=\"font-claude-response-body break-words whitespace-normal leading-[1.7]\" style=\"text-align: center;\">Altamarea Beach Village, le plus grand village touristique de la c\u00f4te Romagnole<\/h4>\n<p class=\"font-claude-response-body break-words whitespace-normal leading-[1.7]\"><img loading=\"lazy\" decoding=\"async\" class=\" wp-image-6287 aligncenter\" src=\"https:\/\/www.altamareabeachvillage.it\/wp-content\/uploads\/2026\/03\/2B7D829A-4E40-444F-8F11-E4CFCBA56D23-2-300x190.jpg\" alt=\"\" width=\"903\" height=\"572\" srcset=\"https:\/\/www.altamareabeachvillage.it\/wp-content\/uploads\/2026\/03\/2B7D829A-4E40-444F-8F11-E4CFCBA56D23-2-300x190.jpg 300w, https:\/\/www.altamareabeachvillage.it\/wp-content\/uploads\/2026\/03\/2B7D829A-4E40-444F-8F11-E4CFCBA56D23-2-1024x650.jpg 1024w, https:\/\/www.altamareabeachvillage.it\/wp-content\/uploads\/2026\/03\/2B7D829A-4E40-444F-8F11-E4CFCBA56D23-2-768x487.jpg 768w, https:\/\/www.altamareabeachvillage.it\/wp-content\/uploads\/2026\/03\/2B7D829A-4E40-444F-8F11-E4CFCBA56D23-2.jpg 1440w\" sizes=\"auto, (max-width: 903px) 100vw, 903px\" \/><\/p>\n<p class=\"font-claude-response-body break-words whitespace-normal leading-[1.7]\">Bien plus qu&rsquo;une simple plage, l&rsquo;Altamarea Beach Village est <a href=\"https:\/\/www.altamareabeachvillage.it\/fr\/servizi\/\">un monde \u00e0 part enti\u00e8re<\/a>. De l&rsquo;oasis bien-\u00eatre \u00e0 la salle de fitness gratuite, du terrain de p\u00e9tanque aux animations du soir, tout est pens\u00e9 pour rendre vos vacances les plus heureuses et relaxantes possible. Notre<a href=\"https:\/\/www.altamareabeachvillage.it\/fr\/animazione\/\"> programme d&rsquo;activit\u00e9s<\/a> comprend danses, tournois de cartes, fitness et aquagym, ainsi que de nombreux \u00e9v\u00e9nements sp\u00e9ciaux comme le festival du livre et les ateliers de cuisine. Pour les plus petits, un programme complet d&rsquo;activit\u00e9s les tient occup\u00e9s, heureux et avec l&rsquo;envie de revenir chaque ann\u00e9e. Et n&rsquo;oublions pas nos amis \u00e0 quatre pattes, avec<a href=\"https:\/\/www.altamareabeachvillage.it\/fr\/bau-beach\/\"> la Bau Beach et le Bau Garden<\/a> !<\/p>\n<blockquote>\n<p class=\"font-claude-response-body break-words whitespace-normal leading-[1.7]\">Parce qu&rsquo;\u00e0 l&rsquo;Altamarea Beach Village, les vacances ne sont jamais de simples vacances : <a href=\"https:\/\/www.altamareabeachvillage.it\/fr\/category\/le-journal-de-odephine\/\">c&rsquo;est un \u00e9t\u00e9 dont vous vous souviendrez.<\/a><\/p>\n<\/blockquote>\n<p class=\"font-claude-response-body break-words whitespace-normal leading-[1.7]\" style=\"text-align: center;\"><strong>Les Plagistes de l&rsquo;Altamarea Beach Village<\/strong><\/p>\n<p class=\"font-claude-response-body break-words whitespace-normal leading-[1.7]\">L&rsquo;Altamarea Beach Village de Cattolica : l&rsquo;expression du village touristique pouss\u00e9e \u00e0 son plus haut niveau ! Les sympathiques plagistes Daniela, Manuela, Mirella, Agostino, Diego, Elmo, Marco, Michele, Mirco et Sergio font de l&rsquo;accueil traditionnel romagnol leur point fort. Aux onze associ\u00e9s fondateurs se sont ajout\u00e9s, depuis 2014, deux nouvelles recrues : Laura et Riccardo, enfants de l&rsquo;associ\u00e9e Mirella.<\/p>\n<p>[\/vc_column_text][\/vc_column][\/vc_row]<\/p>\n<\/div>","protected":false},"excerpt":{"rendered":"<p>[vc_row][vc_column][vc_column_text css=\u00a0\u00bb\u00a0\u00bb] Notre histoire En 2002, \u00e0 Cattolica, onze plagistes et maitres de bain depuis plusieurs g\u00e9n\u00e9rations unissent leurs exp\u00e9riences professionnelles et, en l&rsquo;espace de quelques ann\u00e9es, concr\u00e9tisent un projet ambitieux : Altamarea Beach Village, le plus grand village touristique de la c\u00f4te Romagnole Bien plus qu&rsquo;une simple plage, l&rsquo;Altamarea Beach Village est un monde [&hellip;]<\/p>\n","protected":false},"author":1,"featured_media":5735,"parent":0,"menu_order":27,"comment_status":"closed","ping_status":"closed","template":"","meta":{"powered_cache_disable_cache":false,"footnotes":""},"class_list":["post-3810","page","type-page","status-publish","has-post-thumbnail","hentry"],"_links":{"self":[{"href":"https:\/\/www.altamareabeachvillage.it\/fr\/wp-json\/wp\/v2\/pages\/3810","targetHints":{"allow":["GET"]}}],"collection":[{"href":"https:\/\/www.altamareabeachvillage.it\/fr\/wp-json\/wp\/v2\/pages"}],"about":[{"href":"https:\/\/www.altamareabeachvillage.it\/fr\/wp-json\/wp\/v2\/types\/page"}],"author":[{"embeddable":true,"href":"https:\/\/www.altamareabeachvillage.it\/fr\/wp-json\/wp\/v2\/users\/1"}],"replies":[{"embeddable":true,"href":"https:\/\/www.altamareabeachvillage.it\/fr\/wp-json\/wp\/v2\/comments?post=3810"}],"version-history":[{"count":11,"href":"https:\/\/www.altamareabeachvillage.it\/fr\/wp-json\/wp\/v2\/pages\/3810\/revisions"}],"predecessor-version":[{"id":6702,"href":"https:\/\/www.altamareabeachvillage.it\/fr\/wp-json\/wp\/v2\/pages\/3810\/revisions\/6702"}],"wp:featuredmedia":[{"embeddable":true,"href":"https:\/\/www.altamareabeachvillage.it\/fr\/wp-json\/wp\/v2\/media\/5735"}],"wp:attachment":[{"href":"https:\/\/www.altamareabeachvillage.it\/fr\/wp-json\/wp\/v2\/media?parent=3810"}],"curies":[{"name":"wp","href":"https:\/\/api.w.org\/{rel}","templated":true}]}}