{"id":3832,"date":"2017-03-31T13:01:44","date_gmt":"2017-03-31T11:01:44","guid":{"rendered":"https:\/\/www.altamareabeachvillage.it\/foto\/"},"modified":"2026-02-21T20:52:40","modified_gmt":"2026-02-21T19:52:40","slug":"foto","status":"publish","type":"page","link":"https:\/\/www.altamareabeachvillage.it\/fr\/foto\/","title":{"rendered":"Photos"},"content":{"rendered":"<div class=\"wpb-content-wrapper\"><p>[vc_row][vc_column][vc_message message_box_style=\u00a0\u00bbsolid\u00a0\u00bb message_box_color=\u00a0\u00bbsky\u00a0\u00bb icon_type=\u00a0\u00bbwolverine\u00a0\u00bb icon_size=\u00a0\u00bbicon_small\u00a0\u00bb icon_wolverine=\u00a0\u00bbwicon icon-info\u00a0\u00bb]<\/p>\n<p data-start=\"114\" data-end=\"525\">Tous les contenus et images pr\u00e9sents sur ce site sont publi\u00e9s uniquement \u00e0 des fins de d\u00e9monstration et de pr\u00e9sentation. Toutes les images pr\u00e9sentes sur notre site Internet ont \u00e9t\u00e9 prises \u00e0 l\u2019int\u00e9rieur de nos structures lors d\u2019\u00e9v\u00e9nements publics et sont publi\u00e9es dans le but de transmettre aux utilisateurs visitant le site l\u2019atmosph\u00e8re qui r\u00e8gne pendant nos \u00e9v\u00e9nements, ainsi que de promouvoir nos initiatives. Conform\u00e9ment \u00e0 l\u2019article 13 du R\u00e8glement UE 2016\/679, dit Code de la vie priv\u00e9e, une note d\u2019information sp\u00e9cifique concernant le traitement des donn\u00e9es personnelles (images) a \u00e9t\u00e9 mise \u00e0 disposition. Cette note a \u00e9t\u00e9 affich\u00e9e dans toutes nos structures et plac\u00e9e de mani\u00e8re visible avant l\u2019acc\u00e8s aux espaces concern\u00e9s par les prises de vues. Si vous vous reconnaissez sur une photo et ne souhaitez pas appara\u00eetre sur notre site, vous pouvez nous contacter par e-mail et votre image sera imm\u00e9diatement supprim\u00e9e.<\/p>\n<p>[\/vc_message][\/vc_column][\/vc_row][vc_row el_class=\u00a0\u00bbmargin-bottom-50&Prime;][vc_column][vc_masonry_media_grid grid_id=\u00a0\u00bbvc_gid:1771703508116-1f7a9177-5554-1&Prime; include=\u00a0\u00bb3214,3217,3221,3252,3253,3257,3258,3259,3260,3261,3262,3263,3264,3265,3266,3267,3268,3269,3270,3271,3272,3274,3275,3276,3277,3278,3281,3280,3282,3348&Prime;][\/vc_column][\/vc_row]<\/p>\n<\/div>","protected":false},"excerpt":{"rendered":"<p>[vc_row][vc_column][vc_message message_box_style=\u00a0\u00bbsolid\u00a0\u00bb message_box_color=\u00a0\u00bbsky\u00a0\u00bb icon_type=\u00a0\u00bbwolverine\u00a0\u00bb icon_size=\u00a0\u00bbicon_small\u00a0\u00bb icon_wolverine=\u00a0\u00bbwicon icon-info\u00a0\u00bb] Tous les contenus et images pr\u00e9sents sur ce site sont publi\u00e9s uniquement \u00e0 des fins de d\u00e9monstration et de pr\u00e9sentation. Toutes les images pr\u00e9sentes sur notre site Internet ont \u00e9t\u00e9 prises \u00e0 l\u2019int\u00e9rieur de nos structures lors d\u2019\u00e9v\u00e9nements publics et sont publi\u00e9es dans le but de transmettre aux [&hellip;]<\/p>\n","protected":false},"author":1,"featured_media":0,"parent":0,"menu_order":44,"comment_status":"closed","ping_status":"closed","template":"","meta":{"powered_cache_disable_cache":false,"footnotes":""},"class_list":["post-3832","page","type-page","status-publish","hentry"],"_links":{"self":[{"href":"https:\/\/www.altamareabeachvillage.it\/fr\/wp-json\/wp\/v2\/pages\/3832","targetHints":{"allow":["GET"]}}],"collection":[{"href":"https:\/\/www.altamareabeachvillage.it\/fr\/wp-json\/wp\/v2\/pages"}],"about":[{"href":"https:\/\/www.altamareabeachvillage.it\/fr\/wp-json\/wp\/v2\/types\/page"}],"author":[{"embeddable":true,"href":"https:\/\/www.altamareabeachvillage.it\/fr\/wp-json\/wp\/v2\/users\/1"}],"replies":[{"embeddable":true,"href":"https:\/\/www.altamareabeachvillage.it\/fr\/wp-json\/wp\/v2\/comments?post=3832"}],"version-history":[{"count":3,"href":"https:\/\/www.altamareabeachvillage.it\/fr\/wp-json\/wp\/v2\/pages\/3832\/revisions"}],"predecessor-version":[{"id":5969,"href":"https:\/\/www.altamareabeachvillage.it\/fr\/wp-json\/wp\/v2\/pages\/3832\/revisions\/5969"}],"wp:attachment":[{"href":"https:\/\/www.altamareabeachvillage.it\/fr\/wp-json\/wp\/v2\/media?parent=3832"}],"curies":[{"name":"wp","href":"https:\/\/api.w.org\/{rel}","templated":true}]}}