{"id":3848,"date":"2017-06-05T11:53:13","date_gmt":"2017-06-05T09:53:13","guid":{"rendered":"https:\/\/www.altamareabeachvillage.it\/servizi\/"},"modified":"2026-03-23T15:54:15","modified_gmt":"2026-03-23T14:54:15","slug":"servizi","status":"publish","type":"page","link":"https:\/\/www.altamareabeachvillage.it\/fr\/servizi\/","title":{"rendered":"Services"},"content":{"rendered":"<div class=\"wpb-content-wrapper\"><p>[vc_row][vc_column][vc_column_text css=\u00a0\u00bb\u00a0\u00bb]<\/p>\n<h4 class=\"font-claude-response-body break-words whitespace-normal leading-[1.7]\" style=\"text-align: center;\">D\u00e9couvrez tous les services de l&rsquo;Altamarea Beach Village, pens\u00e9s rien que pour vous<\/h4>\n<p class=\"font-claude-response-body break-words whitespace-normal leading-[1.7]\" style=\"text-align: center;\"><strong><em>L&rsquo;entr\u00e9e \u00e0 la piscine et \u00e0 la salle de sport est gratuite pour tous les clients de l&rsquo;Altamarea.<\/em><\/strong><\/p>\n<p class=\"font-claude-response-body break-words whitespace-normal leading-[1.7]\" style=\"text-align: center;\">TOUTE NOUVELLE OASIS FITNESS &amp; SWIMMING : UNE FANTASTIQUE <strong>PISCINE<\/strong> AVEC JEUX AQUATIQUES POUR ENFANTS, LE TOUT AVEC <strong>EAU CHAUFF\u00c9E<\/strong>\u2026 UNE<strong> SALLE DE SPORT R\u00c9NOV\u00c9E<\/strong> ET PLUS SPACIEUSE POUR ACCUEILLIR DE NOUVEAUX \u00c9QUIPEMENTS,\u00a0 ET BIEN PLUS ENCORE !<\/p>\n<p class=\"font-claude-response-body break-words whitespace-normal leading-[1.7]\" style=\"text-align: center;\">Plongez l\u00e0 o\u00f9 l&rsquo;eau est toujours bleue, dans la grande piscine sur la plage de Cattolica: le plaisir est garanti, pour petits et grands.<\/p>\n<p class=\"font-claude-response-body break-words whitespace-normal leading-[1.7]\" style=\"text-align: center;\">Le port du bonnet de bain est obligatoire pour acc\u00e9der \u00e0 la piscine.<\/p>\n<p><img loading=\"lazy\" decoding=\"async\" class=\"aligncenter\" src=\"https:\/\/legacy.altamareabeachvillage.it\/i\/resize.php?file=gallerie\/36\/_DSV2987.jpg\" alt=\"\" width=\"950\" height=\"594\" \/><\/p>\n<h4 class=\"font-claude-response-body break-words whitespace-normal leading-[1.7]\" style=\"text-align: center;\">La toute nouvelle OASIS DU BIEN-\u00caTRE<\/h4>\n<p class=\"font-claude-response-body break-words whitespace-normal leading-[1.7]\" style=\"text-align: center;\"><strong>Notre centre de bien-\u00eatre vous attend chaque jour ! <\/strong><br \/>\nPlongez dans un relaxation totale dans nos jacuzzis, ou abandonnez-vous \u00e0 la douce \u00e9treinte de l&rsquo;Oasis du Bien-\u00catre.<\/p>\n<p><img loading=\"lazy\" decoding=\"async\" class=\"aligncenter\" src=\"https:\/\/legacy.altamareabeachvillage.it\/images\/D3U_6254_copia_logo_web5.jpg\" alt=\"\" width=\"960\" height=\"622\" \/><\/p>\n<h4 style=\"text-align: center;\">Pilates sur le confortable green, rafra\u00eechi par les n\u00e9buliseurs\u2026 une nouveaut\u00e9 de l&rsquo;\u00e9t\u00e9 \u00e0 l&rsquo;Altamarea.<\/h4>\n<p><img loading=\"lazy\" decoding=\"async\" class=\"aligncenter\" src=\"https:\/\/legacy.altamareabeachvillage.it\/images\/green_pilates1.jpg\" alt=\"\" width=\"962\" height=\"541\" \/><\/p>\n<h3 style=\"text-align: center;\"><em><strong>\u00ab\u00a0Shakti\u00a0\u00bb<\/strong><\/em><\/h3>\n<p><img loading=\"lazy\" decoding=\"async\" class=\"aligncenter\" src=\"https:\/\/legacy.altamareabeachvillage.it\/images\/20170619_124252_web1.jpg\" alt=\"\" width=\"733\" height=\"458\" \/><\/p>\n<p data-start=\"0\" data-end=\"326\">Le nouvel espace bien-\u00eatre d\u2019Altamarea a \u00e9t\u00e9 inaugur\u00e9, sous la direction de Caterina, Nadia et Massimiliano, des professionnels dipl\u00f4m\u00e9s en disciplines holistiques et en soins ayurv\u00e9diques. La structure porte le nom de\u00a0<em data-start=\"236\" data-end=\"244\">Shakti<\/em>, comme le tapis utilis\u00e9 pour le yoga, un lieu o\u00f9 retrouver \u00e9quilibre et s\u00e9r\u00e9nit\u00e9.<\/p>\n<p data-start=\"328\" data-end=\"537\">L\u2019utilisation d\u2019huiles essentielles et naturelles compl\u00e8te les soins, permettant d\u2019aider le corps \u00e0 corriger les d\u00e9s\u00e9quilibres caus\u00e9s par une mauvaise posture, le stress ou des habitudes alimentaires \u00e0 revoir.<\/p>\n<p><img loading=\"lazy\" decoding=\"async\" class=\"aligncenter\" src=\"https:\/\/legacy.altamareabeachvillage.it\/images\/WhatsApp_Image_2025-05-22_%C3%A0_14.09_.24_d93a05d4_2.jpg\" alt=\"\" width=\"645\" height=\"691\" \/><\/p>\n<p data-start=\"0\" data-end=\"185\"><strong>\u00ab C\u2019est souvent la nature elle-m\u00eame qui fournit la recette n\u00e9cessaire \u00e0 notre bien-\u00eatre \u00bb<\/strong>, explique Caterina lors de la conf\u00e9rence de pr\u00e9sentation du centre.<\/p>\n<p data-start=\"187\" data-end=\"392\"><strong>\u00ab L\u2019important est d\u2019apprendre \u00e0 \u00e9couter les besoins de notre corps<\/strong>\u00a0et \u00e0 pr\u00eater attention aux signaux d\u2019alerte qu\u2019il envoie sous forme de malaises, que la m\u00e9decine ayurv\u00e9dique et naturelle aide \u00e0 soigner \u00bb, continue-t-elle.<\/p>\n<p data-start=\"394\" data-end=\"570\">Quelques exemples de soins propos\u00e9s : drainage lymphatique ayurv\u00e9dique, massage pranique, traitements localis\u00e9s, massage pour femme enceinte, r\u00e9flexologie plantaire.<\/p>\n<p data-start=\"572\" data-end=\"729\">Caterina et Nadia sont \u00e0 la disposition des h\u00f4tes de l\u2019Altamarea tous les jours de 9h30 \u00e0 18h, dans l\u2019espace situ\u00e9 en face de la salle de lecture et de d\u00e9tente.<\/p>\n<h3 style=\"text-align: center;\">A l&rsquo;Altamarea, il y a trois zones, d\u00e9limit\u00e9es par leurs types de services :<\/h3>\n<h3>La r\u00e9ception <strong>jaune<\/strong>, pour les familles avec enfants :<\/h3>\n<p>Mini-club, table \u00e0 langer, nurserie, parc de jeux ombrag\u00e9 et cl\u00f4tur\u00e9 avec animatrice, atelier cr\u00e9atif, point internet.<\/p>\n<h3>La r\u00e9ception <strong>orange<\/strong>, pour le bien-\u00eatre et se relaxer<\/h3>\n<p>Oasis du bien-\u00eatre, jacuzzis, massages, mais aussi piste de danse et animations.<\/p>\n<h3>La r\u00e9ception <strong>rouge<\/strong>, pour les enfants et pour tous les sportifs et sportives<\/h3>\n<p>Salle de sport, piscine, beach-volley, basket, foot, p\u00e9tanque, ping-pong.<\/p>\n<p>Trois restaurants avec terrasses panoramiques vous r\u00e9galeront de sp\u00e9cialit\u00e9s typiques de la r\u00e9gion : vins, sangiovese, piadina, poissons.<\/p>\n<h3 style=\"text-align: center;\">Les services sur la plage de l&rsquo;Altamarea :<\/h3>\n<p>Altamarea Beach Village, le village touristique exclusif de la C\u00f4te Romagnole, situ\u00e9 dans le cadre splendide de Cattolica. Ici, vous trouverez les meilleurs h\u00f4tels et r\u00e9sidences face \u00e0 la mer, et la plage la plus belle et riche en services exclusifs avec plein d&rsquo;animations et des zones de relax.<\/p>\n<h5 style=\"text-align: center;\"><strong><em>Parmi nos services, vous trouverez :<\/em><\/strong><\/h5>\n<h3 style=\"text-align: center;\">GRANDE PISCINE SUR LA PLAGE<strong><a href=\"https:\/\/legacy.altamareabeachvillage.it\/FR\/Piscine\/\"><img loading=\"lazy\" decoding=\"async\" class=\"aligncenter\" src=\"https:\/\/legacy.altamareabeachvillage.it\/i\/resize.php?file=gallerie\/7\/FOTO-19.jpg\" alt=\"\" width=\"433\" height=\"290\" align=\"top\" \/><\/a><\/strong><\/h3>\n<p style=\"text-align: center;\">Un plongeon dans une eau toujours bleue, dans la plus grande piscine sur la plage de Cattolica et le divertissement est assur\u00e9, pour les grands et les petit.<\/p>\n<h3 style=\"text-align: center;\">JACUZZIS \u2013 OASIS DU BIEN-\u00caTRE<img loading=\"lazy\" decoding=\"async\" class=\"aligncenter\" src=\"https:\/\/legacy.altamareabeachvillage.it\/images\/idro_notte_1_web1.jpg\" alt=\"\" width=\"423\" height=\"254\" \/><\/h3>\n<p style=\"text-align: center;\">Pour un relax total, d\u00e9tendez-vous dans un des trois jacuzzis propos\u00e9s ou abandonnez-vous aux plaisirs de l\u2019oasis du bien-\u00eatre et aux soins du centre esth\u00e9tique.<\/p>\n<h2 style=\"text-align: center;\">TERRAIN DE BEACH VOLLEY, MINIFOOT ET BASKET<img loading=\"lazy\" decoding=\"async\" class=\"aligncenter\" src=\"https:\/\/legacy.altamareabeachvillage.it\/images\/D3U_6353_copia_logo_web1.jpg\" alt=\"\" width=\"425\" height=\"286\" \/><\/h2>\n<p style=\"text-align: center;\">Si pour vous les vacances ne sont pas seulement synonymes de relax, participez \u00e0 nos tournois de beach-volley, mini-foot et basketball.<\/p>\n<h2 style=\"text-align: center;\">PARC DE JEUX POUR ENFANTS<strong><a href=\"https:\/\/legacy.altamareabeachvillage.it\/FR\/Foto-Gallery\/\/mini-club\"><img loading=\"lazy\" decoding=\"async\" class=\"aligncenter\" src=\"https:\/\/legacy.altamareabeachvillage.it\/i\/resize.php?file=gallerie\/27\/FOTO-37.jpg\" alt=\"\" width=\"427\" height=\"285\" align=\"top\" \/><\/a><\/strong><\/h2>\n<p style=\"text-align: center;\">Les plus petits trouveront les soins des baby-sitters et les activit\u00e9s du mini-club vraiment amusantes ! Les laboratoires cr\u00e9atifs, les chasses au tr\u00e9sor, les comp\u00e9titions de ch\u00e2teaux de sable et bien d\u2019autres jeux attendent les nombreux bambins.<\/p>\n<h2 style=\"text-align: center;\">GYMNASE POUR ADULTES ET ENFANTS<img loading=\"lazy\" decoding=\"async\" class=\"aligncenter\" src=\"https:\/\/legacy.altamareabeachvillage.it\/images\/D3U_6314_copia_logo_web1.jpg\" alt=\"\" width=\"440\" height=\"285\" \/><\/h2>\n<p style=\"text-align: center;\">Vous \u00eates amateur de la forme physique ? Maintenez-vous en forme dans notre grand gymnase avec un \u00e9quipement pour l\u2019entra\u00eenement cardio-fitness et renforcement physique.<\/p>\n<h2 style=\"text-align: center;\">KIOSQUES EQUIPES AVEC JEUX<strong><a href=\"https:\/\/legacy.altamareabeachvillage.it\/FR\/Foto-Gallery\/\/mini-club\"><img loading=\"lazy\" decoding=\"async\" class=\"aligncenter\" src=\"https:\/\/legacy.altamareabeachvillage.it\/i\/resize.php?file=gallerie\/27\/FOTO-07.jpg\" alt=\"\" width=\"401\" height=\"267\" align=\"top\" \/><\/a><\/strong><\/h2>\n<p style=\"text-align: center;\">Un espace de jeux \u00e9quip\u00e9 pour les exigences de tous les \u00e2ges, compl\u00e8tement \u00e0 l\u2019abri du soleil.<\/p>\n<h2 style=\"text-align: center;\">TERRAINS DE BOULES<strong><a href=\"https:\/\/legacy.altamareabeachvillage.it\/FR\/Foto-Gallery\/\/sport-e\"><img loading=\"lazy\" decoding=\"async\" class=\"aligncenter\" src=\"https:\/\/legacy.altamareabeachvillage.it\/i\/resize.php?file=gallerie\/28\/FOTO-02.jpg\" alt=\"\" width=\"388\" height=\"259\" align=\"top\" \/><\/a><\/strong><\/h2>\n<p style=\"text-align: center;\">Il n\u2019y a pas moins de 7 terrains pour les jeux de boules avec tous les accessoires n\u00e9cessaires pour vivre de passionnantes comp\u00e9titions.<\/p>\n<h2 style=\"text-align: center;\">Kiosque de lecture<\/h2>\n<p><img loading=\"lazy\" decoding=\"async\" class=\"aligncenter\" src=\"https:\/\/legacy.altamareabeachvillage.it\/images\/benessere_003_web_pegasus_(1).jpg\" alt=\"\" width=\"371\" height=\"278\" \/><\/p>\n<p style=\"text-align: center;\">Les h\u00f4tes du village peuvent librement emprunter des livres pour les lire confortablement dans le kiosque ou les prendre sur les transats pour lire tout en dorant au soleil.<\/p>\n<h2 style=\"text-align: center;\">TABLES DE PING-PONG<\/h2>\n<p><img loading=\"lazy\" decoding=\"async\" class=\"aligncenter\" src=\"https:\/\/legacy.altamareabeachvillage.it\/images\/ping-pong1.png\" alt=\"\" width=\"386\" height=\"283\" \/><\/p>\n<p style=\"text-align: center;\">Des d\u00e9fis enthousiasmants pour tous les \u00e2ges \u00e0 nos tables de Ping-Pong.<\/p>\n<p>&nbsp;<\/p>\n<h1 style=\"text-align: center;\">Fauteuil roulant JOB et transats sp\u00e9ciaux<\/h1>\n<p>Altamarea Beach Village est la plage de Cattolica qui a compl\u00e8tement supprim\u00e9 les barri\u00e8res architecturales auprofit des personnes en situation de handicap moteur.<img loading=\"lazy\" decoding=\"async\" class=\"aligncenter\" src=\"https:\/\/legacy.altamareabeachvillage.it\/images\/handicap22.jpg\" alt=\"\" width=\"652\" height=\"424\" \/><\/p>\n<p>L&rsquo;acc\u00e8s \u00e0 la piscine, \u00e0 la salle de sport et au centre de bien-\u00eatre \u00ab Oasi del Benessere \u00bb se fait par une rampe qui facilite le parcours, tandis que les deux toilettes et douches pour handicap\u00e9s n&rsquo;ont pas de marches. La passerelle menant \u00e0 la mer est \u00e9quip\u00e9e d&rsquo;un plancher qui permet d&rsquo;acc\u00e9der au parasol en fauteuil roulant sans avoir \u00e0 marcher dans le sable. Le parcours le long du passage m\u00e8ne au rivage, laissant un passage libre de 3 m\u00e8tres du rivage conform\u00e9ment \u00e0 l&rsquo;ordonnance r\u00e9gionale sur la baignade.<\/p>\n<p><img loading=\"lazy\" decoding=\"async\" class=\" wp-image-6300 aligncenter\" src=\"https:\/\/www.altamareabeachvillage.it\/wp-content\/uploads\/2026\/03\/handicap1-300x195.jpg\" alt=\"\" width=\"672\" height=\"437\" srcset=\"https:\/\/www.altamareabeachvillage.it\/wp-content\/uploads\/2026\/03\/handicap1-300x195.jpg 300w, https:\/\/www.altamareabeachvillage.it\/wp-content\/uploads\/2026\/03\/handicap1-1024x666.jpg 1024w, https:\/\/www.altamareabeachvillage.it\/wp-content\/uploads\/2026\/03\/handicap1-768x499.jpg 768w, https:\/\/www.altamareabeachvillage.it\/wp-content\/uploads\/2026\/03\/handicap1-1536x998.jpg 1536w, https:\/\/www.altamareabeachvillage.it\/wp-content\/uploads\/2026\/03\/handicap1.jpg 2000w\" sizes=\"auto, (max-width: 672px) 100vw, 672px\" \/>Un fauteuil roulant et une chaise JOB\u00a0permettent aux clients de se promener le long du bord de mer ou de se baigner. Pour ceux qui souhaitent se reposer sous le parasol, des transats sur\u00e9lev\u00e9s sont pr\u00e9vus pour faciliter le passage du fauteuil roulant.<\/p>\n<p>De nombreux services sans aucun co\u00fbt suppl\u00e9mentaire pour offrir \u00e0 chacun des vacances avec tout le confort.<\/p>\n<p>&nbsp;<\/p>\n<h3 style=\"text-align: center;\">Le Wi-Fi est gratuit \u00e0 l&rsquo;Altamarea Beach Village<\/h3>\n<p>Consultez la Galerie Images\u00a0<a href=\"https:\/\/legacy.altamareabeachvillage.it\/FR\/Foto-Gallery\/\">Foto Cattolica.<\/a>[\/vc_column_text][\/vc_column][\/vc_row]<\/p>\n<\/div>","protected":false},"excerpt":{"rendered":"<p>[vc_row][vc_column][vc_column_text css=\u00a0\u00bb\u00a0\u00bb] D\u00e9couvrez tous les services de l&rsquo;Altamarea Beach Village, pens\u00e9s rien que pour vous L&rsquo;entr\u00e9e \u00e0 la piscine et \u00e0 la salle de sport est gratuite pour tous les clients de l&rsquo;Altamarea. TOUTE NOUVELLE OASIS FITNESS &amp; SWIMMING : UNE FANTASTIQUE PISCINE AVEC JEUX AQUATIQUES POUR ENFANTS, LE TOUT AVEC EAU CHAUFF\u00c9E\u2026 UNE SALLE [&hellip;]<\/p>\n","protected":false},"author":3,"featured_media":5200,"parent":0,"menu_order":1,"comment_status":"closed","ping_status":"closed","template":"","meta":{"powered_cache_disable_cache":false,"footnotes":""},"class_list":["post-3848","page","type-page","status-publish","has-post-thumbnail","hentry"],"_links":{"self":[{"href":"https:\/\/www.altamareabeachvillage.it\/fr\/wp-json\/wp\/v2\/pages\/3848","targetHints":{"allow":["GET"]}}],"collection":[{"href":"https:\/\/www.altamareabeachvillage.it\/fr\/wp-json\/wp\/v2\/pages"}],"about":[{"href":"https:\/\/www.altamareabeachvillage.it\/fr\/wp-json\/wp\/v2\/types\/page"}],"author":[{"embeddable":true,"href":"https:\/\/www.altamareabeachvillage.it\/fr\/wp-json\/wp\/v2\/users\/3"}],"replies":[{"embeddable":true,"href":"https:\/\/www.altamareabeachvillage.it\/fr\/wp-json\/wp\/v2\/comments?post=3848"}],"version-history":[{"count":14,"href":"https:\/\/www.altamareabeachvillage.it\/fr\/wp-json\/wp\/v2\/pages\/3848\/revisions"}],"predecessor-version":[{"id":6334,"href":"https:\/\/www.altamareabeachvillage.it\/fr\/wp-json\/wp\/v2\/pages\/3848\/revisions\/6334"}],"wp:featuredmedia":[{"embeddable":true,"href":"https:\/\/www.altamareabeachvillage.it\/fr\/wp-json\/wp\/v2\/media\/5200"}],"wp:attachment":[{"href":"https:\/\/www.altamareabeachvillage.it\/fr\/wp-json\/wp\/v2\/media?parent=3848"}],"curies":[{"name":"wp","href":"https:\/\/api.w.org\/{rel}","templated":true}]}}