{"id":5888,"date":"2026-02-21T20:16:41","date_gmt":"2026-02-21T19:16:41","guid":{"rendered":"https:\/\/www.altamareabeachvillage.it\/?page_id=5888"},"modified":"2026-02-21T21:25:56","modified_gmt":"2026-02-21T20:25:56","slug":"home-altamarea-it","status":"publish","type":"page","link":"https:\/\/www.altamareabeachvillage.it\/fr\/","title":{"rendered":"Home Altamarea IT"},"content":{"rendered":"<div class=\"wpb-content-wrapper\"><p>[vc_row layout=\u00a0\u00bbboxed\u00a0\u00bb video_link=\u00a0\u00bb\u00a0\u00bb el_class=\u00a0\u00bbmargin-bottom-40&Prime;][vc_column][rev_slider_vc alias=\u00a0\u00bbhome-classic-02&Prime;][\/vc_column][\/vc_row][vc_row][vc_column width=\u00a0\u00bb1\/3&Prime;][vc_video link=\u00a0\u00bbhttps:\/\/www.youtube.com\/watch?v=vZnYH6D9icU\u00a0\u00bb css=\u00a0\u00bb.vc_custom_1769553193184{padding-bottom: 20px !important;}\u00a0\u00bb][vc_basic_grid post_type=\u00a0\u00bbpage\u00a0\u00bb max_items=\u00a0\u00bb1&Prime; element_width=\u00a0\u00bb12&Prime; orderby=\u00a0\u00bbmenu_order\u00a0\u00bb order=\u00a0\u00bbASC\u00a0\u00bb css=\u00a0\u00bb\u00a0\u00bb grid_id=\u00a0\u00bbvc_gid:1771705507451-735e54d9-bdff-8&Prime;][\/vc_column][vc_column width=\u00a0\u00bb1\/3&Prime;][vc_basic_grid post_type=\u00a0\u00bbpage\u00a0\u00bb max_items=\u00a0\u00bb1&Prime; element_width=\u00a0\u00bb12&Prime; orderby=\u00a0\u00bbmenu_order\u00a0\u00bb order=\u00a0\u00bbASC\u00a0\u00bb css=\u00a0\u00bb\u00a0\u00bb grid_id=\u00a0\u00bbvc_gid:1771705507452-01c3c3c3-a20f-0&Prime; offset=\u00a0\u00bb1&Prime;][\/vc_column][vc_column width=\u00a0\u00bb1\/3&Prime;][vc_basic_grid post_type=\u00a0\u00bbpage\u00a0\u00bb max_items=\u00a0\u00bb1&Prime; element_width=\u00a0\u00bb12&Prime; orderby=\u00a0\u00bbmenu_order\u00a0\u00bb order=\u00a0\u00bbASC\u00a0\u00bb css=\u00a0\u00bb\u00a0\u00bb grid_id=\u00a0\u00bbvc_gid:1771705507452-5b5b072f-9d84-6&Prime; offset=\u00a0\u00bb2&Prime;][vc_single_image image=\u00a0\u00bb5662&Prime; img_size=\u00a0\u00bblarge\u00a0\u00bb css=\u00a0\u00bb\u00a0\u00bb][\/vc_column][\/vc_row][vc_row][vc_column width=\u00a0\u00bb1\/12&Prime;][vc_column_text]\u00a0[\/vc_column_text][\/vc_column][vc_column width=\u00a0\u00bb10\/12&Prime;]            <div class=\"wolverine-call-action style2  \" >\n                                <div class=\"row\">\n                    <div class=\"col-md-9 col-sm-12 col-xs-12 wolverine-call-action-left\">\n                        <div class=\"content-middle\">\n                            <div class=\"content-middle-inner\">\n                                <h6>CALCULEZ VOTRE DEVIS PERSONNALIS\u00c9<\/h6>\n                            <\/div>\n                        <\/div>\n                    <\/div>\n                    <div class=\"col-md-3 col-sm-12 col-xs-12 wolverine-call-action-right\">\n                        <div class=\"content-middle\">\n                            <div class=\"content-middle-inner\">\n                                <a class=\"wolverine-button button-2x\" href=\"https:\/\/www.altamareabeachvillage.it\/fr\/calcola-il-tuo-preventivo\/\" target=\"_self\">Calcule<\/a>\n                            <\/div>\n                        <\/div>\n                    <\/div>\n                <\/div>\n                            <\/div>\n                        <div class=\"wolverine-call-action style2  \" >\n                                <div class=\"row\">\n                    <div class=\"col-md-9 col-sm-12 col-xs-12 wolverine-call-action-left\">\n                        <div class=\"content-middle\">\n                            <div class=\"content-middle-inner\">\n                                <h6>Pour recevoir un devis pour un h\u00e9bergement h\u00f4telier<\/h6>\n                            <\/div>\n                        <\/div>\n                    <\/div>\n                    <div class=\"col-md-3 col-sm-12 col-xs-12 wolverine-call-action-right\">\n                        <div class=\"content-middle\">\n                            <div class=\"content-middle-inner\">\n                                <a class=\"wolverine-button button-2x\" href=\"https:\/\/www.altamareabeachvillage.it\/fr\/ricerca-hotel\/\" target=\"_self\">OFFRES H\u00d4TELI\u00c8RES \u00c0 CATTOLICA<\/a>\n                            <\/div>\n                        <\/div>\n                    <\/div>\n                <\/div>\n                            <\/div>\n            [vc_empty_space height=\u00a0\u00bb20px\u00a0\u00bb][\/vc_column][vc_column width=\u00a0\u00bb1\/12&Prime;][\/vc_column][\/vc_row][vc_row video_link=\u00a0\u00bb\u00a0\u00bb][vc_column width=\u00a0\u00bb1\/3&Prime;][vc_column_text css=\u00a0\u00bb\u00a0\u00bb]<\/p>\n<h3>Bau Beach<\/h3>\n<p><img decoding=\"async\" class=\"aligncenter\" src=\"https:\/\/legacy.altamareabeachvillage.it\/i\/crops\/280\/157\/blocks\/7\/bau%20beach%20logo%20web.jpg\" \/><\/p>\n<p>\u00c0 Altamarea, nous avons am\u00e9nag\u00e9 un espace avec parasols et transats pour accueillir nos clients accompagn\u00e9s de leurs chiens.<\/p>\n<p>NOUVEAU ! D\u00e9couvrez comment vous baigner en mer avec votre chien !<\/p>\n<p><a href=\"https:\/\/www.altamareabeachvillage.it\/fr\/bau-beach\/\">Continua&#8230;<\/a>[\/vc_column_text][vc_column_text css=\u00a0\u00bb\u00a0\u00bb][\/vc_column_text][vc_row_inner][vc_column_inner width=\u00a0\u00bb1\/4&Prime;][vc_icon css=\u00a0\u00bb\u00a0\u00bb icon_wolverine=\u00a0\u00bbwicon icon-download\u00a0\u00bb][\/vc_column_inner][vc_column_inner width=\u00a0\u00bb3\/4&Prime;][vc_column_text css=\u00a0\u00bb\u00a0\u00bb]<\/p>\n<ul>\n<li><a href=\"https:\/\/www.altamareabeachvillage.it\/wp-content\/uploads\/2026\/01\/comportamentocani2.pdf\">Regolamento<\/a><\/li>\n<li><a style=\"background-color: #ffffff;\" href=\"https:\/\/www.altamareabeachvillage.it\/wp-content\/uploads\/2026\/01\/dichiarazionecani2.pdf\">Scheda veterinaria<\/a><\/li>\n<li><a style=\"background-color: #ffffff;\" href=\"https:\/\/www.altamareabeachvillage.it\/wp-content\/uploads\/2026\/01\/INFORMATIVA-PRIVACY-ALTAMAREA-CATTOLICA.pdf\">INFO PRIVACY<\/a><\/li>\n<\/ul>\n<p>[\/vc_column_text][\/vc_column_inner][\/vc_row_inner][vc_column_text css=\u00a0\u00bb\u00a0\u00bb]<\/p>\n<h3>Webcam<\/h3>\n<p>\t\t<img decoding=\"async\" style=\"margin: 0\" width=\"\" src=\"https:\/\/legacy.altamareabeachvillage.it\/webcam\/webcam\/1\/192.168.10.81_01_20260413150300858_TIMING.jpg\" alt=\"Webcam Altamarea, piscina a Cattolica\" \/>\n\t\t\t<img decoding=\"async\" style=\"margin: 1em 0 0 0\" width=\"\" src=\"https:\/\/legacy.altamareabeachvillage.it\/webcam\/webcam\/3\/192.168.10.80_01_20260413150157037_TIMING.jpg\" alt=\"Webcam Altamarea, animazione turistica a Cattolica\" \/>\n<h3>Video<\/h3>\n<video controls>\n  <source src=\"https:\/\/legacy.altamareabeachvillage.it\/webcam\/2026\/04\/12\/out-1.mp4\" type=\"video\/mp4\">\nYour browser does not support the video tag.\n<\/video>\n\n<video controls>\n  <source src=\"https:\/\/legacy.altamareabeachvillage.it\/webcam\/2026\/04\/12\/out-3.mp4\" type=\"video\/mp4\">\nYour browser does not support the video tag.\n<\/video>\n\n\n\n[\/vc_column_text][\/vc_column][vc_column width=\u00a0\u00bb1\/3&Prime;][vc_column_text css=\u00a0\u00bb\u00a0\u00bb]<\/p>\n<h3>Eventi speciali<\/h3>\n<p><img decoding=\"async\" src=\"https:\/\/legacy.altamareabeachvillage.it\/i\/crops\/280\/157\/blocks\/12\/IMG_3573.jpg\" \/><\/p>\n<p>\u00c0 l&rsquo;\u00e9t\u00e9 prochain :)[\/vc_column_text][vc_empty_space][vc_cta h2=\u00a0\u00bbCertifications\u00a0\u00bb h4=\u00a0\u00bbVous trouverez ici toutes les certifications et r\u00e9compenses obtenues par Altamarea Beach Village.\u00a0\u00bb style=\u00a0\u00bboutline\u00a0\u00bb css=\u00a0\u00bb\u00a0\u00bb]<a href=\"https:\/\/www.altamareabeachvillage.it\/fr\/prix\/\"><img decoding=\"async\" class=\"aligncenter\" src=\"https:\/\/legacy.altamareabeachvillage.it\/i\/crops\/280\/120\/blocks\/22\/t%C3%A9l%C3%A9chargement%20(4).png\" \/><\/a>[\/vc_cta][vc_column_text css=\u00a0\u00bb\u00a0\u00bb]<\/p>\n<h3>Benessere<\/h3>\n<p><img decoding=\"async\" src=\"https:\/\/legacy.altamareabeachvillage.it\/i\/crops\/280\/157\/blocks\/13\/20170619_124252_web%20(1)%20(2).jpg\" \/><\/p>\n<p>Pour une d\u00e9tente absolue, plongez dans les bains \u00e0 remous ou laissez-vous envelopper par la douceur de l&rsquo;Oasis Bien-\u00eatre. (<a href=\"https:\/\/www.altamareabeachvillage.it\/fr\/servizi\/\">suite<\/a>)<\/p>\n<p>D\u00e9couvrez Shakti, l&rsquo;espace bien-\u00eatre con\u00e7u par Caterina, Nadia et Massimiliano, professionnels certifi\u00e9s en m\u00e9decines holistiques et traitements ayurv\u00e9diques. Massages, soins, r\u00e9flexologie. (suite)[\/vc_column_text][\/vc_column][vc_column width=\u00a0\u00bb1\/3&Prime;][vc_column_text css=\u00a0\u00bb\u00a0\u00bb]<\/p>\n<h3>Le journal d&rsquo;Od\u00e9phine<\/h3>\n<p>[\/vc_column_text][vc_basic_grid post_type=\u00a0\u00bbpost\u00a0\u00bb max_items=\u00a0\u00bb2&Prime; element_width=\u00a0\u00bb12&Prime; css=\u00a0\u00bb\u00a0\u00bb grid_id=\u00a0\u00bbvc_gid:1771705507454-5d10cc07-403e-5&Prime; taxonomies=\u00a0\u00bb52&Prime;][\/vc_column][\/vc_row]<\/p>\n<\/div>","protected":false},"excerpt":{"rendered":"<p>[vc_row layout=\u00a0\u00bbboxed\u00a0\u00bb video_link=\u00a0\u00bb\u00a0\u00bb el_class=\u00a0\u00bbmargin-bottom-40&Prime;][vc_column][rev_slider_vc alias=\u00a0\u00bbhome-classic-02&Prime;][\/vc_column][\/vc_row][vc_row][vc_column width=\u00a0\u00bb1\/3&Prime;][vc_video link=\u00a0\u00bbhttps:\/\/www.youtube.com\/watch?v=vZnYH6D9icU\u00a0\u00bb css=\u00a0\u00bb.vc_custom_1769553193184{padding-bottom: 20px !important;}\u00a0\u00bb][vc_basic_grid post_type=\u00a0\u00bbpage\u00a0\u00bb max_items=\u00a0\u00bb1&Prime; element_width=\u00a0\u00bb12&Prime; orderby=\u00a0\u00bbmenu_order\u00a0\u00bb order=\u00a0\u00bbASC\u00a0\u00bb css=\u00a0\u00bb\u00a0\u00bb grid_id=\u00a0\u00bbvc_gid:1771705507451-735e54d9-bdff-8&Prime;][\/vc_column][vc_column width=\u00a0\u00bb1\/3&Prime;][vc_basic_grid post_type=\u00a0\u00bbpage\u00a0\u00bb max_items=\u00a0\u00bb1&Prime; element_width=\u00a0\u00bb12&Prime; orderby=\u00a0\u00bbmenu_order\u00a0\u00bb order=\u00a0\u00bbASC\u00a0\u00bb css=\u00a0\u00bb\u00a0\u00bb grid_id=\u00a0\u00bbvc_gid:1771705507452-01c3c3c3-a20f-0&Prime; offset=\u00a0\u00bb1&Prime;][\/vc_column][vc_column width=\u00a0\u00bb1\/3&Prime;][vc_basic_grid post_type=\u00a0\u00bbpage\u00a0\u00bb max_items=\u00a0\u00bb1&Prime; element_width=\u00a0\u00bb12&Prime; orderby=\u00a0\u00bbmenu_order\u00a0\u00bb order=\u00a0\u00bbASC\u00a0\u00bb css=\u00a0\u00bb\u00a0\u00bb grid_id=\u00a0\u00bbvc_gid:1771705507452-5b5b072f-9d84-6&Prime; offset=\u00a0\u00bb2&Prime;][vc_single_image image=\u00a0\u00bb5662&Prime; img_size=\u00a0\u00bblarge\u00a0\u00bb css=\u00a0\u00bb\u00a0\u00bb][\/vc_column][\/vc_row][vc_row][vc_column width=\u00a0\u00bb1\/12&Prime;][vc_column_text]\u00a0[\/vc_column_text][\/vc_column][vc_column width=\u00a0\u00bb10\/12&Prime;][vc_empty_space height=\u00a0\u00bb20px\u00a0\u00bb][\/vc_column][vc_column width=\u00a0\u00bb1\/12&Prime;][\/vc_column][\/vc_row][vc_row video_link=\u00a0\u00bb\u00a0\u00bb][vc_column width=\u00a0\u00bb1\/3&Prime;][vc_column_text css=\u00a0\u00bb\u00a0\u00bb] Bau Beach \u00c0 Altamarea, nous avons am\u00e9nag\u00e9 un espace avec [&hellip;]<\/p>\n","protected":false},"author":2,"featured_media":5889,"parent":0,"menu_order":47,"comment_status":"closed","ping_status":"closed","template":"","meta":{"powered_cache_disable_cache":false,"footnotes":""},"class_list":["post-5888","page","type-page","status-publish","has-post-thumbnail","hentry"],"_links":{"self":[{"href":"https:\/\/www.altamareabeachvillage.it\/fr\/wp-json\/wp\/v2\/pages\/5888","targetHints":{"allow":["GET"]}}],"collection":[{"href":"https:\/\/www.altamareabeachvillage.it\/fr\/wp-json\/wp\/v2\/pages"}],"about":[{"href":"https:\/\/www.altamareabeachvillage.it\/fr\/wp-json\/wp\/v2\/types\/page"}],"author":[{"embeddable":true,"href":"https:\/\/www.altamareabeachvillage.it\/fr\/wp-json\/wp\/v2\/users\/2"}],"replies":[{"embeddable":true,"href":"https:\/\/www.altamareabeachvillage.it\/fr\/wp-json\/wp\/v2\/comments?post=5888"}],"version-history":[{"count":7,"href":"https:\/\/www.altamareabeachvillage.it\/fr\/wp-json\/wp\/v2\/pages\/5888\/revisions"}],"predecessor-version":[{"id":5995,"href":"https:\/\/www.altamareabeachvillage.it\/fr\/wp-json\/wp\/v2\/pages\/5888\/revisions\/5995"}],"wp:featuredmedia":[{"embeddable":true,"href":"https:\/\/www.altamareabeachvillage.it\/fr\/wp-json\/wp\/v2\/media\/5889"}],"wp:attachment":[{"href":"https:\/\/www.altamareabeachvillage.it\/fr\/wp-json\/wp\/v2\/media?parent=5888"}],"curies":[{"name":"wp","href":"https:\/\/api.w.org\/{rel}","templated":true}]}}