{"id":5901,"date":"2026-02-21T20:25:45","date_gmt":"2026-02-21T19:25:45","guid":{"rendered":"https:\/\/www.altamareabeachvillage.it\/?page_id=5901"},"modified":"2026-02-21T21:28:49","modified_gmt":"2026-02-21T20:28:49","slug":"prix","status":"publish","type":"page","link":"https:\/\/www.altamareabeachvillage.it\/fr\/prix\/","title":{"rendered":"Prix"},"content":{"rendered":"<div class=\"wpb-content-wrapper\"><p>[vc_row][vc_column][vc_column_text css=\u00a0\u00bb\u00a0\u00bb]Gr\u00e2ce \u00e0 la qualit\u00e9 de son engagement et \u00e0 son travail constant en faveur du service et de l\u2019accueil, l\u2019Altamarea Beach Village a re\u00e7u au fil des ann\u00e9es d\u2019importantes certifications et distinctions. Ces r\u00e9compenses t\u00e9moignent des efforts d\u00e9ploy\u00e9s pour offrir \u00e0 tous ses h\u00f4tes une exp\u00e9rience baln\u00e9aire de haute qualit\u00e9.[\/vc_column_text][vc_empty_space][\/vc_column][vc_column width=\u00a0\u00bb1\/2&Prime;][vc_single_image image=\u00a0\u00bb5700&Prime; img_size=\u00a0\u00bblarge\u00a0\u00bb css=\u00a0\u00bb\u00a0\u00bb title=\u00a0\u00bbCertification Uniter \u2013 \u00c9galit\u00e9 des genres\u00a0\u00bb][\/vc_column][vc_column width=\u00a0\u00bb1\/2&Prime;][vc_single_image image=\u00a0\u00bb5713&Prime; img_size=\u00a0\u00bblarge\u00a0\u00bb css=\u00a0\u00bb\u00a0\u00bb title=\u00a0\u00bbCertification du syst\u00e8me de gestion\u00a0\u00bb][vc_column_text css=\u00a0\u00bb\u00a0\u00bb]<\/p>\n<p data-start=\"4114\" data-end=\"4648\">Cette certification, d\u00e9livr\u00e9e par l\u2019Institut Giordano, surveille les services de gestion de plage et reconna\u00eet un syst\u00e8me conforme \u00e0 la norme UNI ISO 13009:2018.<br data-start=\"4317\" data-end=\"4320\" \/>L\u2019Institut Giordano pr\u00e9cise :<br data-start=\"4349\" data-end=\"4352\" \/>\u00ab Les exigences et recommandations qu\u2019elle contient concernent \u00e0 la fois les services offerts et les processus de soutien visant \u00e0 garantir la qualit\u00e9 des prestations fournies aux clients (par exemple, le nettoyage et l\u2019entretien, la communication, l\u2019\u00e9valuation de la satisfaction des clients). \u00bb<\/p>\n<p>[\/vc_column_text][\/vc_column][\/vc_row][vc_row][vc_column][vc_empty_space][\/vc_column][\/vc_row][vc_row][vc_column width=\u00a0\u00bb1\/2&Prime;][vc_single_image image=\u00a0\u00bb5709&Prime; img_size=\u00a0\u00bblarge\u00a0\u00bb css=\u00a0\u00bb\u00a0\u00bb title=\u00a0\u00bbDog In Dog Out\u00a0\u00bb][vc_column_text css=\u00a0\u00bb\u00a0\u00bb]<\/p>\n<p data-start=\"4650\" data-end=\"5141\">Sur leur site, ils expliquent : \u00ab Depuis 2021, Dog In Dog Out propose un service cl\u00e9s en main aux entreprises du secteur de l\u2019h\u00f4tellerie qui souhaitent se positionner sur le march\u00e9 comme leaders de l\u2019accueil canin. [&#8230;] Il ne suffit PLUS de dire qu\u2019on est dog-friendly, il faut l\u2019\u00eatre r\u00e9ellement, \u00e0 travers des protocoles d\u2019accueil op\u00e9rationnels, la formation du personnel, des strat\u00e9gies de fid\u00e9lisation et des interventions structurelles sur mesure. \u00bb<\/p>\n<p data-start=\"5143\" data-end=\"5515\">L\u2019Altamarea Beach Village est la seule\u00a0<em data-start=\"5182\" data-end=\"5193\">Bau Beach<\/em>\u00a0de Cattolica o\u00f9 les chiens peuvent se baigner en mer. Les h\u00f4tes accompagn\u00e9s de leurs chiens sont accueillis dans un espace VIP s\u00fbr et confortable avec parasols, transats, point d\u2019eau, gamelles et douches. \u00c0 quelques m\u00e8tres de la plage se trouve le\u00a0<em data-start=\"5442\" data-end=\"5454\">Bau Garden<\/em>, un jardin ombrag\u00e9 o\u00f9 les chiens peuvent \u00e9voluer en libert\u00e9.<\/p>\n<p>[\/vc_column_text][\/vc_column][vc_column width=\u00a0\u00bb1\/2&Prime;][vc_single_image image=\u00a0\u00bb5705&Prime; img_size=\u00a0\u00bblarge\u00a0\u00bb css=\u00a0\u00bb\u00a0\u00bb title=\u00a0\u00bbGUIDE DES MEILLEURS BEACH CLUBS D\u2019ITALIE\u00a0\u00bb][vc_column_text css=\u00a0\u00bb\u00a0\u00bb]<\/p>\n<p data-start=\"1558\" data-end=\"2030\">\u00ab Cette s\u00e9lection est le fruit d\u2019un voyage de plus de neuf mille kilom\u00e8tres le long de toute la c\u00f4te italienne, \u00e0 travers cinq mers et quinze r\u00e9gions \u2013 pour un total de 300 \u00e9tablissements repr\u00e9sentant le meilleur de l\u2019offre dans chaque domaine.<br data-start=\"1849\" data-end=\"1852\" \/>Chaque structure a \u00e9t\u00e9 \u00e9valu\u00e9e sur 100 points, selon des crit\u00e8res rigoureux : emplacement, service, design, restauration, boissons et cocktails, ainsi que l\u2019ambiance ressentie. \u00bb<\/p>\n<p data-start=\"2032\" data-end=\"2256\">L\u2019Altamarea est la seule plage de Cattolica \u00e0 figurer dans le guide d\u2019Andrea Guolo et Tiziana Di Masi.<br data-start=\"2134\" data-end=\"2137\" \/>Le 29 juillet 2025, accompagn\u00e9s d\u2019Audit People, ils sont venus remettre en personne la plaque aux associ\u00e9s de la plage.<\/p>\n<p>[\/vc_column_text][\/vc_column][\/vc_row]<\/p>\n<\/div>","protected":false},"excerpt":{"rendered":"<p>[vc_row][vc_column][vc_column_text css=\u00a0\u00bb\u00a0\u00bb]Gr\u00e2ce \u00e0 la qualit\u00e9 de son engagement et \u00e0 son travail constant en faveur du service et de l\u2019accueil, l\u2019Altamarea Beach Village a re\u00e7u au fil des ann\u00e9es d\u2019importantes certifications et distinctions. Ces r\u00e9compenses t\u00e9moignent des efforts d\u00e9ploy\u00e9s pour offrir \u00e0 tous ses h\u00f4tes une exp\u00e9rience baln\u00e9aire de haute qualit\u00e9.[\/vc_column_text][vc_empty_space][\/vc_column][vc_column width=\u00a0\u00bb1\/2&Prime;][vc_single_image image=\u00a0\u00bb5700&Prime; img_size=\u00a0\u00bblarge\u00a0\u00bb css=\u00a0\u00bb\u00a0\u00bb [&hellip;]<\/p>\n","protected":false},"author":2,"featured_media":0,"parent":0,"menu_order":4,"comment_status":"closed","ping_status":"closed","template":"","meta":{"powered_cache_disable_cache":false,"footnotes":""},"class_list":["post-5901","page","type-page","status-publish","hentry"],"_links":{"self":[{"href":"https:\/\/www.altamareabeachvillage.it\/fr\/wp-json\/wp\/v2\/pages\/5901","targetHints":{"allow":["GET"]}}],"collection":[{"href":"https:\/\/www.altamareabeachvillage.it\/fr\/wp-json\/wp\/v2\/pages"}],"about":[{"href":"https:\/\/www.altamareabeachvillage.it\/fr\/wp-json\/wp\/v2\/types\/page"}],"author":[{"embeddable":true,"href":"https:\/\/www.altamareabeachvillage.it\/fr\/wp-json\/wp\/v2\/users\/2"}],"replies":[{"embeddable":true,"href":"https:\/\/www.altamareabeachvillage.it\/fr\/wp-json\/wp\/v2\/comments?post=5901"}],"version-history":[{"count":6,"href":"https:\/\/www.altamareabeachvillage.it\/fr\/wp-json\/wp\/v2\/pages\/5901\/revisions"}],"predecessor-version":[{"id":5997,"href":"https:\/\/www.altamareabeachvillage.it\/fr\/wp-json\/wp\/v2\/pages\/5901\/revisions\/5997"}],"wp:attachment":[{"href":"https:\/\/www.altamareabeachvillage.it\/fr\/wp-json\/wp\/v2\/media?parent=5901"}],"curies":[{"name":"wp","href":"https:\/\/api.w.org\/{rel}","templated":true}]}}